{"id":9968,"date":"2019-09-21T15:53:41","date_gmt":"2019-09-21T13:53:41","guid":{"rendered":"http:\/\/www.ateliersgeeks.com\/?page_id=9968"},"modified":"2025-11-12T21:38:35","modified_gmt":"2025-11-12T20:38:35","slug":"pre-inscriptions-ateliers-reguliers","status":"publish","type":"page","link":"https:\/\/www.ateliersgeeks.com\/?page_id=9968","title":{"rendered":"INSCRIPTIONS ATELIERS R\u00c9GULIERS"},"content":{"rendered":"\n<style type=\"text\/css\" data-created_by=\"avia_inline_auto\" id=\"style-css-av-1emo7m8-1bff2e261d89154a443adf75b2da25e6\">\n.flex_column.av-1emo7m8-1bff2e261d89154a443adf75b2da25e6{\nborder-radius:0px 0px 0px 0px;\npadding:0px 0px 0px 0px;\n}\n<\/style>\n<div  class='flex_column av-1emo7m8-1bff2e261d89154a443adf75b2da25e6 av_one_full  avia-builder-el-0  el_before_av_one_fifth  avia-builder-el-first  first flex_column_div av-zero-column-padding  '     ><style type=\"text\/css\" data-created_by=\"avia_inline_auto\" id=\"style-css-av-libfu5y1-ac4c724cbd1dad37ba9fd8e6a6450ab3\">\n#top .av-special-heading.av-libfu5y1-ac4c724cbd1dad37ba9fd8e6a6450ab3{\npadding-bottom:0;\n}\nbody .av-special-heading.av-libfu5y1-ac4c724cbd1dad37ba9fd8e6a6450ab3 .av-special-heading-tag .heading-char{\nfont-size:25px;\n}\n.av-special-heading.av-libfu5y1-ac4c724cbd1dad37ba9fd8e6a6450ab3 .av-subheading{\nfont-size:20px;\n}\n<\/style>\n<div  class='av-special-heading av-libfu5y1-ac4c724cbd1dad37ba9fd8e6a6450ab3 av-special-heading-h1 blockquote modern-quote modern-centered  avia-builder-el-1  avia-builder-el-no-sibling  av-linked-heading'><h1 class='av-special-heading-tag '  itemprop=\"headline\"  ><a class=\"av-heading-link\" href=\"http:\/\/www.ateliersgeeks.com\/?page_id=18143\" >Ateliers r\u00e9guliers 2025\/2026<\/a><\/h1><div class=\"special-heading-border\"><div class=\"special-heading-inner-border\"><\/div><\/div><\/div><\/div>\n\n<style type=\"text\/css\" data-created_by=\"avia_inline_auto\" id=\"style-css-av-1d7tku8-7118511d44187a28a3726e949a3d7694\">\n.flex_column.av-1d7tku8-7118511d44187a28a3726e949a3d7694{\nborder-radius:0px 0px 0px 0px;\npadding:0px 0px 0px 0px;\n}\n<\/style>\n<div  class='flex_column av-1d7tku8-7118511d44187a28a3726e949a3d7694 av_one_fifth  avia-builder-el-2  el_after_av_one_full  el_before_av_three_fifth  first av-break-at-tablet flex_column_div av-hide-on-mobile av-zero-column-padding  column-top-margin'     ><\/div>\n\n<style type=\"text\/css\" data-created_by=\"avia_inline_auto\" id=\"style-css-av-4pj6hc-daac25665e53ba94bef75e74d9d6ad6d\">\n.flex_column.av-4pj6hc-daac25665e53ba94bef75e74d9d6ad6d{\nborder-radius:0px 0px 0px 0px;\npadding:0px 0px 0px 0px;\n}\n<\/style>\n<div  class='flex_column av-4pj6hc-daac25665e53ba94bef75e74d9d6ad6d av_three_fifth  avia-builder-el-3  el_after_av_one_fifth  el_before_av_one_fifth  av-break-at-tablet flex_column_div av-zero-column-padding  column-top-margin'     ><p>\n<style type=\"text\/css\" data-created_by=\"avia_inline_auto\" id=\"style-css-av-1yd08w-01da7591b6dcf24aa4422fff0c723113\">\n#top .hr.hr-invisible.av-1yd08w-01da7591b6dcf24aa4422fff0c723113{\nheight:40px;\n}\n<\/style>\n<div  class='hr av-1yd08w-01da7591b6dcf24aa4422fff0c723113 hr-invisible  avia-builder-el-4  el_before_av_textblock  avia-builder-el-first '><span class='hr-inner '><span class=\"hr-inner-style\"><\/span><\/span><\/div><br \/>\n<section  class='av_textblock_section av-libgcpf5-be0473731e37706beada0a680dd8f1ab '   itemscope=\"itemscope\" itemtype=\"https:\/\/schema.org\/CreativeWork\" ><div class='avia_textblock'  itemprop=\"text\" ><h2>INSCRIPTIONS 2025\/2026<\/h2>\n<p>Toutes les infos sur la <a href=\"https:\/\/www.ateliersgeeks.com\/?p=20307\">page d\u00e9di\u00e9e aux Ateliers 2025\/2026<\/a>.<\/p>\n<\/div><\/section><br \/>\n<div  class='avia-button-wrap avia-button-center  avia-builder-el-6  el_after_av_textblock  el_before_av_hr '>\n<style type=\"text\/css\" data-created_by=\"avia_inline_auto\" id=\"style-css-av-mfdp88wi-e65a4258a58e56b52208ab4ad504172e\">\n#top #wrap_all .avia-button.av-mfdp88wi-e65a4258a58e56b52208ab4ad504172e:hover{\ncolor:white;\ntransition:all 0.4s ease-in-out;\n}\n#top #wrap_all .avia-button.av-mfdp88wi-e65a4258a58e56b52208ab4ad504172e:hover .avia-svg-icon svg:first-child{\nfill:white;\nstroke:white;\n}\n<\/style>\n<a href='https:\/\/www.helloasso.com\/associations\/ateliers-geeks\/evenements\/ateliers-reguliers-2025-2026' class='avia-color-theme-color avia-font-color-theme-color avia-button avia-button-fullwidth av-mfdp88wi-e65a4258a58e56b52208ab4ad504172e avia-icon_select-no avia-color-theme-color'   aria-label=\"S\u2019INSCRIRE SUR HELLOASSO\"><span class='avia_iconbox_title' >S\u2019INSCRIRE SUR HELLOASSO<\/span><span class='avia_button_background avia-button avia-button-fullwidth avia-color-theme-color-highlight'><\/span><\/a><\/div><br \/>\n\n<style type=\"text\/css\" data-created_by=\"avia_inline_auto\" id=\"style-css-av-n5jow-e6b26508a325da004a39cc6352147dd6\">\n#top .hr.hr-invisible.av-n5jow-e6b26508a325da004a39cc6352147dd6{\nheight:30px;\n}\n<\/style>\n<div  class='hr av-n5jow-e6b26508a325da004a39cc6352147dd6 hr-invisible  avia-builder-el-7  el_after_av_button_big  el_before_av_contact  avia-builder-el-first '><span class='hr-inner '><span class=\"hr-inner-style\"><\/span><\/span><\/div><br \/>\n<form action=\"https:\/\/www.ateliersgeeks.com\/?page_id=9968\" method=\"post\" data-fields-with-error=\"Erreurs trouv\u00e9es dans les champs suivants :\" class=\"avia_ajax_form av-form-labels-visible   avia-builder-el-8  el_after_av_hr  el_before_av_hr   \" data-avia-form-id=\"1\" data-avia-redirect='' ><h3 class=''>Pr\u00e9-inscription et S\u00e9ances d\u2019essai<\/h3><fieldset><div id='avia_1_1' class='av-form-text'><p>\nSi vous souhaitez faire une s\u00e9ance d&rsquo;essai ou que vous avez besoin de plus d&rsquo;informations avant de vous engager, vous pouvez effectuer une pr\u00e9-inscription en remplissant le formulaire ci-dessous. Les cr\u00e9neaux complets n&rsquo;apparaissent plus dans ce formulaire.<\/p>\n<\/div><p class='  first_form  form_element form_fullwidth' id='element_avia_2_1'><label for=\"avia_2_1\">Adresse mail <abbr class=\"required\" title=\"requis(e)\">*<\/abbr><\/label> <input name=\"avia_2_1\" class=\"text_input is_email\" type=\"text\" id=\"avia_2_1\" value=\"\" \/><\/p><div id='avia_3_1' class='av-form-text'><p>\n<strong>V\u00e9rifiez bien votre adresse mail avant d\u2019envoyer le formulaire !<\/strong><\/p>\n<\/div><p class='  first_form  form_element form_element_half' id='element_avia_4_1'><label for=\"avia_4_1\">Nom du responsable <abbr class=\"required\" title=\"requis(e)\">*<\/abbr><\/label> <input name=\"avia_4_1\" class=\"text_input is_empty\" type=\"text\" id=\"avia_4_1\" value=\"\" \/><\/p><p class='  form_element form_element_half' id='element_avia_5_1'><label for=\"avia_5_1\">Pr\u00e9nom du responsable <abbr class=\"required\" title=\"requis(e)\">*<\/abbr><\/label> <input name=\"avia_5_1\" class=\"text_input is_empty\" type=\"text\" id=\"avia_5_1\" value=\"\" \/><\/p><p class='  first_form  form_element form_element_half' id='element_avia_6_1'><label for=\"avia_6_1\">Nom du participant <abbr class=\"required\" title=\"requis(e)\">*<\/abbr><\/label> <input name=\"avia_6_1\" class=\"text_input is_empty\" type=\"text\" id=\"avia_6_1\" value=\"\" \/><\/p><p class='  form_element form_element_half' id='element_avia_7_1'><label for=\"avia_7_1\">Pr\u00e9nom du participant <abbr class=\"required\" title=\"requis(e)\">*<\/abbr><\/label> <input name=\"avia_7_1\" class=\"text_input is_empty\" type=\"text\" id=\"avia_7_1\" value=\"\" \/><\/p><p class='  first_form  form_element form_element_half' id='element_avia_8_1'><label for=\"avia_8_1\">Date de naissance du participant <abbr class=\"required\" title=\"requis(e)\">*<\/abbr><\/label> <input name=\"avia_8_1\" class=\"text_input is_empty\" type=\"text\" id=\"avia_8_1\" value=\"\" \/><\/p><p class='  form_element form_element_half' id='element_avia_9_1'><label for=\"avia_9_1\">Code postal du domicile <abbr class=\"required\" title=\"requis(e)\">*<\/abbr><\/label> <input name=\"avia_9_1\" class=\"text_input is_empty\" type=\"text\" id=\"avia_9_1\" value=\"\" \/><\/p><p class='  first_form  form_element form_fullwidth' id='element_avia_10_1'><label for=\"avia_10_1\">Num\u00e9ro de t\u00e9l\u00e9phone <abbr class=\"required\" title=\"requis(e)\">*<\/abbr><\/label> <input name=\"avia_10_1\" class=\"text_input is_empty\" type=\"text\" id=\"avia_10_1\" value=\"\" \/><\/p><p class='  first_form  form_element form_fullwidth' id='element_avia_11_1'><input  name=\"avia_11_1\" class=\"input_checkbox \" type=\"checkbox\" id=\"avia_11_1\" value=\"true\"\/><label class=\"input_checkbox_label\" for=\"avia_11_1\">Mar 17h30-19h (8-11 ans) Studios 240, Cormeilles<\/label><\/p><p class='  first_form  form_element form_fullwidth' id='element_avia_12_1'><input  name=\"avia_12_1\" class=\"input_checkbox \" type=\"checkbox\" id=\"avia_12_1\" value=\"true\"\/><label class=\"input_checkbox_label\" for=\"avia_12_1\">Mer 10h30-12h (6-9 ans) 3 rue des Pr\u00e9bendes, Cormeilles<\/label><\/p><p class='  first_form  form_element form_fullwidth' id='element_avia_13_1'><input  name=\"avia_13_1\" class=\"input_checkbox \" type=\"checkbox\" id=\"avia_13_1\" value=\"true\"\/><label class=\"input_checkbox_label\" for=\"avia_13_1\">Mer 14h-15h30 (9-12 ans) 3 rue des Pr\u00e9bendes, Cormeilles<\/label><\/p><p class='  first_form  form_element form_fullwidth' id='element_avia_14_1'><input  name=\"avia_14_1\" class=\"input_checkbox \" type=\"checkbox\" id=\"avia_14_1\" value=\"true\"\/><label class=\"input_checkbox_label\" for=\"avia_14_1\">Sam 10h30-12h (7-10 ans) 3 rue des Pr\u00e9bendes, Cormeilles<\/label><\/p><div id='avia_15_1' class='av-form-text'><\/p>\n<hr \/>\n<h3>DES PR\u00c9CISIONS ?<\/h3>\n<p>\n<\/div><div id='avia_16_1' class='av-form-text'><p>\nPour toute\u00a0 pr\u00e9cision ou question, utilisez le champ ci-dessous.\u00a0 Si vous souhaitez inscrire une fratrie, merci de le pr\u00e9ciser ci-dessous et d&rsquo;indiquer les pr\u00e9noms et dates de naissance des participants ainsi que les cr\u00e9neaux auxquels ils souhaitent s&rsquo;inscrire.<\/p>\n<\/div><p class='  first_form  form_element form_fullwidth' id='element_avia_17_1'><label for=\"avia_17_1\" class=\"textare_label hidden textare_label_avia_17_1\"><\/label><textarea  name=\"avia_17_1\" class=\"text_area \" cols=\"40\" rows=\"7\" id=\"avia_17_1\" ><\/textarea><\/p><p class=\"hidden\"><input type=\"text\" name=\"avia_18_1\" class=\"hidden \" id=\"avia_18_1\" value=\"\" \/><\/p><div id='avia_19_1' class='av-recaptcha-area  first_form  form_element form_fullwidth '  data-container_class=\"\" data-custom_class=\"\" data-context=\"av_contact_form\" data-token_input=\"av_recaptcha_token\" data-version=\"avia_recaptcha_v2\" data-theme=\"light\" data-size=\"normal\" data-score=\"0.5\" data-text_to_preview=\"\" data-value=\"\"><div class=\"av-google-badge-message hidden\">Ce site est prot\u00e9g\u00e9 par reCAPTCHA et la <a href=\"https:\/\/policies.google.com\/privacy\">politique de confidentialit\u00e9<\/a> de Google et <a href=\"https:\/\/policies.google.com\/terms\">leur conditions d\u2019utilisation<\/a> s\u2019appliquent.<\/div><\/div><p class=\"form_element \"><input type=\"hidden\" value=\"1\" name=\"avia_generated_form1\" \/><input type=\"submit\" value=\"Valider\" class=\"button\"  data-sending-label=\"Envoi\"\/><\/p><\/fieldset><div class=\"avia-disabled-form\">Ce formulaire est d\u00e9sactiv\u00e9 dans la mesure o\u00f9 vous refusez d\u2019accepter le service Google reCAPTCHA n\u00e9cessaire pour valider toute exp\u00e9dition de message depuis celui-ci.<\/div><\/form><div id=\"ajaxresponse_1\" class=\"ajaxresponse ajaxresponse_1 hidden\"><\/div><br \/>\n\n<style type=\"text\/css\" data-created_by=\"avia_inline_auto\" id=\"style-css-av-2nczxs-d31147b32b470536002016d8a471b59a\">\n#top .hr.hr-invisible.av-2nczxs-d31147b32b470536002016d8a471b59a{\nheight:20px;\n}\n<\/style>\n<div  class='hr av-2nczxs-d31147b32b470536002016d8a471b59a hr-invisible  avia-builder-el-9  el_after_av_contact  avia-builder-el-last '><span class='hr-inner '><span class=\"hr-inner-style\"><\/span><\/span><\/div><\/p><\/div>\n<style type=\"text\/css\" data-created_by=\"avia_inline_auto\" id=\"style-css-av-3m97pc-13-6f035eb8eec94b72c9ef1c4d787cf7c0\">\n.flex_column.av-3m97pc-13-6f035eb8eec94b72c9ef1c4d787cf7c0{\nborder-radius:0px 0px 0px 0px;\npadding:0px 0px 0px 0px;\n}\n<\/style>\n<div  class='flex_column av-3m97pc-13-6f035eb8eec94b72c9ef1c4d787cf7c0 av_one_fifth  avia-builder-el-10  el_after_av_three_fifth  el_before_av_hr  av-break-at-tablet flex_column_div av-hide-on-mobile av-zero-column-padding  column-top-margin'     ><\/div><\/p>\n\n<style type=\"text\/css\" data-created_by=\"avia_inline_auto\" id=\"style-css-av-34qusw-992d8d387b686d77457c90e9649ca2e4\">\n#top .hr.hr-invisible.av-34qusw-992d8d387b686d77457c90e9649ca2e4{\nheight:10px;\n}\n<\/style>\n<div  class='hr av-34qusw-992d8d387b686d77457c90e9649ca2e4 hr-invisible  avia-builder-el-11  el_after_av_one_fifth  avia-builder-el-last '><span class='hr-inner '><span class=\"hr-inner-style\"><\/span><\/span><\/div>\n","protected":false},"excerpt":{"rendered":"","protected":false},"author":1,"featured_media":0,"parent":4802,"menu_order":2,"comment_status":"closed","ping_status":"closed","template":"","meta":{"footnotes":""},"class_list":["post-9968","page","type-page","status-publish","hentry"],"_links":{"self":[{"href":"https:\/\/www.ateliersgeeks.com\/index.php?rest_route=\/wp\/v2\/pages\/9968","targetHints":{"allow":["GET"]}}],"collection":[{"href":"https:\/\/www.ateliersgeeks.com\/index.php?rest_route=\/wp\/v2\/pages"}],"about":[{"href":"https:\/\/www.ateliersgeeks.com\/index.php?rest_route=\/wp\/v2\/types\/page"}],"author":[{"embeddable":true,"href":"https:\/\/www.ateliersgeeks.com\/index.php?rest_route=\/wp\/v2\/users\/1"}],"replies":[{"embeddable":true,"href":"https:\/\/www.ateliersgeeks.com\/index.php?rest_route=%2Fwp%2Fv2%2Fcomments&post=9968"}],"version-history":[{"count":5,"href":"https:\/\/www.ateliersgeeks.com\/index.php?rest_route=\/wp\/v2\/pages\/9968\/revisions"}],"predecessor-version":[{"id":20777,"href":"https:\/\/www.ateliersgeeks.com\/index.php?rest_route=\/wp\/v2\/pages\/9968\/revisions\/20777"}],"up":[{"embeddable":true,"href":"https:\/\/www.ateliersgeeks.com\/index.php?rest_route=\/wp\/v2\/pages\/4802"}],"wp:attachment":[{"href":"https:\/\/www.ateliersgeeks.com\/index.php?rest_route=%2Fwp%2Fv2%2Fmedia&parent=9968"}],"curies":[{"name":"wp","href":"https:\/\/api.w.org\/{rel}","templated":true}]}}