{"id":4012,"date":"2017-06-27T09:50:23","date_gmt":"2017-06-27T07:50:23","guid":{"rendered":"http:\/\/www.ateliersgeeks.com\/?page_id=4012"},"modified":"2026-03-20T22:18:24","modified_gmt":"2026-03-20T21:18:24","slug":"pre-inscription-vacances","status":"publish","type":"page","link":"https:\/\/www.ateliersgeeks.com\/?page_id=4012","title":{"rendered":"INSCRIPTIONS STAGES"},"content":{"rendered":"\n<style type=\"text\/css\" data-created_by=\"avia_inline_auto\" id=\"style-css-av-2j79jg-d32603c0b8141c270365d69aba242184\">\n#top .hr.hr-invisible.av-2j79jg-d32603c0b8141c270365d69aba242184{\nheight:10px;\n}\n<\/style>\n<div  class='hr av-2j79jg-d32603c0b8141c270365d69aba242184 hr-invisible  avia-builder-el-0  el_before_av_one_full  avia-builder-el-first '><span class='hr-inner '><span class=\"hr-inner-style\"><\/span><\/span><\/div>\n\n<style type=\"text\/css\" data-created_by=\"avia_inline_auto\" id=\"style-css-av-12okrbw-29264e77927ffb39275bfb15771e40fb\">\n.flex_column.av-12okrbw-29264e77927ffb39275bfb15771e40fb{\nborder-radius:0px 0px 0px 0px;\npadding:0px 0px 0px 0px;\n}\n<\/style>\n<div  class='flex_column av-12okrbw-29264e77927ffb39275bfb15771e40fb av_one_full  avia-builder-el-1  el_after_av_hr  el_before_av_one_fifth  first flex_column_div av-zero-column-padding  '     ><style type=\"text\/css\" data-created_by=\"avia_inline_auto\" id=\"style-css-av-lm99rtfg-c4aa532882e0f79f834deeac709332cc\">\n#top .av-special-heading.av-lm99rtfg-c4aa532882e0f79f834deeac709332cc{\npadding-bottom:0;\n}\nbody .av-special-heading.av-lm99rtfg-c4aa532882e0f79f834deeac709332cc .av-special-heading-tag .heading-char{\nfont-size:25px;\n}\n.av-special-heading.av-lm99rtfg-c4aa532882e0f79f834deeac709332cc .av-subheading{\nfont-size:20px;\n}\n<\/style>\n<div  class='av-special-heading av-lm99rtfg-c4aa532882e0f79f834deeac709332cc av-special-heading-h1 blockquote modern-quote modern-centered  avia-builder-el-2  avia-builder-el-no-sibling  av-linked-heading'><h1 class='av-special-heading-tag '  itemprop=\"headline\"  >Pr\u00e9-inscriptions au stage des vacances de printemps<\/h1><div class='av-subheading av-subheading_below'><p>Stage multi-activit\u00e9s num\u00e9riques et cr\u00e9atives pour enfants (d\u00e8s 8 ans) et ados (jusqu&rsquo;\u00e0 13 ans), du 20 au 24\/04\/2026 \u00e0 la salle de la Savoie, rond point du 8 mai \u00e0 Cormeilles.<\/p>\n<\/div><div class=\"special-heading-border\"><div class=\"special-heading-inner-border\"><\/div><\/div><\/div><\/div>\n\n<style type=\"text\/css\" data-created_by=\"avia_inline_auto\" id=\"style-css-av-48h74c-0b9e8a371439c6d6c9cd5419402637cf\">\n.flex_column.av-48h74c-0b9e8a371439c6d6c9cd5419402637cf{\nborder-radius:0px 0px 0px 0px;\npadding:0px 0px 0px 0px;\n}\n<\/style>\n<div  class='flex_column av-48h74c-0b9e8a371439c6d6c9cd5419402637cf av_one_fifth  avia-builder-el-3  el_after_av_one_full  el_before_av_three_fifth  first flex_column_div av-zero-column-padding  column-top-margin'     ><\/div>\n\n<style type=\"text\/css\" data-created_by=\"avia_inline_auto\" id=\"style-css-av-xophrg-e8db8e9f206e1fdf98380b59c3aa37dc\">\n.flex_column.av-xophrg-e8db8e9f206e1fdf98380b59c3aa37dc{\nborder-radius:0px 0px 0px 0px;\npadding:0px 0px 0px 0px;\n}\n<\/style>\n<div  class='flex_column av-xophrg-e8db8e9f206e1fdf98380b59c3aa37dc av_three_fifth  avia-builder-el-4  el_after_av_one_fifth  el_before_av_one_fifth  flex_column_div av-zero-column-padding  column-top-margin'     ><p><div  class='avia-button-wrap avia-button-center  avia-builder-el-5  el_before_av_hr  avia-builder-el-first '>\n<style type=\"text\/css\" data-created_by=\"avia_inline_auto\" id=\"style-css-av-mmzei8aa-b9793ac28ff99810b24fc457da6d7dc7\">\n#top #wrap_all .avia-button.av-mmzei8aa-b9793ac28ff99810b24fc457da6d7dc7:hover{\ncolor:white;\ntransition:all 0.4s ease-in-out;\n}\n#top #wrap_all .avia-button.av-mmzei8aa-b9793ac28ff99810b24fc457da6d7dc7:hover .avia-svg-icon svg:first-child{\nfill:white;\nstroke:white;\n}\n<\/style>\n<a href='https:\/\/www.helloasso.com\/associations\/ateliers-geeks\/evenements\/stage-vacances-printemps-2026' class='avia-color-theme-color avia-font-color-theme-color avia-button avia-button-fullwidth av-mmzei8aa-b9793ac28ff99810b24fc457da6d7dc7 avia-icon_select-no avia-color-theme-color'   aria-label=\"S\u2019inscrire et r\u00e9gler en ligne sur Helloasso\"><span class='avia_iconbox_title' >S\u2019inscrire et r\u00e9gler en ligne sur Helloasso<\/span><span class='avia_button_background avia-button avia-button-fullwidth avia-color-theme-color-highlight'><\/span><\/a><\/div><br \/>\n\n<style type=\"text\/css\" data-created_by=\"avia_inline_auto\" id=\"style-css-av-662cb0-7ed5e84dad9defdd9b14a52a8ac98657\">\n#top .hr.hr-invisible.av-662cb0-7ed5e84dad9defdd9b14a52a8ac98657{\nheight:20px;\n}\n<\/style>\n<div  class='hr av-662cb0-7ed5e84dad9defdd9b14a52a8ac98657 hr-invisible  avia-builder-el-6  el_after_av_button_big  el_before_av_contact  avia-builder-el-first '><span class='hr-inner '><span class=\"hr-inner-style\"><\/span><\/span><\/div><br \/>\n<form action=\"https:\/\/www.ateliersgeeks.com\/?page_id=4012\" method=\"post\" data-fields-with-error=\"Erreurs trouv\u00e9es dans les champs suivants :\" class=\"avia_ajax_form av-form-labels-visible   avia-builder-el-7  el_after_av_hr  el_before_av_hr   \" data-avia-form-id=\"1\" data-avia-redirect='' ><fieldset><div id='avia_1_1' class='av-form-text'><\/p>\n<hr \/>\n<h2>R\u00e9servation stage<\/h2>\n<p>Vous pouvez d\u00e9j\u00e0 vous pr\u00e9-inscrire pour le stage des vacances de printemps. Remplissez le formulaire ci-dessous. <strong>Nous confirmerons votre r\u00e9servation par retour d&rsquo;e-mail<\/strong> et vous enverrons les informations pour finaliser l&rsquo;inscription.<\/p>\n<p>Sans r\u00e9ponse de notre part sous 48h, v\u00e9rifiez votre dossier de courrier ind\u00e9sirable ou \u00e9crivez nous via le <a href=\"http:\/\/www.ateliersgeeks.com\/?page_id=4626\">formulaire de contact<\/a>.<\/p>\n<\/div><p class='  first_form  form_element form_fullwidth' id='element_avia_2_1'><label for=\"avia_2_1\">Adresse mail <abbr class=\"required\" title=\"requis(e)\">*<\/abbr><\/label> <input name=\"avia_2_1\" class=\"text_input is_ext_email\" type=\"text\" id=\"avia_2_1\" value=\"\" \/><\/p><div id='avia_3_1' class='av-form-text'><p>\n<strong>V\u00e9rifiez bien votre adresse mail avant d\u2019envoyer le formulaire !<\/strong><\/p>\n<\/div><p class='  first_form  form_element form_fullwidth' id='element_avia_4_1'><label for=\"avia_4_1\">Nom et pr\u00e9nom du responsable <abbr class=\"required\" title=\"requis(e)\">*<\/abbr><\/label> <input name=\"avia_4_1\" class=\"text_input is_empty\" type=\"text\" id=\"avia_4_1\" value=\"\" \/><\/p><p class='  first_form  form_element form_element_half' id='element_avia_5_1'><label for=\"avia_5_1\">T\u00e9l\u00e9phone <abbr class=\"required\" title=\"requis(e)\">*<\/abbr><\/label> <input name=\"avia_5_1\" class=\"text_input is_phone\" type=\"text\" id=\"avia_5_1\" value=\"\" \/><\/p><p class='  form_element form_element_half' id='element_avia_6_1'><label for=\"avia_6_1\">Ville <abbr class=\"required\" title=\"requis(e)\">*<\/abbr><\/label> <input name=\"avia_6_1\" class=\"text_input is_empty\" type=\"text\" id=\"avia_6_1\" value=\"\" \/><\/p><p class='  first_form  form_element form_fullwidth' id='element_avia_7_1'><label for=\"avia_7_1\">Nom et Pr\u00e9nom du participant <abbr class=\"required\" title=\"requis(e)\">*<\/abbr><\/label> <input name=\"avia_7_1\" class=\"text_input is_empty\" type=\"text\" id=\"avia_7_1\" value=\"\" \/><\/p><p class='  first_form  form_element form_element_half' id='element_avia_8_1'><label for=\"avia_8_1\">Date de naissance <abbr class=\"required\" title=\"requis(e)\">*<\/abbr><\/label> <input name=\"avia_8_1\" class=\"text_input is_empty\" type=\"text\" id=\"avia_8_1\" value=\"\" \/><\/p><p class='  first_form  form_element form_fullwidth' id='element_avia_9_1'><input  name=\"avia_9_1\" class=\"input_checkbox \" type=\"checkbox\" id=\"avia_9_1\" value=\"true\"\/><label class=\"input_checkbox_label\" for=\"avia_9_1\">Pr\u00e9-inscription au stage des vacances de printemps, du 20 au 24\/04, de 10h30 \u00e0 16h30 \u00e0 la salle de la Savoie, rond point du 8 mai \u00e0 Cormeilles (200 \u20ac pour 25h de stage et 30h d\u2019accueil).<\/label><\/p><div id='avia_10_1' class='av-form-text'><\/p>\n<hr \/>\n<h3>UN MESSAGE ? DES PR\u00c9CISIONS ?<\/h3>\n<p>\n<\/div><div id='avia_11_1' class='av-form-text'><p>\nSi vous souhaitez inscrire une fratrie, vous b\u00e9n\u00e9ficiez d&rsquo;un tarif r\u00e9duit. Merci de le pr\u00e9ciser ci-dessous et d&rsquo;indiquer les pr\u00e9noms et dates de naissance des participants ainsi que les activit\u00e9s auxquels ils souhaitent s&rsquo;inscrire. Pour toute autre demande ou question, utilisez \u00e9galement le champ ci-dessous.<\/p>\n<\/div><p class='  first_form  form_element form_fullwidth' id='element_avia_12_1'><label for=\"avia_12_1\" class=\"textare_label hidden textare_label_avia_12_1\"><\/label><textarea  name=\"avia_12_1\" class=\"text_area \" cols=\"40\" rows=\"7\" id=\"avia_12_1\" ><\/textarea><\/p><p class=\"hidden\"><input type=\"text\" name=\"avia_13_1\" class=\"hidden \" id=\"avia_13_1\" value=\"\" \/><\/p><div id='avia_14_1' class='av-recaptcha-area  first_form  form_element form_fullwidth '  data-container_class=\"\" data-custom_class=\"\" data-context=\"av_contact_form\" data-token_input=\"av_recaptcha_token\" data-version=\"avia_recaptcha_v2\" data-theme=\"light\" data-size=\"normal\" data-score=\"0.5\" data-text_to_preview=\"\" data-value=\"\"><div class=\"av-google-badge-message hidden\">Ce site est prot\u00e9g\u00e9 par reCAPTCHA et la <a href=\"https:\/\/policies.google.com\/privacy\">politique de confidentialit\u00e9<\/a> de Google et <a href=\"https:\/\/policies.google.com\/terms\">leur conditions d\u2019utilisation<\/a> s\u2019appliquent.<\/div><\/div><p class=\"form_element \"><input type=\"hidden\" value=\"1\" name=\"avia_generated_form1\" \/><input type=\"submit\" value=\"Valider\" class=\"button\"  data-sending-label=\"Envoi\"\/><\/p><\/fieldset><div class=\"avia-disabled-form\">Ce formulaire est d\u00e9sactiv\u00e9 dans la mesure o\u00f9 vous refusez d\u2019accepter le service Google reCAPTCHA n\u00e9cessaire pour valider toute exp\u00e9dition de message depuis celui-ci.<\/div><\/form><div id=\"ajaxresponse_1\" class=\"ajaxresponse ajaxresponse_1 hidden\"><\/div><br \/>\n\n<style type=\"text\/css\" data-created_by=\"avia_inline_auto\" id=\"style-css-av-9ha6h8-5c3996ff3402e97eb277e9c898e9312d\">\n#top .hr.hr-invisible.av-9ha6h8-5c3996ff3402e97eb277e9c898e9312d{\nheight:20px;\n}\n<\/style>\n<div  class='hr av-9ha6h8-5c3996ff3402e97eb277e9c898e9312d hr-invisible  avia-builder-el-8  el_after_av_contact  el_before_av_toggle_container '><span class='hr-inner '><span class=\"hr-inner-style\"><\/span><\/span><\/div><br \/>\n<div  class='togglecontainer av-6xourw-1eb611882b8aaf2a6605ad6975616add av-minimal-toggle  avia-builder-el-9  el_after_av_hr  avia-builder-el-last  toggle_close_all' >\n<section class='av_toggle_section av-k5tn0-7910ec3a764b8748339821ba52bf762b'  itemscope=\"itemscope\" itemtype=\"https:\/\/schema.org\/CreativeWork\" ><div role=\"tablist\" class=\"single_toggle\" data-tags=\"{Tout} \"  ><p id='toggle-toggle-id-1' data-fake-id='#toggle-id-1' class='toggler  av-title-above '  itemprop=\"headline\"  role='tab' tabindex='0' aria-controls='toggle-id-1' data-slide-speed=\"200\" data-title=\"PROTECTION DE VOS DONN\u00c9ES PERSONNELLES \" data-title-open=\"\" data-aria_collapsed=\"Cliquez pour \u00e9tendre : PROTECTION DE VOS DONN\u00c9ES PERSONNELLES \" data-aria_expanded=\"Cliquez pour r\u00e9duire : PROTECTION DE VOS DONN\u00c9ES PERSONNELLES \">PROTECTION DE VOS DONN\u00c9ES PERSONNELLES <span class=\"toggle_icon\"><span class=\"vert_icon\"><\/span><span class=\"hor_icon\"><\/span><\/span><\/p><div id='toggle-id-1' aria-labelledby='toggle-toggle-id-1' role='region' class='toggle_wrap  av-title-above'  ><div class='toggle_content invers-color '  itemprop=\"text\" ><p><strong>Les Ateliers Geeks ayant vocation \u00e0 \u00e9duquer aux usages des outils num\u00e9riques, la moindre des choses est de vous informer de mani\u00e8re simple et claire sur la protection de vos donn\u00e9es \ud83d\ude42<\/strong><\/p>\n<p><strong>DES DONN\u00c9ES PROT\u00c9G\u00c9ES<\/strong><br \/>\nConform\u00e9ment aux obligations du r\u00e8glement g\u00e9n\u00e9ral de protection des donn\u00e9es mais aussi \u00e0 nos principes, les donn\u00e9es personnelles que vous nous communiquez ne sont utilis\u00e9es que dans le cadre des services propos\u00e9s par l&rsquo;association Ateliers Geeks. Elles ne sauraient \u00eatre communiqu\u00e9es \u00e0 des tiers.<\/p>\n<p><strong>LIMIT\u00c9ES AU N\u00c9CESSAIRE<\/strong><br \/>\nSachez \u00e9galement que conform\u00e9ment \u00e0 l\u2019article 32 de la loi Informatique et libert\u00e9 n\u00b078-17 du 6 janvier 1978 modifi\u00e9e, les informations que vous communiquez par le biais des formulaires pr\u00e9sents sur ce site sont n\u00e9cessaires pour r\u00e9pondre \u00e0 votre demande.\u00a0 Elles sont destin\u00e9es \u00e0 Nathalie Lafargue, en tant que responsable de leur traitement \u00e0 des fins de gestion administrative des services utilis\u00e9s.<\/p>\n<p><strong>AVEC UN DROIT D&rsquo;ACC\u00c8S SUR SIMPLE DEMANDE<\/strong><br \/>\nVous disposez d\u2019un droit d\u2019acc\u00e8s qui vous permet de faire rectifier, compl\u00e9ter, mettre \u00e0 jour, r\u00e9cup\u00e9rer ou effacer vos donn\u00e9es personnelles : il vous suffit pour cela d&rsquo;adresser \u00e0 Nathalie Lafargue une demande par e-mail ou via le formulaire de contact.<\/p>\n<p><a href=\"http:\/\/www.ateliersgeeks.com\/?page_id=6016\" target=\"_blank\" rel=\"noopener\">En savoir plus<\/a><\/p>\n<\/div><\/div><\/div><\/section>\n<\/div><\/p><\/div>\n<style type=\"text\/css\" data-created_by=\"avia_inline_auto\" id=\"style-css-av-pawv7w-b6ac3ed03ec9c01470f1e5b2c29a5e32\">\n.flex_column.av-pawv7w-b6ac3ed03ec9c01470f1e5b2c29a5e32{\nborder-radius:0px 0px 0px 0px;\npadding:0px 0px 0px 0px;\n}\n<\/style>\n<div  class='flex_column av-pawv7w-b6ac3ed03ec9c01470f1e5b2c29a5e32 av_one_fifth  avia-builder-el-10  el_after_av_three_fifth  el_before_av_hr  flex_column_div av-zero-column-padding  column-top-margin'     ><\/div><\/p>\n\n<style type=\"text\/css\" data-created_by=\"avia_inline_auto\" id=\"style-css-av-ao698-5dadfce51694211eeb31925d2d0f09c9\">\n#top .hr.hr-invisible.av-ao698-5dadfce51694211eeb31925d2d0f09c9{\nheight:10px;\n}\n<\/style>\n<div  class='hr av-ao698-5dadfce51694211eeb31925d2d0f09c9 hr-invisible  avia-builder-el-11  el_after_av_one_fifth  avia-builder-el-last '><span class='hr-inner '><span class=\"hr-inner-style\"><\/span><\/span><\/div>\n","protected":false},"excerpt":{"rendered":"","protected":false},"author":1,"featured_media":0,"parent":4802,"menu_order":4,"comment_status":"closed","ping_status":"closed","template":"","meta":{"footnotes":""},"class_list":["post-4012","page","type-page","status-publish","hentry"],"_links":{"self":[{"href":"https:\/\/www.ateliersgeeks.com\/index.php?rest_route=\/wp\/v2\/pages\/4012","targetHints":{"allow":["GET"]}}],"collection":[{"href":"https:\/\/www.ateliersgeeks.com\/index.php?rest_route=\/wp\/v2\/pages"}],"about":[{"href":"https:\/\/www.ateliersgeeks.com\/index.php?rest_route=\/wp\/v2\/types\/page"}],"author":[{"embeddable":true,"href":"https:\/\/www.ateliersgeeks.com\/index.php?rest_route=\/wp\/v2\/users\/1"}],"replies":[{"embeddable":true,"href":"https:\/\/www.ateliersgeeks.com\/index.php?rest_route=%2Fwp%2Fv2%2Fcomments&post=4012"}],"version-history":[{"count":6,"href":"https:\/\/www.ateliersgeeks.com\/index.php?rest_route=\/wp\/v2\/pages\/4012\/revisions"}],"predecessor-version":[{"id":21171,"href":"https:\/\/www.ateliersgeeks.com\/index.php?rest_route=\/wp\/v2\/pages\/4012\/revisions\/21171"}],"up":[{"embeddable":true,"href":"https:\/\/www.ateliersgeeks.com\/index.php?rest_route=\/wp\/v2\/pages\/4802"}],"wp:attachment":[{"href":"https:\/\/www.ateliersgeeks.com\/index.php?rest_route=%2Fwp%2Fv2%2Fmedia&parent=4012"}],"curies":[{"name":"wp","href":"https:\/\/api.w.org\/{rel}","templated":true}]}}