{"id":18098,"date":"2023-08-19T17:45:50","date_gmt":"2023-08-19T15:45:50","guid":{"rendered":"http:\/\/www.ateliersgeeks.com\/?page_id=18098"},"modified":"2026-01-22T21:08:30","modified_gmt":"2026-01-22T20:08:30","slug":"ateliers-2023-2024","status":"publish","type":"page","link":"https:\/\/www.ateliersgeeks.com\/?page_id=18098","title":{"rendered":"ATELIERS 2023-2024"},"content":{"rendered":"\n<style type=\"text\/css\" data-created_by=\"avia_inline_auto\" id=\"style-css-av-lli72sqb-c68eab1c47966d5ff065d46cd44a4144\">\n#top .av-special-heading.av-lli72sqb-c68eab1c47966d5ff065d46cd44a4144{\npadding-bottom:0;\n}\nbody .av-special-heading.av-lli72sqb-c68eab1c47966d5ff065d46cd44a4144 .av-special-heading-tag .heading-char{\nfont-size:25px;\n}\n.av-special-heading.av-lli72sqb-c68eab1c47966d5ff065d46cd44a4144 .av-subheading{\nfont-size:18px;\n}\n<\/style>\n<div  class='av-special-heading av-lli72sqb-c68eab1c47966d5ff065d46cd44a4144 av-special-heading-h1 blockquote modern-quote modern-centered  avia-builder-el-0  el_before_av_hr  avia-builder-el-first  av-linked-heading'><h1 class='av-special-heading-tag '  itemprop=\"headline\"  >Tous les Stages 2023\/2024<\/h1><div class=\"special-heading-border\"><div class=\"special-heading-inner-border\"><\/div><\/div><\/div>\n\n<style type=\"text\/css\" data-created_by=\"avia_inline_auto\" id=\"style-css-av-27se5zm-3038aed14964a98b0add5e5b7525d6fe\">\n#top .hr.hr-invisible.av-27se5zm-3038aed14964a98b0add5e5b7525d6fe{\nheight:30px;\n}\n<\/style>\n<div  class='hr av-27se5zm-3038aed14964a98b0add5e5b7525d6fe hr-invisible  avia-builder-el-1  el_after_av_heading  el_before_av_one_fifth '><span class='hr-inner '><span class=\"hr-inner-style\"><\/span><\/span><\/div>\n\n<style type=\"text\/css\" data-created_by=\"avia_inline_auto\" id=\"style-css-av-1lybjzm-daf6ce00dcaba03bcb978383908f7f46\">\n.flex_column.av-1lybjzm-daf6ce00dcaba03bcb978383908f7f46{\nborder-radius:0px 0px 0px 0px;\npadding:0px 0px 0px 0px;\n}\n<\/style>\n<div  class='flex_column av-1lybjzm-daf6ce00dcaba03bcb978383908f7f46 av_one_fifth  avia-builder-el-2  el_after_av_hr  el_before_av_three_fifth  first flex_column_div av-zero-column-padding  '     ><\/div>\n\n<style type=\"text\/css\" data-created_by=\"avia_inline_auto\" id=\"style-css-av-1101hoy-42b00b8b60390cba1bd7ad8a28bf32c3\">\n.flex_column.av-1101hoy-42b00b8b60390cba1bd7ad8a28bf32c3{\nborder-radius:0px 0px 0px 0px;\npadding:0px 0px 0px 0px;\n}\n<\/style>\n<div  class='flex_column av-1101hoy-42b00b8b60390cba1bd7ad8a28bf32c3 av_three_fifth  avia-builder-el-3  el_after_av_one_fifth  el_before_av_one_fifth  flex_column_div av-zero-column-padding  '     ><div id='av-masonry-1' class='av-masonry av-lli73qtp-717915dede689446b775076d641cf208 noHover av-fixed-size av-large-gap av-hover-overlay- av-masonry-animation-active av-masonry-col-2 av-caption-on-hover-hide av-caption-style- av-masonry-entries ' data-post_id=\"18098\"><div class=\"av-masonry-container isotope av-js-disabled\"><div class='av-masonry-entry isotope-item av-masonry-item-no-image '><\/div><a href=\"https:\/\/www.ateliersgeeks.com\/?p=19285\"  id='av-masonry-1-item-19285' data-av-masonry-item='19285' class='av-masonry-entry isotope-item post-19285 post type-post status-publish format-standard has-post-thumbnail hentry category-2024-08-aout category-stages-vacances tag-stages2324 tag-stagesrecents  av-masonry-item-with-image' title=\"240826-StageVideoClip99x80\"   itemscope=\"itemscope\" itemtype=\"https:\/\/schema.org\/CreativeWork\" ><div class='av-inner-masonry-sizer'><\/div><figure class='av-inner-masonry main_color'><div class=\"av-masonry-outerimage-container\"><div class='av-masonry-image-container' style=\"background-image: url(https:\/\/www.ateliersgeeks.com\/wp-content\/uploads\/2024\/07\/240826-StageVideoClip99x80-705x570.jpg);\"  title=\"240826-StageVideoClip99x80\" ><\/div><\/div><figcaption class='av-inner-masonry-content site-background'><div class='av-inner-masonry-content-pos'><div class='av-inner-masonry-content-pos-content'><div class='avia-arrow'><\/div><h3 class='av-masonry-entry-title entry-title '  itemprop=\"headline\" >Stage Vid\u00e9oclip<\/h3><span class='av-masonry-date meta-color updated'>18 juillet 2024<\/span><span class=\"av-masonry-text-sep text-sep-author\">\/<\/span><span class='av-masonry-author meta-color author'><span class='fn'>par Nathalie Lafargue<\/span><\/span><\/div><\/div><\/figcaption><\/figure><\/a><!--end av-masonry entry--><a href=\"https:\/\/www.ateliersgeeks.com\/?p=18985\"  id='av-masonry-1-item-18985' data-av-masonry-item='18985' class='av-masonry-entry isotope-item post-18985 post type-post status-publish format-standard has-post-thumbnail hentry category-2024-07-juil category-stages-vacances tag-stages2324 tag-vacancesune  av-masonry-item-with-image' title=\"240701-Stages\"   itemscope=\"itemscope\" itemtype=\"https:\/\/schema.org\/CreativeWork\" ><div class='av-inner-masonry-sizer'><\/div><figure class='av-inner-masonry main_color'><div class=\"av-masonry-outerimage-container\"><div class='av-masonry-image-container' style=\"background-image: url(https:\/\/www.ateliersgeeks.com\/wp-content\/uploads\/2024\/05\/240701-Stages-705x570.png);\"  title=\"240701-Stages\" ><\/div><\/div><figcaption class='av-inner-masonry-content site-background'><div class='av-inner-masonry-content-pos'><div class='av-inner-masonry-content-pos-content'><div class='avia-arrow'><\/div><h3 class='av-masonry-entry-title entry-title '  itemprop=\"headline\" >Stage \u00e0 l&rsquo;abordage !<\/h3><span class='av-masonry-date meta-color updated'>26 mai 2024<\/span><span class=\"av-masonry-text-sep text-sep-author\">\/<\/span><span class='av-masonry-author meta-color author'><span class='fn'>par Nathalie Lafargue<\/span><\/span><\/div><\/div><\/figcaption><\/figure><\/a><!--end av-masonry entry--><a href=\"https:\/\/www.ateliersgeeks.com\/?p=18741\"  id='av-masonry-1-item-18741' data-av-masonry-item='18741' class='av-masonry-entry isotope-item post-18741 post type-post status-publish format-standard has-post-thumbnail hentry category-2024-04-avr category-arts-visuels category-bricolage category-fantastique category-heroic-fantasy category-jeux category-narration category-programmation tag-stages2324  av-masonry-item-with-image' title=\"240415-VacancesJDR\"   itemscope=\"itemscope\" itemtype=\"https:\/\/schema.org\/CreativeWork\" ><div class='av-inner-masonry-sizer'><\/div><figure class='av-inner-masonry main_color'><div class=\"av-masonry-outerimage-container\"><div class='av-masonry-image-container' style=\"background-image: url(https:\/\/www.ateliersgeeks.com\/wp-content\/uploads\/2024\/03\/240415-VacancesJDR-705x570.png);\"  title=\"240415-VacancesJDR\" ><\/div><\/div><figcaption class='av-inner-masonry-content site-background'><div class='av-inner-masonry-content-pos'><div class='av-inner-masonry-content-pos-content'><div class='avia-arrow'><\/div><h3 class='av-masonry-entry-title entry-title '  itemprop=\"headline\" >Stage programmation et aventure<\/h3><span class='av-masonry-date meta-color updated'>11 mars 2024<\/span><span class=\"av-masonry-text-sep text-sep-author\">\/<\/span><span class='av-masonry-author meta-color author'><span class='fn'>par Nathalie Lafargue<\/span><\/span><\/div><\/div><\/figcaption><\/figure><\/a><!--end av-masonry entry--><a href=\"https:\/\/www.ateliersgeeks.com\/?p=18628\"  id='av-masonry-1-item-18628' data-av-masonry-item='18628' class='av-masonry-entry isotope-item post-18628 post type-post status-publish format-standard has-post-thumbnail hentry category-2024-02-fev category-narration category-photo-et-video category-programmation category-stages-vacances tag-stages2324  av-masonry-item-with-image' title=\"240219-StageCin\u00e9Interactif\"   itemscope=\"itemscope\" itemtype=\"https:\/\/schema.org\/CreativeWork\" ><div class='av-inner-masonry-sizer'><\/div><figure class='av-inner-masonry main_color'><div class=\"av-masonry-outerimage-container\"><div class='av-masonry-image-container' style=\"background-image: url(https:\/\/www.ateliersgeeks.com\/wp-content\/uploads\/2024\/01\/240219-StageCineInteractif-1-705x570.png);\"  title=\"240219-StageCin\u00e9Interactif\" ><\/div><\/div><figcaption class='av-inner-masonry-content site-background'><div class='av-inner-masonry-content-pos'><div class='av-inner-masonry-content-pos-content'><div class='avia-arrow'><\/div><h3 class='av-masonry-entry-title entry-title '  itemprop=\"headline\" >Cin\u00e9ma interactif<\/h3><span class='av-masonry-date meta-color updated'>15 janvier 2024<\/span><span class=\"av-masonry-text-sep text-sep-author\">\/<\/span><span class='av-masonry-author meta-color author'><span class='fn'>par Nathalie Lafargue<\/span><\/span><\/div><\/div><\/figcaption><\/figure><\/a><!--end av-masonry entry--><a href=\"https:\/\/www.ateliersgeeks.com\/?p=18360\"  id='av-masonry-1-item-18360' data-av-masonry-item='18360' class='av-masonry-entry isotope-item post-18360 post type-post status-publish format-standard has-post-thumbnail hentry category-2023-10-oct category-fantastique category-halloween category-stages-vacances tag-stages2324 tag-vacancesune  av-masonry-item-with-image' title=\"231005-MaisonHant\u00e9eD\u00e9jant\u00e9e\"   itemscope=\"itemscope\" itemtype=\"https:\/\/schema.org\/CreativeWork\" ><div class='av-inner-masonry-sizer'><\/div><figure class='av-inner-masonry main_color'><div class=\"av-masonry-outerimage-container\"><div class='av-masonry-image-container' style=\"background-image: url(https:\/\/www.ateliersgeeks.com\/wp-content\/uploads\/2023\/10\/231005-MaisonHanteeDejantee-705x570.png);\"  title=\"231005-MaisonHant\u00e9eD\u00e9jant\u00e9e\" ><\/div><\/div><figcaption class='av-inner-masonry-content site-background'><div class='av-inner-masonry-content-pos'><div class='av-inner-masonry-content-pos-content'><div class='avia-arrow'><\/div><h3 class='av-masonry-entry-title entry-title '  itemprop=\"headline\" >Maison Hant\u00e9e D\u00e9jant\u00e9e<\/h3><span class='av-masonry-date meta-color updated'>5 octobre 2023<\/span><span class=\"av-masonry-text-sep text-sep-author\">\/<\/span><span class='av-masonry-author meta-color author'><span class='fn'>par Nathalie Lafargue<\/span><\/span><\/div><\/div><\/figcaption><\/figure><\/a><!--end av-masonry entry--><\/div><\/div><\/div>\n<style type=\"text\/css\" data-created_by=\"avia_inline_auto\" id=\"style-css-av-utjsxe-35ef0b38403ac1156c2487018dd30bbf\">\n.flex_column.av-utjsxe-35ef0b38403ac1156c2487018dd30bbf{\nborder-radius:0px 0px 0px 0px;\npadding:0px 0px 0px 0px;\n}\n<\/style>\n<div  class='flex_column av-utjsxe-35ef0b38403ac1156c2487018dd30bbf av_one_fifth  avia-builder-el-5  el_after_av_three_fifth  avia-builder-el-last  flex_column_div av-zero-column-padding  '     ><\/div><\/p>\n","protected":false},"excerpt":{"rendered":"","protected":false},"author":1,"featured_media":0,"parent":4802,"menu_order":5,"comment_status":"closed","ping_status":"closed","template":"","meta":{"footnotes":""},"class_list":["post-18098","page","type-page","status-publish","hentry"],"_links":{"self":[{"href":"https:\/\/www.ateliersgeeks.com\/index.php?rest_route=\/wp\/v2\/pages\/18098","targetHints":{"allow":["GET"]}}],"collection":[{"href":"https:\/\/www.ateliersgeeks.com\/index.php?rest_route=\/wp\/v2\/pages"}],"about":[{"href":"https:\/\/www.ateliersgeeks.com\/index.php?rest_route=\/wp\/v2\/types\/page"}],"author":[{"embeddable":true,"href":"https:\/\/www.ateliersgeeks.com\/index.php?rest_route=\/wp\/v2\/users\/1"}],"replies":[{"embeddable":true,"href":"https:\/\/www.ateliersgeeks.com\/index.php?rest_route=%2Fwp%2Fv2%2Fcomments&post=18098"}],"version-history":[{"count":5,"href":"https:\/\/www.ateliersgeeks.com\/index.php?rest_route=\/wp\/v2\/pages\/18098\/revisions"}],"predecessor-version":[{"id":20912,"href":"https:\/\/www.ateliersgeeks.com\/index.php?rest_route=\/wp\/v2\/pages\/18098\/revisions\/20912"}],"up":[{"embeddable":true,"href":"https:\/\/www.ateliersgeeks.com\/index.php?rest_route=\/wp\/v2\/pages\/4802"}],"wp:attachment":[{"href":"https:\/\/www.ateliersgeeks.com\/index.php?rest_route=%2Fwp%2Fv2%2Fmedia&parent=18098"}],"curies":[{"name":"wp","href":"https:\/\/api.w.org\/{rel}","templated":true}]}}