{"id":16994,"date":"2023-01-14T11:03:25","date_gmt":"2023-01-14T10:03:25","guid":{"rendered":"http:\/\/www.ateliersgeeks.com\/?page_id=16994"},"modified":"2025-10-29T10:42:26","modified_gmt":"2025-10-29T09:42:26","slug":"mentions-legales-politique-de-confidentialite","status":"publish","type":"page","link":"https:\/\/www.ateliersgeeks.com\/?page_id=16994","title":{"rendered":"Mentions l\u00e9gales \/ Politique de confidentialit\u00e9"},"content":{"rendered":"\r\n<h2 class=\"wp-block-heading\">Qui sommes-nous\u00a0?<\/h2>\r\n<p>Les Ateliers Geeks sont des ateliers cr\u00e9atifs incluant des outils num\u00e9riques. Ils sont organis\u00e9s par l&rsquo;association Ateliers Geeks dont le si\u00e8ge est situ\u00e9 au 127 rue Gabriel P\u00e9ri, 95240 Cormeilles-en-Parisis, France. Les ateliers se d\u00e9roulent dans d&rsquo;autres lieux qui sont indiqu\u00e9s sur les pages d\u00e9di\u00e9es.<\/p>\r\n<h3>H\u00e9bergement du site<\/h3>\r\n<p>Le site est h\u00e9berg\u00e9 par OVH &#8211; 2 rue Kellermann &#8211; 59100 Roubaix &#8211; France<\/p>\r\n<h3>Gestion des contenus du site<\/h3>\r\n<p>L\u2019adresse du site Web est\u00a0: <a href=\"http:\/\/www.ateliersgeeks.com\" target=\"_blank\" rel=\"noopener\">http:\/\/www.ateliersgeeks.com<\/a>. Il a pour vocation de communiquer autour des ateliers et de documenter le travail qui y est effectu\u00e9 mais aussi de fournir aux participants des ressources p\u00e9dagogiques. Ce site utilise le syst\u00e8me de gestion de contenus WordPress. Notre politique de confidentialit\u00e9 et de protection des donn\u00e9es inclus donc des param\u00e8tres propres \u00e0 cet outil.<\/p>\r\n<h3>Typographies<\/h3>\r\n<p><span id=\"fbPhotoSnowliftCaption\" class=\"fbPhotosPhotoCaption\" tabindex=\"0\" aria-live=\"polite\" data-ft=\"{\"><span class=\"hasCaption\">L&rsquo;identit\u00e9 visuelle des Ateliers Geeks est compos\u00e9e avec Solide Mirage (J\u00e9r\u00e9my Landes + Walid Bouchouchi) :<br \/><a href=\"https:\/\/www.velvetyne.fr\/fonts\/solide-mirage\/?fbclid=IwAR0Azp2i-GUC3qz_ib5lti9FFE-fwPoLkyNB5hf0v-z18nqklF8q-oBFPy0\" target=\"_blank\" rel=\"nofollow noopener\" data-lynx-uri=\"https:\/\/l.facebook.com\/l.php?u=https%3A%2F%2Fwww.velvetyne.fr%2Ffonts%2Fsolide-mirage%2F%3Ffbclid%3DIwAR0Azp2i-GUC3qz_ib5lti9FFE-fwPoLkyNB5hf0v-z18nqklF8q-oBFPy0&amp;h=AT2iuEqPA4dLgDKOZ5oImU1E5F2LYnUe_dlBTWFeGN36ZWBIcEH_o7PSquytCNZkU0XaBTEwQIfjFHvnfSGu-CfSGfOYyCMuWKHOCg0mPdxlKHr-9egmyLjgohxOM1Jx-pnzpN6ry3c\" data-lynx-mode=\"asynclazy\">https:\/\/www.velvetyne.fr\/<wbr \/>fonts\/solide-mirage\/<\/a><\/span><\/span><\/p>\r\n<p><span id=\"fbPhotoSnowliftCaption\" class=\"fbPhotosPhotoCaption\" tabindex=\"0\" aria-live=\"polite\" data-ft=\"{\"><span class=\"hasCaption\">Pour le corps du texte, nous utilisons la Google Font Roboto Slab.<br \/><\/span><\/span><\/p>\r\n<h3>Illustrations<\/h3>\r\n<p><span id=\"fbPhotoSnowliftCaption\" class=\"fbPhotosPhotoCaption\" tabindex=\"0\" aria-live=\"polite\" data-ft=\"{\"><span class=\"hasCaption\">Les illustrations du site sont r\u00e9alis\u00e9es par Hannah Lafargue.<\/span><\/span><\/p>\r\n<h2>Protection de vos donn\u00e9es personnelles et des donn\u00e9es collect\u00e9es<\/h2>\r\n<p>La vocation des Ateliers Geeks est notamment d&rsquo;organiser des ateliers d&rsquo;\u00e9ducation aux usages des outils num\u00e9riques : c&rsquo;est donc la moindre des choses que de vous informer de mani\u00e8re simple et claire sur la protection de vos donn\u00e9es.<\/p>\r\n\n<style type=\"text\/css\" data-created_by=\"avia_inline_auto\" id=\"style-css-av-aysg5s-3fde5e81d4e6673e749c1842fb2400a3\">\n#top .hr.hr-invisible.av-aysg5s-3fde5e81d4e6673e749c1842fb2400a3{\nheight:15px;\n}\n<\/style>\n<div  class='hr av-aysg5s-3fde5e81d4e6673e749c1842fb2400a3 hr-invisible  avia-builder-el-0  avia-builder-el-no-sibling '><span class='hr-inner '><span class=\"hr-inner-style\"><\/span><\/span><\/div>\r\n<h3>Formulaires de contact<\/h3>\r\n<p>Conform\u00e9ment aux obligations du r\u00e8glement g\u00e9n\u00e9ral de protection des donn\u00e9es mais aussi \u00e0 nos principes, les donn\u00e9es personnelles que vous nous communiquez ne sont utilis\u00e9es que dans le cadre des ateliers organis\u00e9s par les Ateliers Geeks et ne sauraient \u00eatre communiqu\u00e9es \u00e0 des tiers.<br \/>Conform\u00e9ment \u00e0 l\u2019article 32 de la loi Informatique et libert\u00e9 n\u00b078-17 du 6 janvier 1978 modifi\u00e9e, les informations que vous communiquez par le biais des formulaires pr\u00e9sents sur ce site sont n\u00e9cessaires pour r\u00e9pondre \u00e0 votre demande. Elles sont destin\u00e9es \u00e0 Nathalie Lafargue, en tant que responsable de leur traitement \u00e0 des fins de gestion administrative et commerciale des services utilis\u00e9s. Vous disposez d\u2019un droit d\u2019acc\u00e8s qui vous permet de faire rectifier, compl\u00e9ter, mettre \u00e0 jour, r\u00e9cup\u00e9rer ou effacer vos donn\u00e9es personnelles : il vous suffit pour cela d\u2019adresser \u00e0 Nathalie Lafargue une demande par e-mail ou via le formulaire de contact.<\/p>\r\n<h3>Contenu embarqu\u00e9 depuis d\u2019autres sites<\/h3>\r\n<p>Les articles de ce site peuvent inclure des contenus int\u00e9gr\u00e9s (par exemple des vid\u00e9os). Le contenu int\u00e9gr\u00e9 depuis d\u2019autres sites se comporte de la m\u00eame mani\u00e8re que si le visiteur se rendait sur cet autre site.<\/p>\r\n<p>Si vous disposez d&rsquo;un compte connect\u00e9 sur ces sites web (par exemple Youtube) ils sont susceptibles de collecter des donn\u00e9es sur vous, d&rsquo;utiliser des cookies, d&#8217;embarquer des outils de suivis tiers et de suivre vos interactions avec ces contenus embarqu\u00e9s.<\/p>\r\n<h3>Statistiques et mesures d\u2019audience<\/h3>\r\n<p>Elles sont g\u00e9r\u00e9es par Google Analytics. <a href=\"https:\/\/policies.google.com\/privacy?hl=fr\" target=\"_blank\" rel=\"noopener\">https:\/\/policies.google.com\/privacy?hl=fr<\/a> Les donn\u00e9es qui nous sont fournies sont anonymes.<\/p>\r\n<h2>Donn\u00e9es personnelles<\/h2>\r\n<h3>Les droits que vous avez sur vos donn\u00e9es<\/h3>\r\n<p>Vous disposez d\u2019un droit d\u2019acc\u00e8s qui vous permet de faire rectifier, compl\u00e9ter, mettre \u00e0 jour, r\u00e9cup\u00e9rer ou effacer vos donn\u00e9es personnelles : il vous suffit pour cela d\u2019adresser \u00e0 Nathalie Lafargue une demande par e-mail ou via le formulaire de contact. Vous pouvez demander \u00e0 recevoir un fichier contenant toutes les donn\u00e9es personnelles que nous poss\u00e9dons \u00e0 votre sujet. Vous pouvez \u00e9galement demander la suppression des donn\u00e9es personnelles vous concernant.<\/p>\r\n<h3>Utilisation de vos donn\u00e9es personnelles<\/h3>\r\n<p>Conform\u00e9ment aux obligations du r\u00e8glement g\u00e9n\u00e9ral de protection des donn\u00e9es mais aussi \u00e0 nos principes, les donn\u00e9es personnelles que vous nous communiquez ne sont utilis\u00e9es que dans le cadre des services organis\u00e9s par les Ateliers Geeks et ne sauraient \u00eatre communiqu\u00e9es \u00e0 des tiers. Il n&rsquo;en est fait aucun autre usage.<\/p>\r\n<h2>Informations de contact<\/h2>\r\n<p>Pour toute demande, contactez Nathalie Lafargue en utilisant le <a href=\"https:\/\/www.ateliersgeeks.com\/?page_id=4626\">formulaire de contact<\/a>.<\/p>\r\n","protected":false},"excerpt":{"rendered":"<p>Qui sommes-nous\u00a0? Les Ateliers Geeks sont des ateliers cr\u00e9atifs incluant des outils num\u00e9riques. Ils sont organis\u00e9s par l&rsquo;association Ateliers Geeks dont le si\u00e8ge est situ\u00e9 au 127 rue Gabriel P\u00e9ri, 95240 Cormeilles-en-Parisis, France. Les ateliers se d\u00e9roulent dans d&rsquo;autres lieux qui sont indiqu\u00e9s sur les pages d\u00e9di\u00e9es. H\u00e9bergement du site Le site est h\u00e9berg\u00e9 par [&hellip;]<\/p>\n","protected":false},"author":1,"featured_media":0,"parent":4835,"menu_order":2,"comment_status":"closed","ping_status":"closed","template":"","meta":{"footnotes":""},"class_list":["post-16994","page","type-page","status-publish","hentry"],"_links":{"self":[{"href":"https:\/\/www.ateliersgeeks.com\/index.php?rest_route=\/wp\/v2\/pages\/16994","targetHints":{"allow":["GET"]}}],"collection":[{"href":"https:\/\/www.ateliersgeeks.com\/index.php?rest_route=\/wp\/v2\/pages"}],"about":[{"href":"https:\/\/www.ateliersgeeks.com\/index.php?rest_route=\/wp\/v2\/types\/page"}],"author":[{"embeddable":true,"href":"https:\/\/www.ateliersgeeks.com\/index.php?rest_route=\/wp\/v2\/users\/1"}],"replies":[{"embeddable":true,"href":"https:\/\/www.ateliersgeeks.com\/index.php?rest_route=%2Fwp%2Fv2%2Fcomments&post=16994"}],"version-history":[{"count":3,"href":"https:\/\/www.ateliersgeeks.com\/index.php?rest_route=\/wp\/v2\/pages\/16994\/revisions"}],"predecessor-version":[{"id":20708,"href":"https:\/\/www.ateliersgeeks.com\/index.php?rest_route=\/wp\/v2\/pages\/16994\/revisions\/20708"}],"up":[{"embeddable":true,"href":"https:\/\/www.ateliersgeeks.com\/index.php?rest_route=\/wp\/v2\/pages\/4835"}],"wp:attachment":[{"href":"https:\/\/www.ateliersgeeks.com\/index.php?rest_route=%2Fwp%2Fv2%2Fmedia&parent=16994"}],"curies":[{"name":"wp","href":"https:\/\/api.w.org\/{rel}","templated":true}]}}