{"id":16517,"date":"2022-08-27T12:50:56","date_gmt":"2022-08-27T10:50:56","guid":{"rendered":"http:\/\/www.ateliersgeeks.com\/?page_id=16517"},"modified":"2026-01-22T21:09:33","modified_gmt":"2026-01-22T20:09:33","slug":"ateliers-2022-2023","status":"publish","type":"page","link":"https:\/\/www.ateliersgeeks.com\/?page_id=16517","title":{"rendered":"ATELIERS 2022-2023"},"content":{"rendered":"\n<style type=\"text\/css\" data-created_by=\"avia_inline_auto\" id=\"style-css-av-l7bs6ut2-a04ce92db2f9f62e6c8f22b4769e884b\">\n#top .av-special-heading.av-l7bs6ut2-a04ce92db2f9f62e6c8f22b4769e884b{\npadding-bottom:0;\n}\nbody .av-special-heading.av-l7bs6ut2-a04ce92db2f9f62e6c8f22b4769e884b .av-special-heading-tag .heading-char{\nfont-size:25px;\n}\n.av-special-heading.av-l7bs6ut2-a04ce92db2f9f62e6c8f22b4769e884b .av-subheading{\nfont-size:18px;\n}\n<\/style>\n<div  class='av-special-heading av-l7bs6ut2-a04ce92db2f9f62e6c8f22b4769e884b av-special-heading-h1 blockquote modern-quote modern-centered  avia-builder-el-0  el_before_av_hr  avia-builder-el-first  av-linked-heading'><h1 class='av-special-heading-tag '  itemprop=\"headline\"  >Tous les Stages 2022\/2023<\/h1><div class=\"special-heading-border\"><div class=\"special-heading-inner-border\"><\/div><\/div><\/div>\n\n<style type=\"text\/css\" data-created_by=\"avia_inline_auto\" id=\"style-css-av-2ld4v9h-c9e3b7598081989b0bfb7cbe080167a1\">\n#top .hr.hr-invisible.av-2ld4v9h-c9e3b7598081989b0bfb7cbe080167a1{\nheight:30px;\n}\n<\/style>\n<div  class='hr av-2ld4v9h-c9e3b7598081989b0bfb7cbe080167a1 hr-invisible  avia-builder-el-1  el_after_av_heading  el_before_av_one_fifth '><span class='hr-inner '><span class=\"hr-inner-style\"><\/span><\/span><\/div>\n\n<style type=\"text\/css\" data-created_by=\"avia_inline_auto\" id=\"style-css-av-21yejph-9d8b06328e44ea3a3fb3288d4a1ac7ce\">\n.flex_column.av-21yejph-9d8b06328e44ea3a3fb3288d4a1ac7ce{\nborder-radius:0px 0px 0px 0px;\npadding:0px 0px 0px 0px;\n}\n<\/style>\n<div  class='flex_column av-21yejph-9d8b06328e44ea3a3fb3288d4a1ac7ce av_one_fifth  avia-builder-el-2  el_after_av_hr  el_before_av_three_fifth  first flex_column_div av-zero-column-padding  '     ><\/div>\n\n<style type=\"text\/css\" data-created_by=\"avia_inline_auto\" id=\"style-css-av-1oym9ph-d8739bb60e717bac05f452a75d14c6a0\">\n.flex_column.av-1oym9ph-d8739bb60e717bac05f452a75d14c6a0{\nborder-radius:0px 0px 0px 0px;\npadding:0px 0px 0px 0px;\n}\n<\/style>\n<div  class='flex_column av-1oym9ph-d8739bb60e717bac05f452a75d14c6a0 av_three_fifth  avia-builder-el-3  el_after_av_one_fifth  el_before_av_one_fifth  flex_column_div av-zero-column-padding  '     ><div id='av-masonry-1' class='av-masonry av-l7bs78p5-5ec73dafd376685d6e1a01babca20d21 noHover av-fixed-size av-large-gap av-hover-overlay- av-masonry-animation-active av-masonry-col-2 av-caption-on-hover-hide av-caption-style- av-masonry-entries ' data-post_id=\"16517\"><div class=\"av-masonry-container isotope av-js-disabled\"><div class='av-masonry-entry isotope-item av-masonry-item-no-image '><\/div><a href=\"https:\/\/www.ateliersgeeks.com\/?p=17866\"  id='av-masonry-1-item-17866' data-av-masonry-item='17866' class='av-masonry-entry isotope-item post-17866 post type-post status-publish format-standard has-post-thumbnail hentry category-2023-06-juin category-arts-visuels category-heroic-fantasy category-jeux category-narration category-programmation tag-stages2223  av-masonry-item-with-image' title=\"220221-VacancesJDR\"   itemscope=\"itemscope\" itemtype=\"https:\/\/schema.org\/CreativeWork\" ><div class='av-inner-masonry-sizer'><\/div><figure class='av-inner-masonry main_color'><div class=\"av-masonry-outerimage-container\"><div class='av-masonry-image-container' style=\"background-image: url(https:\/\/www.ateliersgeeks.com\/wp-content\/uploads\/2022\/01\/220221-VacancesJDR-705x570.png);\"  title=\"220221-VacancesJDR\" ><\/div><\/div><figcaption class='av-inner-masonry-content site-background'><div class='av-inner-masonry-content-pos'><div class='av-inner-masonry-content-pos-content'><div class='avia-arrow'><\/div><h3 class='av-masonry-entry-title entry-title '  itemprop=\"headline\" >Programmation et Jeux de r\u00f4le<\/h3><span class='av-masonry-date meta-color updated'>30 mai 2023<\/span><span class=\"av-masonry-text-sep text-sep-author\">\/<\/span><span class='av-masonry-author meta-color author'><span class='fn'>par Nathalie Lafargue<\/span><\/span><\/div><\/div><\/figcaption><\/figure><\/a><!--end av-masonry entry--><a href=\"https:\/\/www.ateliersgeeks.com\/?p=17468\"  id='av-masonry-1-item-17468' data-av-masonry-item='17468' class='av-masonry-entry isotope-item post-17468 post type-post status-publish format-standard has-post-thumbnail hentry category-2023-04-avr category-science-fiction category-stages-vacances tag-stages2223 tag-vacancesune  av-masonry-item-with-image' title=\"230424-AventureStation240\"   itemscope=\"itemscope\" itemtype=\"https:\/\/schema.org\/CreativeWork\" ><div class='av-inner-masonry-sizer'><\/div><figure class='av-inner-masonry main_color'><div class=\"av-masonry-outerimage-container\"><div class='av-masonry-image-container' style=\"background-image: url(https:\/\/www.ateliersgeeks.com\/wp-content\/uploads\/2023\/03\/230424-AventureStation240-705x570.png);\"  title=\"230424-AventureStation240\" ><\/div><\/div><figcaption class='av-inner-masonry-content site-background'><div class='av-inner-masonry-content-pos'><div class='av-inner-masonry-content-pos-content'><div class='avia-arrow'><\/div><h3 class='av-masonry-entry-title entry-title '  itemprop=\"headline\" >L&rsquo;aventure Station 240<\/h3><span class='av-masonry-date meta-color updated'>5 mars 2023<\/span><span class=\"av-masonry-text-sep text-sep-author\">\/<\/span><span class='av-masonry-author meta-color author'><span class='fn'>par Nathalie Lafargue<\/span><\/span><\/div><\/div><\/figcaption><\/figure><\/a><!--end av-masonry entry--><a href=\"https:\/\/www.ateliersgeeks.com\/?p=16970\"  id='av-masonry-1-item-16970' data-av-masonry-item='16970' class='av-masonry-entry isotope-item post-16970 post type-post status-publish format-standard has-post-thumbnail hentry category-2023-02-fev category-science-fiction category-stages-vacances tag-stages2223  av-masonry-item-with-image' title=\"230220-VoyageLune\"   itemscope=\"itemscope\" itemtype=\"https:\/\/schema.org\/CreativeWork\" ><div class='av-inner-masonry-sizer'><\/div><figure class='av-inner-masonry main_color'><div class=\"av-masonry-outerimage-container\"><div class='av-masonry-image-container' style=\"background-image: url(https:\/\/www.ateliersgeeks.com\/wp-content\/uploads\/2023\/01\/230220-VoyageLune-705x570.png);\"  title=\"230220-VoyageLune\" ><\/div><\/div><figcaption class='av-inner-masonry-content site-background'><div class='av-inner-masonry-content-pos'><div class='av-inner-masonry-content-pos-content'><div class='avia-arrow'><\/div><h3 class='av-masonry-entry-title entry-title '  itemprop=\"headline\" >Le voyage dans la lune<\/h3><span class='av-masonry-date meta-color updated'>20 f\u00e9vrier 2023<\/span><span class=\"av-masonry-text-sep text-sep-author\">\/<\/span><span class='av-masonry-author meta-color author'><span class='fn'>par Nathalie Lafargue<\/span><\/span><\/div><\/div><\/figcaption><\/figure><\/a><!--end av-masonry entry--><a href=\"https:\/\/www.ateliersgeeks.com\/?p=16834\"  id='av-masonry-1-item-16834' data-av-masonry-item='16834' class='av-masonry-entry isotope-item post-16834 post type-post status-publish format-standard has-post-thumbnail hentry category-2022-12-dec category-foret category-japon category-stages-vacances tag-stages2223  av-masonry-item-with-image' title=\"221219-Sp\u00e9cialJapon\"   itemscope=\"itemscope\" itemtype=\"https:\/\/schema.org\/CreativeWork\" ><div class='av-inner-masonry-sizer'><\/div><figure class='av-inner-masonry main_color'><div class=\"av-masonry-outerimage-container\"><div class='av-masonry-image-container' style=\"background-image: url(https:\/\/www.ateliersgeeks.com\/wp-content\/uploads\/2022\/11\/221219-SpecialJapon-705x570.png);\"  title=\"221219-Sp\u00e9cialJapon\" ><\/div><\/div><figcaption class='av-inner-masonry-content site-background'><div class='av-inner-masonry-content-pos'><div class='av-inner-masonry-content-pos-content'><div class='avia-arrow'><\/div><h3 class='av-masonry-entry-title entry-title '  itemprop=\"headline\" >For\u00eat des Y\u00f4ka\u00ef<\/h3><span class='av-masonry-date meta-color updated'>19 d\u00e9cembre 2022<\/span><span class=\"av-masonry-text-sep text-sep-author\">\/<\/span><span class='av-masonry-author meta-color author'><span class='fn'>par Nathalie Lafargue<\/span><\/span><\/div><\/div><\/figcaption><\/figure><\/a><!--end av-masonry entry--><a href=\"https:\/\/www.ateliersgeeks.com\/?p=16708\"  id='av-masonry-1-item-16708' data-av-masonry-item='16708' class='av-masonry-entry isotope-item post-16708 post type-post status-publish format-standard has-post-thumbnail hentry category-2022-10-oct category-arts-visuels category-bricolage category-mythologie category-narration category-photo-et-video category-programmation category-stages-vacances tag-stages2223 tag-vacancesune  av-masonry-item-with-image' title=\"221024-Mythologeek\"   itemscope=\"itemscope\" itemtype=\"https:\/\/schema.org\/CreativeWork\" ><div class='av-inner-masonry-sizer'><\/div><figure class='av-inner-masonry main_color'><div class=\"av-masonry-outerimage-container\"><div class='av-masonry-image-container' style=\"background-image: url(https:\/\/www.ateliersgeeks.com\/wp-content\/uploads\/2022\/10\/221024-Mythologeek-705x570.png);\"  title=\"221024-Mythologeek\" ><\/div><\/div><figcaption class='av-inner-masonry-content site-background'><div class='av-inner-masonry-content-pos'><div class='av-inner-masonry-content-pos-content'><div class='avia-arrow'><\/div><h3 class='av-masonry-entry-title entry-title '  itemprop=\"headline\" >Stage Mythologeek<\/h3><span class='av-masonry-date meta-color updated'>24 octobre 2022<\/span><span class=\"av-masonry-text-sep text-sep-author\">\/<\/span><span class='av-masonry-author meta-color author'><span class='fn'>par Nathalie Lafargue<\/span><\/span><\/div><\/div><\/figcaption><\/figure><\/a><!--end av-masonry entry--><\/div><\/div><\/div>\n<style type=\"text\/css\" data-created_by=\"avia_inline_auto\" id=\"style-css-av-q2snet-cce0c0a7248f74fc88df319d37dfd3a4\">\n.flex_column.av-q2snet-cce0c0a7248f74fc88df319d37dfd3a4{\nborder-radius:0px 0px 0px 0px;\npadding:0px 0px 0px 0px;\n}\n<\/style>\n<div  class='flex_column av-q2snet-cce0c0a7248f74fc88df319d37dfd3a4 av_one_fifth  avia-builder-el-5  el_after_av_three_fifth  avia-builder-el-last  flex_column_div av-zero-column-padding  '     ><\/div><\/p>\n","protected":false},"excerpt":{"rendered":"","protected":false},"author":1,"featured_media":0,"parent":4802,"menu_order":6,"comment_status":"closed","ping_status":"closed","template":"","meta":{"footnotes":""},"class_list":["post-16517","page","type-page","status-publish","hentry"],"_links":{"self":[{"href":"https:\/\/www.ateliersgeeks.com\/index.php?rest_route=\/wp\/v2\/pages\/16517","targetHints":{"allow":["GET"]}}],"collection":[{"href":"https:\/\/www.ateliersgeeks.com\/index.php?rest_route=\/wp\/v2\/pages"}],"about":[{"href":"https:\/\/www.ateliersgeeks.com\/index.php?rest_route=\/wp\/v2\/types\/page"}],"author":[{"embeddable":true,"href":"https:\/\/www.ateliersgeeks.com\/index.php?rest_route=\/wp\/v2\/users\/1"}],"replies":[{"embeddable":true,"href":"https:\/\/www.ateliersgeeks.com\/index.php?rest_route=%2Fwp%2Fv2%2Fcomments&post=16517"}],"version-history":[{"count":5,"href":"https:\/\/www.ateliersgeeks.com\/index.php?rest_route=\/wp\/v2\/pages\/16517\/revisions"}],"predecessor-version":[{"id":20914,"href":"https:\/\/www.ateliersgeeks.com\/index.php?rest_route=\/wp\/v2\/pages\/16517\/revisions\/20914"}],"up":[{"embeddable":true,"href":"https:\/\/www.ateliersgeeks.com\/index.php?rest_route=\/wp\/v2\/pages\/4802"}],"wp:attachment":[{"href":"https:\/\/www.ateliersgeeks.com\/index.php?rest_route=%2Fwp%2Fv2%2Fmedia&parent=16517"}],"curies":[{"name":"wp","href":"https:\/\/api.w.org\/{rel}","templated":true}]}}