{"id":6281,"date":"2018-09-29T22:11:04","date_gmt":"2018-09-29T20:11:04","guid":{"rendered":"http:\/\/www.ateliersgeeks.com\/?page_id=6281"},"modified":"2020-01-14T02:17:04","modified_gmt":"2020-01-14T01:17:04","slug":"ateliers-du-22-au-31-10-2018","status":"publish","type":"page","link":"http:\/\/www.ateliersgeeks.com\/?page_id=6281","title":{"rendered":"Ateliers Automne du 22 au 31\/10\/2018 \u00e0 Cormeilles"},"content":{"rendered":"\n<style type=\"text\/css\" data-created_by=\"avia_inline_auto\" id=\"style-css-av-av_heading-9ce0be1372c17aaac567f9790a9aee6d\">\n#top .av-special-heading.av-av_heading-9ce0be1372c17aaac567f9790a9aee6d{\npadding-bottom:0;\n}\nbody .av-special-heading.av-av_heading-9ce0be1372c17aaac567f9790a9aee6d .av-special-heading-tag .heading-char{\nfont-size:25px;\n}\n.av-special-heading.av-av_heading-9ce0be1372c17aaac567f9790a9aee6d .av-subheading{\nfont-size:18px;\n}\n<\/style>\n<div  class='av-special-heading av-av_heading-9ce0be1372c17aaac567f9790a9aee6d av-special-heading-h1 blockquote modern-quote modern-centered  avia-builder-el-0  el_before_av_hr  avia-builder-el-first '><h1 class='av-special-heading-tag '  itemprop=\"headline\"  >Ateliers du 22 au 31\/10\/2018 \u00e0 Cormeilles<\/h1><div class=\"special-heading-border\"><div class=\"special-heading-inner-border\"><\/div><\/div><\/div>\n\n<style type=\"text\/css\" data-created_by=\"avia_inline_auto\" id=\"style-css-av-35ghld-8eed9a7a9341e91cb816236e43b58d3e\">\n#top .hr.hr-invisible.av-35ghld-8eed9a7a9341e91cb816236e43b58d3e{\nheight:10px;\n}\n<\/style>\n<div  class='hr av-35ghld-8eed9a7a9341e91cb816236e43b58d3e hr-invisible  avia-builder-el-1  el_after_av_heading  el_before_av_one_full '><span class='hr-inner '><span class=\"hr-inner-style\"><\/span><\/span><\/div>\n\n<style type=\"text\/css\" data-created_by=\"avia_inline_auto\" id=\"style-css-av-1nxrh00-5b1d1a120d6ef0d0ce95b8b85f964365\">\n.flex_column.av-1nxrh00-5b1d1a120d6ef0d0ce95b8b85f964365{\nborder-radius:0px 0px 0px 0px;\npadding:0px 0px 0px 0px;\n}\n<\/style>\n<div  class='flex_column av-1nxrh00-5b1d1a120d6ef0d0ce95b8b85f964365 av_one_full  avia-builder-el-2  el_after_av_hr  el_before_av_tab_section  avia-builder-el-last  first flex_column_div av-zero-column-padding  '     ><div id='av-masonry-1' class='av-masonry av-1ne5o1s-e6d9b5645376b7a9453159f6c88572c1 noHover av-fixed-size av-no-gap av-hover-overlay- av-masonry-animation-active av-masonry-col-3 av-caption-on-hover av-caption-style- av-masonry-entries ' data-post_id=\"6281\"><div class=\"av-masonry-container isotope av-js-disabled\"><div class='av-masonry-entry isotope-item av-masonry-item-no-image '><\/div><a href=\"http:\/\/www.ateliersgeeks.com\/?p=6232\"  id='av-masonry-1-item-6232' data-av-masonry-item='6232' class='av-masonry-entry isotope-item post-6232 post type-post status-publish format-standard has-post-thumbnail hentry category-2018-10-oct category-halloween category-jeux category-programmation tag-cormeilles tag-heroic-fantasy tag-jeu-video tag-jeux tag-programmation tag-scratch  av-masonry-item-with-image' title=\"181022-AtelierScratch\"   itemscope=\"itemscope\" itemtype=\"https:\/\/schema.org\/CreativeWork\" ><div class='av-inner-masonry-sizer'><\/div><figure class='av-inner-masonry main_color'><div class=\"av-masonry-outerimage-container\"><div class='av-masonry-image-container' style=\"background-image: url(http:\/\/www.ateliersgeeks.com\/wp-content\/uploads\/2018\/09\/181022-AtelierScratch-705x570.png);\"  title=\"181022-AtelierScratch\" ><\/div><\/div><figcaption class='av-inner-masonry-content site-background'><div class='av-inner-masonry-content-pos'><div class='av-inner-masonry-content-pos-content'><div class='avia-arrow'><\/div><h3 class='av-masonry-entry-title entry-title '  itemprop=\"headline\" >Cr\u00e9ation d&rsquo;un jeu vid\u00e9o<\/h3><span class='av-masonry-date meta-color updated'>22 octobre 2018<\/span><span class=\"av-masonry-text-sep text-sep-author\">\/<\/span><span class='av-masonry-author meta-color author'><span class='fn'>par Nathalie Lafargue<\/span><\/span><\/div><\/div><\/figcaption><\/figure><\/a><!--end av-masonry entry--><a href=\"http:\/\/www.ateliersgeeks.com\/?p=6246\"  id='av-masonry-1-item-6246' data-av-masonry-item='6246' class='av-masonry-entry isotope-item post-6246 post type-post status-publish format-standard has-post-thumbnail hentry category-2018-10-oct category-heroic-fantasy category-jeux category-narration tag-cormeilles tag-heroic-fantasy tag-jeu-de-roles tag-jeux tag-narration  av-masonry-item-with-image' title=\"181022-AteliersJDR\"   itemscope=\"itemscope\" itemtype=\"https:\/\/schema.org\/CreativeWork\" ><div class='av-inner-masonry-sizer'><\/div><figure class='av-inner-masonry main_color'><div class=\"av-masonry-outerimage-container\"><div class='av-masonry-image-container' style=\"background-image: url(http:\/\/www.ateliersgeeks.com\/wp-content\/uploads\/2018\/09\/181022-AteliersJDR-705x570.png);\"  title=\"181022-AteliersJDR\" ><\/div><\/div><figcaption class='av-inner-masonry-content site-background'><div class='av-inner-masonry-content-pos'><div class='av-inner-masonry-content-pos-content'><div class='avia-arrow'><\/div><h3 class='av-masonry-entry-title entry-title '  itemprop=\"headline\" >Jeu de r\u00f4les<\/h3><span class='av-masonry-date meta-color updated'>22 octobre 2018<\/span><span class=\"av-masonry-text-sep text-sep-author\">\/<\/span><span class='av-masonry-author meta-color author'><span class='fn'>par Nathalie Lafargue<\/span><\/span><\/div><\/div><\/figcaption><\/figure><\/a><!--end av-masonry entry--><a href=\"http:\/\/www.ateliersgeeks.com\/?p=6260\"  id='av-masonry-1-item-6260' data-av-masonry-item='6260' class='av-masonry-entry isotope-item post-6260 post type-post status-publish format-standard has-post-thumbnail hentry category-2018-10-oct category-arts-visuels category-bricolage category-electronique-et-robots category-foret category-recyclage category-robots-zinzins tag-arts-visuels tag-bricolage tag-cormeilles tag-electricite tag-foret tag-makers tag-nature tag-recyclage tag-robots-zinzins tag-travaux-manuels  av-masonry-item-with-image' title=\"181023-AtelierRobotsDesBois\"   itemscope=\"itemscope\" itemtype=\"https:\/\/schema.org\/CreativeWork\" ><div class='av-inner-masonry-sizer'><\/div><figure class='av-inner-masonry main_color'><div class=\"av-masonry-outerimage-container\"><div class='av-masonry-image-container' style=\"background-image: url(http:\/\/www.ateliersgeeks.com\/wp-content\/uploads\/2018\/09\/181023-AtelierRobotsDesBois-705x570.png);\"  title=\"181023-AtelierRobotsDesBois\" ><\/div><\/div><figcaption class='av-inner-masonry-content site-background'><div class='av-inner-masonry-content-pos'><div class='av-inner-masonry-content-pos-content'><div class='avia-arrow'><\/div><h3 class='av-masonry-entry-title entry-title '  itemprop=\"headline\" >Robots des bois<\/h3><span class='av-masonry-date meta-color updated'>23 octobre 2018<\/span><span class=\"av-masonry-text-sep text-sep-author\">\/<\/span><span class='av-masonry-author meta-color author'><span class='fn'>par Nathalie Lafargue<\/span><\/span><\/div><\/div><\/figcaption><\/figure><\/a><!--end av-masonry entry--><\/div><\/div><\/div>\n<\/div><\/div><\/div><!-- close content main div --><\/div><\/div><div id='av-tab-section-1'  class='av-tab-section-container entry-content-wrapper main_color av-tab-no-transition av-tab-content-auto  av-tab-above-content  avia-builder-el-4  el_after_av_one_full  el_before_av_hr  tab-section-not-first container_wrap fullsize'  ><div class='av-tab-section-outer-container av-409gaoo-78f2510ef51854fa74c1e8fc0a7d1ff9'><div class='av-tab-section-tab-title-container avia-tab-title-padding-small' role='tablist'><a href='#projet' data-av-tab-section-title='1' class='av-section-tab-title av-active-tab-title no-scroll av-jnlbes5c-e17131368050bc6e456b08e9de525e20 av-tab-with-icon av-tab-no-image ' role='tab' tabindex='0' aria-controls='av-tab-section-1-1'><span class='av-tab-section-icon avia-iconfont avia-font-entypo-fontello' data-av_icon='\ue826' data-av_iconfont='entypo-fontello' ><\/span><span class='av-outer-tab-title'><span class='av-inner-tab-title'>Projet<\/span><\/span><span class=\"av-tab-arrow-container\"><span><\/span><\/span><\/a><a href='#dates' data-av-tab-section-title='2' class='av-section-tab-title  av-jmnnqrcl-112ce1a9d823472f01c0b8d9aa2f45f0 av-tab-with-icon av-tab-no-image ' role='tab' tabindex='0' aria-controls='av-tab-section-1-2'><span class='av-tab-section-icon avia-iconfont avia-font-entypo-fontello' data-av_icon='\ue85b' data-av_iconfont='entypo-fontello' ><\/span><span class='av-outer-tab-title'><span class='av-inner-tab-title'>Dates<\/span><\/span><span class=\"av-tab-arrow-container\"><span><\/span><\/span><\/a><a href='#lieu' data-av-tab-section-title='3' class='av-section-tab-title  av-1y1fql4-063609f67752a8aea4b021c2f2cc523c av-tab-with-icon av-tab-no-image ' role='tab' tabindex='0' aria-controls='av-tab-section-1-3'><span class='av-tab-section-icon avia-iconfont avia-font-entypo-fontello' data-av_icon='\ue842' data-av_iconfont='entypo-fontello' ><\/span><span class='av-outer-tab-title'><span class='av-inner-tab-title'>Lieu<\/span><\/span><span class=\"av-tab-arrow-container\"><span><\/span><\/span><\/a><\/div><div class='avia-slideshow-arrows av-tabsection-arrow' ><a href='#prev' class='prev-slide av_prev_tab_section av-tab-section-slide avia-svg-icon avia-font-svg_entypo-fontello' data-av_svg_icon='left-open-big' data-av_iconset='svg_entypo-fontello' tabindex='-1' title=\"Pr\u00e9c\u00e9dent\"><svg version=\"1.1\" xmlns=\"http:\/\/www.w3.org\/2000\/svg\" width=\"15\" height=\"32\" viewBox=\"0 0 15 32\" preserveAspectRatio=\"xMidYMid meet\" aria-labelledby='av-svg-title-1' aria-describedby='av-svg-desc-1' role=\"graphics-symbol\" aria-hidden=\"true\">\n<title id='av-svg-title-1'>Pr\u00e9c\u00e9dent<\/title>\n<desc id='av-svg-desc-1'>Pr\u00e9c\u00e9dent<\/desc>\n<path d=\"M14.464 27.84q0.832 0.832 0 1.536-0.832 0.832-1.536 0l-12.544-12.608q-0.768-0.768 0-1.6l12.544-12.608q0.704-0.832 1.536 0 0.832 0.704 0 1.536l-11.456 11.904z\"><\/path>\n<\/svg><span class='avia_hidden_link_text'>Pr\u00e9c\u00e9dent<\/span><\/a><a href='#next' class='next-slide av_next_tab_section av-tab-section-slide avia-svg-icon avia-font-svg_entypo-fontello' data-av_svg_icon='right-open-big' data-av_iconset='svg_entypo-fontello' tabindex='-1' title=\"Suivant\"><svg version=\"1.1\" xmlns=\"http:\/\/www.w3.org\/2000\/svg\" width=\"15\" height=\"32\" viewBox=\"0 0 15 32\" preserveAspectRatio=\"xMidYMid meet\" aria-labelledby='av-svg-title-2' aria-describedby='av-svg-desc-2' role=\"graphics-symbol\" aria-hidden=\"true\">\n<title id='av-svg-title-2'>Suivant<\/title>\n<desc id='av-svg-desc-2'>Suivant<\/desc>\n<path d=\"M0.416 27.84l11.456-11.84-11.456-11.904q-0.832-0.832 0-1.536 0.832-0.832 1.536 0l12.544 12.608q0.768 0.832 0 1.6l-12.544 12.608q-0.704 0.832-1.536 0-0.832-0.704 0-1.536z\"><\/path>\n<\/svg><span class='avia_hidden_link_text'>Suivant<\/span><\/a><\/div><div class='av-tab-section-inner-container avia-section-small' style='width:300vw; left:0%;'><span class=\"av_prev_tab_section av_tab_navigation\"><\/span><span class=\"av_next_tab_section av_tab_navigation\"><\/span>\n\n<style type=\"text\/css\" data-created_by=\"avia_inline_auto\" id=\"style-css-av-jnlbes5c-e17131368050bc6e456b08e9de525e20\">\n.av-layout-tab.av-jnlbes5c-e17131368050bc6e456b08e9de525e20{\nvertical-align:top;\n}\n<\/style>\n<div id='av-tab-section-1-1' class='av-layout-tab av-jnlbes5c-e17131368050bc6e456b08e9de525e20 av-animation-delay-container  avia-builder-el-5  el_before_av_tab_sub_section  avia-builder-el-first  av-active-tab-content __av_init_open ' data-av-deeplink-tabs=\"\" data-av-tab-section-content=\"1\" data-tab-section-id=\"projet\"><div class=\"av-layout-tab-inner\"><div class=\"container\"><p><div class='flex_column_table av-3zcbql4-14377e6358d631ab5fac7d71fdb17532 sc-av_two_fifth av-equal-height-column-flextable'>\n<style type=\"text\/css\" data-created_by=\"avia_inline_auto\" id=\"style-css-av-3zcbql4-14377e6358d631ab5fac7d71fdb17532\">\n.flex_column.av-3zcbql4-14377e6358d631ab5fac7d71fdb17532{\nborder-radius:0px 0px 0px 0px;\npadding:0px 0px 0px 0px;\n}\n<\/style>\n<div  class='flex_column av-3zcbql4-14377e6358d631ab5fac7d71fdb17532 av_two_fifth  avia-builder-el-6  el_before_av_two_fifth  avia-builder-el-first  first no_margin flex_column_table_cell av-equal-height-column av-align-middle av-zero-column-padding  '     ><style type=\"text\/css\" data-created_by=\"avia_inline_auto\" id=\"style-css-av-jmnnc07k-0784e1df105eaa052d3a0d59656426cb\">\n.avia-image-container.av-jmnnc07k-0784e1df105eaa052d3a0d59656426cb img.avia_image{\nbox-shadow:none;\n}\n.avia-image-container.av-jmnnc07k-0784e1df105eaa052d3a0d59656426cb .av-image-caption-overlay-center{\ncolor:#ffffff;\n}\n<\/style>\n<div  class='avia-image-container av-jmnnc07k-0784e1df105eaa052d3a0d59656426cb av-styling- avia-align-center  avia-builder-el-7  avia-builder-el-no-sibling '   itemprop=\"image\" itemscope=\"itemscope\" itemtype=\"https:\/\/schema.org\/ImageObject\" ><div class=\"avia-image-container-inner\"><div class=\"avia-image-overlay-wrap\"><img decoding=\"async\" fetchpriority=\"high\" class='wp-image-6342 avia-img-lazy-loading-not-6342 avia_image ' src=\"http:\/\/www.ateliersgeeks.com\/wp-content\/uploads\/2018\/10\/181022-Ateliers-495x400.png\" alt='' title='181022-Ateliers'  height=\"400\" width=\"495\"  itemprop=\"thumbnailUrl\" srcset=\"http:\/\/www.ateliersgeeks.com\/wp-content\/uploads\/2018\/10\/181022-Ateliers-495x400.png 495w, http:\/\/www.ateliersgeeks.com\/wp-content\/uploads\/2018\/10\/181022-Ateliers-300x242.png 300w, http:\/\/www.ateliersgeeks.com\/wp-content\/uploads\/2018\/10\/181022-Ateliers-768x621.png 768w, http:\/\/www.ateliersgeeks.com\/wp-content\/uploads\/2018\/10\/181022-Ateliers-845x684.png 845w, http:\/\/www.ateliersgeeks.com\/wp-content\/uploads\/2018\/10\/181022-Ateliers-705x570.png 705w, http:\/\/www.ateliersgeeks.com\/wp-content\/uploads\/2018\/10\/181022-Ateliers-450x364.png 450w, http:\/\/www.ateliersgeeks.com\/wp-content\/uploads\/2018\/10\/181022-Ateliers.png 990w\" sizes=\"(max-width: 495px) 100vw, 495px\" \/><\/div><\/div><\/div><\/div>\n<style type=\"text\/css\" data-created_by=\"avia_inline_auto\" id=\"style-css-av-3x7e3so-5396b81ff538e6c35d2fd8bb60a8b9ce\">\n.flex_column.av-3x7e3so-5396b81ff538e6c35d2fd8bb60a8b9ce{\nborder-radius:0px 0px 0px 0px;\npadding:0px 0px 0px 0px;\n}\n<\/style>\n<div  class='flex_column av-3x7e3so-5396b81ff538e6c35d2fd8bb60a8b9ce av_two_fifth  avia-builder-el-8  el_after_av_two_fifth  avia-builder-el-last  no_margin flex_column_table_cell av-equal-height-column av-align-middle av-zero-column-padding  '     ><section  class='av_textblock_section av-jmnnj6oy-8bfdfc06c5c7590527c0c93901bda7f4 '   itemscope=\"itemscope\" itemtype=\"https:\/\/schema.org\/CreativeWork\" ><div class='avia_textblock'  itemprop=\"text\" ><blockquote>\n<p>Durant ces vacances d&rsquo;automne, nous te proposons des activit\u00e9s vari\u00e9es :\u00a0programme ton propre jeu vid\u00e9o avec Scratch sur le th\u00e8me d&rsquo;Halloween, explore l&rsquo;univers heroic fantasy en jouant au jeu de r\u00f4le et avec l&rsquo;artiste plasticienne Daphn\u00e9 Lisse, cr\u00e9e des robots des bois avec des mat\u00e9riaux de r\u00e9cup\u00e9ration et un peu d\u2019\u00e9lectronique.<\/p>\n<\/blockquote>\n<\/div><\/section><\/div><\/div><!--close column table wrapper. Autoclose: 1 --><\/p>\n<\/div><\/div><\/div>\n<style type=\"text\/css\" data-created_by=\"avia_inline_auto\" id=\"style-css-av-jmnnqrcl-112ce1a9d823472f01c0b8d9aa2f45f0\">\n.av-layout-tab.av-jmnnqrcl-112ce1a9d823472f01c0b8d9aa2f45f0{\nvertical-align:top;\n}\n<\/style>\n<div id='av-tab-section-1-2' class='av-layout-tab av-jmnnqrcl-112ce1a9d823472f01c0b8d9aa2f45f0 av-animation-delay-container  avia-builder-el-10  el_after_av_tab_sub_section  el_before_av_tab_sub_section  ' data-av-deeplink-tabs=\"\" data-av-tab-section-content=\"2\" data-tab-section-id=\"dates\"><div class=\"av-layout-tab-inner\"><div class=\"container\"><p><section  class='av_textblock_section av-jmx6zzjy-0cd29eb70615fcddad32454fec5db232 '   itemscope=\"itemscope\" itemtype=\"https:\/\/schema.org\/CreativeWork\" ><div class='avia_textblock'  itemprop=\"text\" ><p>Chaque s\u00e9ance permet d&rsquo;aboutir une activit\u00e9. Ils n&rsquo;est pas n\u00e9cessaire de participer \u00e0 toutes les s\u00e9ances propos\u00e9es sur un m\u00eame th\u00e8me : chacun peut s&rsquo;inscrire \u00e0 celles qui l&rsquo;int\u00e9ressent en fonction de ses centres d&rsquo;int\u00e9r\u00eat et de ses disponibilit\u00e9s.<\/p>\n<\/div><\/section><br \/>\n<div class='avia-data-table-wrap av-3ovhuo8-b979682172f42385023814cc46a02a1d avia_responsive_table avia-table-1'><table  class='avia-table avia-data-table avia_pricing_default  avia-builder-el-12  el_after_av_textblock  avia-builder-el-last '  itemscope=\"itemscope\" itemtype=\"https:\/\/schema.org\/Table\" ><tbody><tr class='avia-heading-row'><th class='avia-highlight-col'>DATES<\/th><th class='avia-highlight-col'>HORAIRES<\/th><th class='avia-highlight-col'>ACTIVIT\u00c9S<\/th><th class='avia-highlight-col'>ANIMATEURS<\/th><th class='avia-highlight-col'>LIEUX<\/th><th class='avia-highlight-col'>ORDINATEUR ?<\/th><\/tr><tr class=''><td class='avia-highlight-col'>LUN 22\/10\/2018<\/td><td class='avia-highlight-col'>De 14h30 \u00e0 17h<\/td><td class='avia-highlight-col'>SCRATCH + JEU DE R\u00d4LES<\/td><td class='avia-highlight-col'>Nathalie<\/td><td class='avia-highlight-col'>LA SAVOIE<\/td><td class='avia-highlight-col'>OUI<\/td><\/tr><tr class=''><td class='avia-highlight-col'>MAR 23\/10\/2018<\/td><td class='avia-highlight-col'>De 14h30 \u00e0 17h<\/td><td class='avia-highlight-col'>ROBOTS DES BOIS<\/td><td class='avia-highlight-col'>Daphn\u00e9<\/td><td class='avia-highlight-col'>CAF\u00c9-JEUX<\/td><td class='avia-highlight-col'>NON<\/td><\/tr><tr class=''><td class='avia-highlight-col'>MER 24\/10\/2018<\/td><td class='avia-highlight-col'>De 14h30 \u00e0 17h<\/td><td class='avia-highlight-col'>ROBOTS DES BOIS<\/td><td class='avia-highlight-col'>Daphn\u00e9<\/td><td class='avia-highlight-col'>CAF\u00c9-JEUX<\/td><td class='avia-highlight-col'>NON<\/td><\/tr><tr class=''><td class='avia-highlight-col'>JEU 25\/10\/2018<\/td><td class='avia-highlight-col'>De 14h30 \u00e0 17h<\/td><td class='avia-highlight-col'>SP\u00c9CIAL JEU DE R\u00d4LES<\/td><td class='avia-highlight-col'>Gabriel<\/td><td class='avia-highlight-col'>LA SAVOIE<\/td><td class='avia-highlight-col'>NON<\/td><\/tr><tr class=''><td class='avia-highlight-col'>VEN 26\/10\/2018<\/td><td class='avia-highlight-col'>De 14h30 \u00e0 17h<\/td><td class='avia-highlight-col'>SCRATCH + JEU DE R\u00d4LES<\/td><td class='avia-highlight-col'>Nathalie<\/td><td class='avia-highlight-col'>CAF\u00c9-JEUX<\/td><td class='avia-highlight-col'>OUI<\/td><\/tr><tr class=''><td class='avia-highlight-col'>LUN 29\/10\/2018<\/td><td class='avia-highlight-col'>De 14h30 \u00e0 17h<\/td><td class='avia-highlight-col'>SCRATCH + JEU DE R\u00d4LES<\/td><td class='avia-highlight-col'>Nathalie<\/td><td class='avia-highlight-col'>LA SAVOIE<\/td><td class='avia-highlight-col'>OUI<\/td><\/tr><tr class=''><td class='avia-highlight-col'>MAR 30\/10\/2018<\/td><td class='avia-highlight-col'>De 14h30 \u00e0 17h<\/td><td class='avia-highlight-col'>SP\u00c9CIAL JEU DE R\u00d4LES<\/td><td class='avia-highlight-col'>Gabriel<\/td><td class='avia-highlight-col'>CAF\u00c9-JEUX<\/td><td class='avia-highlight-col'>NON<\/td><\/tr><tr class=''><td class='avia-highlight-col'>MER 31\/10\/2018<\/td><td class='avia-highlight-col'>De 14h30 \u00e0 17h<\/td><td class='avia-highlight-col'>SCRATCH + JEU DE R\u00d4LES<\/td><td class='avia-highlight-col'>Nathalie<\/td><td class='avia-highlight-col'>CAF\u00c9-JEUX<\/td><td class='avia-highlight-col'>OUI<\/td><\/tr><\/tbody><\/table><\/div><style type='text\/css'>.avia-table-1 td:nth-of-type(1):before { content: 'DATES'; } .avia-table-1 td:nth-of-type(2):before { content: 'HORAIRES'; } .avia-table-1 td:nth-of-type(3):before { content: 'ACTIVIT\u00c9S'; } .avia-table-1 td:nth-of-type(4):before { content: 'ANIMATEURS'; } .avia-table-1 td:nth-of-type(5):before { content: 'LIEUX'; } .avia-table-1 td:nth-of-type(6):before { content: 'ORDINATEUR ?'; } <\/style><\/p>\n<\/div><\/div><\/div>\n<style type=\"text\/css\" data-created_by=\"avia_inline_auto\" id=\"style-css-av-1y1fql4-063609f67752a8aea4b021c2f2cc523c\">\n.av-layout-tab.av-1y1fql4-063609f67752a8aea4b021c2f2cc523c{\nvertical-align:top;\n}\n<\/style>\n<div id='av-tab-section-1-3' class='av-layout-tab av-1y1fql4-063609f67752a8aea4b021c2f2cc523c av-animation-delay-container  avia-builder-el-13  el_after_av_tab_sub_section  avia-builder-el-last  ' data-av-deeplink-tabs=\"\" data-av-tab-section-content=\"3\" data-tab-section-id=\"lieu\"><div class=\"av-layout-tab-inner\"><div class=\"container\"><p>\n<style type=\"text\/css\" data-created_by=\"avia_inline_auto\" id=\"style-css-av-1ws35fs-fb34278739bf4b6c8cce8ed59ce0bdd3\">\n.flex_column.av-1ws35fs-fb34278739bf4b6c8cce8ed59ce0bdd3{\nborder-radius:0px 0px 0px 0px;\npadding:0px 0px 0px 0px;\n}\n<\/style>\n<div  class='flex_column av-1ws35fs-fb34278739bf4b6c8cce8ed59ce0bdd3 av_one_fifth  avia-builder-el-14  el_before_av_three_fifth  avia-builder-el-first  first flex_column_div av-zero-column-padding  '     ><\/div>\n<style type=\"text\/css\" data-created_by=\"avia_inline_auto\" id=\"style-css-av-1uog8qw-ff821d8a008b4396a9b4bb7b8e6ba87f\">\n.flex_column.av-1uog8qw-ff821d8a008b4396a9b4bb7b8e6ba87f{\nborder-radius:0px 0px 0px 0px;\npadding:0px 0px 0px 0px;\n}\n<\/style>\n<div  class='flex_column av-1uog8qw-ff821d8a008b4396a9b4bb7b8e6ba87f av_three_fifth  avia-builder-el-15  el_after_av_one_fifth  el_before_av_one_fifth  flex_column_div av-zero-column-padding  '     ><p>\n<style type=\"text\/css\" data-created_by=\"avia_inline_auto\" id=\"style-css-av-1t622x4-637d10f49fbfb5785e0d41af6fb0e1d6\">\n#top .hr.hr-invisible.av-1t622x4-637d10f49fbfb5785e0d41af6fb0e1d6{\nheight:10px;\n}\n<\/style>\n<div  class='hr av-1t622x4-637d10f49fbfb5785e0d41af6fb0e1d6 hr-invisible  avia-builder-el-16  el_before_av_icon_box  avia-builder-el-first '><span class='hr-inner '><span class=\"hr-inner-style\"><\/span><\/span><\/div><br \/>\n<article  class='iconbox iconbox_top av-1seyfgo-461a6b7862e9e30b65e832307d2a00fc  avia-builder-el-17  el_after_av_hr  el_before_av_google_map  avia-builder-el-last  main_color'  itemscope=\"itemscope\" itemtype=\"https:\/\/schema.org\/CreativeWork\" ><div class=\"iconbox_content\"><header class=\"entry-content-header\" aria-label=\"Ic\u00f4ne : Cormeilles-en-Parisis\"><div class='iconbox_icon heading-color avia-iconfont avia-font-entypo-fontello' data-av_icon='\ue842' data-av_iconfont='entypo-fontello'  ><\/div><h3 class='iconbox_content_title '  itemprop=\"headline\" >Cormeilles-en-Parisis<\/h3><\/header><div class='iconbox_content_container '  itemprop=\"text\" ><p><strong>Salle de la Savoie et Caf\u00e9 Jeux<\/strong><br \/>\nRond-point du 8 mai 1945<br \/>\n95240 Cormeilles-en-Parisis<br \/>\n***************************<br \/>\n<small>Les deux salles sont \u00e0 la m\u00eame adresse : nous occupons la Savoie lundi et jeudi, le Caf\u00e9-jeux mardi,\u00a0 mercredi et vendredi.<br \/>\n<\/small><\/p>\n<\/div><\/div><footer class=\"entry-footer\"><\/footer><\/article><br \/>\n<div  class='av_gmaps_sc_main_wrap av_gmaps_main_wrap '><div id='av_gmap_0' class='avia-google-map-container avia-google-map-sc av_gmaps_show_unconditionally av-no-fallback-img ' data-mapid='av_gmap_0'  style='height: 500px;'><a class=\"av_gmaps_browser_disabled av_text_confirm_link av_text_confirm_link_visible\" href=\"https:\/\/www.google.com\/maps\/search\/?api=1&#038;query=Rond%20point%20du%208%20Mai%20%20CORMEILLES-EN-PARISIS%20%20France\" target=\"_blank\">Les cartes ont \u00e9t\u00e9 d\u00e9sactiv\u00e9es par le visiteur sur ce site. Cliquer pour ouvrir la carte dans une nouvelle fen\u00eatre.<\/a><\/div><\/div><\/p><\/div>\n<style type=\"text\/css\" data-created_by=\"avia_inline_auto\" id=\"style-css-av-1ms5z3s-f31db46964ce1b9d65015282a0451cca\">\n.flex_column.av-1ms5z3s-f31db46964ce1b9d65015282a0451cca{\nborder-radius:0px 0px 0px 0px;\npadding:0px 0px 0px 0px;\n}\n<\/style>\n<div  class='flex_column av-1ms5z3s-f31db46964ce1b9d65015282a0451cca av_one_fifth  avia-builder-el-19  el_after_av_three_fifth  avia-builder-el-last  flex_column_div av-zero-column-padding  '     ><\/div><\/p>\n<\/div><\/div><\/div><\/div><\/div><\/div><div id='after_tab_section_1'  class='main_color av_default_container_wrap container_wrap fullsize'  ><div class='container av-section-cont-open' ><div class='template-page content  av-content-full alpha units'><div class='post-entry post-entry-type-page post-entry-6281'><div class='entry-content-wrapper clearfix'>\n<style type=\"text\/css\" data-created_by=\"avia_inline_auto\" id=\"style-css-av-35ghld-dcf0ec9bfd9ca8729c44a4e7797a5f21\">\n#top .hr.hr-invisible.av-35ghld-dcf0ec9bfd9ca8729c44a4e7797a5f21{\nheight:10px;\n}\n<\/style>\n<div  class='hr av-35ghld-dcf0ec9bfd9ca8729c44a4e7797a5f21 hr-invisible  avia-builder-el-20  el_after_av_tab_section  avia-builder-el-no-sibling '><span class='hr-inner '><span class=\"hr-inner-style\"><\/span><\/span><\/div><\/p>\n","protected":false},"excerpt":{"rendered":"","protected":false},"author":1,"featured_media":6342,"parent":8545,"menu_order":1,"comment_status":"closed","ping_status":"closed","template":"","meta":{"footnotes":""},"class_list":["post-6281","page","type-page","status-publish","has-post-thumbnail","hentry"],"_links":{"self":[{"href":"http:\/\/www.ateliersgeeks.com\/index.php?rest_route=\/wp\/v2\/pages\/6281","targetHints":{"allow":["GET"]}}],"collection":[{"href":"http:\/\/www.ateliersgeeks.com\/index.php?rest_route=\/wp\/v2\/pages"}],"about":[{"href":"http:\/\/www.ateliersgeeks.com\/index.php?rest_route=\/wp\/v2\/types\/page"}],"author":[{"embeddable":true,"href":"http:\/\/www.ateliersgeeks.com\/index.php?rest_route=\/wp\/v2\/users\/1"}],"replies":[{"embeddable":true,"href":"http:\/\/www.ateliersgeeks.com\/index.php?rest_route=%2Fwp%2Fv2%2Fcomments&post=6281"}],"version-history":[{"count":5,"href":"http:\/\/www.ateliersgeeks.com\/index.php?rest_route=\/wp\/v2\/pages\/6281\/revisions"}],"predecessor-version":[{"id":7022,"href":"http:\/\/www.ateliersgeeks.com\/index.php?rest_route=\/wp\/v2\/pages\/6281\/revisions\/7022"}],"up":[{"embeddable":true,"href":"http:\/\/www.ateliersgeeks.com\/index.php?rest_route=\/wp\/v2\/pages\/8545"}],"wp:featuredmedia":[{"embeddable":true,"href":"http:\/\/www.ateliersgeeks.com\/index.php?rest_route=\/wp\/v2\/media\/6342"}],"wp:attachment":[{"href":"http:\/\/www.ateliersgeeks.com\/index.php?rest_route=%2Fwp%2Fv2%2Fmedia&parent=6281"}],"curies":[{"name":"wp","href":"https:\/\/api.w.org\/{rel}","templated":true}]}}