{"id":4997,"date":"2018-02-12T12:39:26","date_gmt":"2018-02-12T11:39:26","guid":{"rendered":"http:\/\/www.ateliersgeeks.com\/?page_id=4997"},"modified":"2026-04-10T12:05:02","modified_gmt":"2026-04-10T10:05:02","slug":"newsletter-desinscription","status":"publish","type":"page","link":"http:\/\/www.ateliersgeeks.com\/?page_id=4997","title":{"rendered":"Newsletter \/ D\u00e9sinscription"},"content":{"rendered":"\n<style type=\"text\/css\" data-created_by=\"avia_inline_auto\" id=\"style-css-av-37yhmt-17b5b4e1db0d303bd2ca8bc097126ccd\">\n#top .av-special-heading.av-37yhmt-17b5b4e1db0d303bd2ca8bc097126ccd{\npadding-bottom:0;\n}\nbody .av-special-heading.av-37yhmt-17b5b4e1db0d303bd2ca8bc097126ccd .av-special-heading-tag .heading-char{\nfont-size:25px;\n}\n.av-special-heading.av-37yhmt-17b5b4e1db0d303bd2ca8bc097126ccd .av-subheading{\nfont-size:20px;\n}\n<\/style>\n<div  class='av-special-heading av-37yhmt-17b5b4e1db0d303bd2ca8bc097126ccd av-special-heading-h1 blockquote modern-quote modern-centered  avia-builder-el-0  el_before_av_hr  avia-builder-el-first '><h1 class='av-special-heading-tag '  itemprop=\"headline\"  >Se d\u00e9sinscrire de la newsletter<\/h1><div class=\"special-heading-border\"><div class=\"special-heading-inner-border\"><\/div><\/div><\/div>\n<div  class='hr av-k6ddb9-87f8e55aab6c2c8975a2f13c1e4a3a82 hr-default  avia-builder-el-1  el_after_av_heading  el_before_av_one_fifth '><span class='hr-inner '><span class=\"hr-inner-style\"><\/span><\/span><\/div>\n\n<style type=\"text\/css\" data-created_by=\"avia_inline_auto\" id=\"style-css-av-if0ujp-9f111a2bf8279e41dac51edc7b09c6af\">\n.flex_column.av-if0ujp-9f111a2bf8279e41dac51edc7b09c6af{\nborder-radius:0px 0px 0px 0px;\npadding:0px 0px 0px 0px;\n}\n<\/style>\n<div  class='flex_column av-if0ujp-9f111a2bf8279e41dac51edc7b09c6af av_one_fifth  avia-builder-el-2  el_after_av_hr  el_before_av_three_fifth  first flex_column_div av-zero-column-padding  '     ><\/div>\n\n<style type=\"text\/css\" data-created_by=\"avia_inline_auto\" id=\"style-css-av-hzwfs5-905788f3543a73740bf1e671382287e6\">\n.flex_column.av-hzwfs5-905788f3543a73740bf1e671382287e6{\nborder-radius:0px 0px 0px 0px;\npadding:0px 0px 0px 0px;\n}\n<\/style>\n<div  class='flex_column av-hzwfs5-905788f3543a73740bf1e671382287e6 av_three_fifth  avia-builder-el-3  el_after_av_one_fifth  el_before_av_one_fifth  flex_column_div av-zero-column-padding  '     ><p><form action=\"http:\/\/www.ateliersgeeks.com\/?page_id=4997\" method=\"post\" data-fields-with-error=\"Erreurs trouv\u00e9es dans les champs suivants :\" class=\"avia_ajax_form av-form-labels-visible   avia-builder-el-4  el_before_av_toggle_container  avia-builder-el-first  av-centered-form   \" data-avia-form-id=\"1\" data-avia-redirect='' ><h3 class=''>Ne plus recevoir d\u2019e-mails des Ateliers Geeks<\/h3><fieldset><p class='  first_form  form_element form_fullwidth' id='element_avia_1_1'><label for=\"avia_1_1\">Adresse e-mail <abbr class=\"required\" title=\"requis(e)\">*<\/abbr><\/label> <input name=\"avia_1_1\" class=\"text_input is_email\" type=\"text\" id=\"avia_1_1\" value=\"\" \/><\/p><p class=\"hidden\"><input type=\"text\" name=\"avia_2_1\" class=\"hidden \" id=\"avia_2_1\" value=\"\" \/><\/p><div id='avia_3_1' class='av-recaptcha-area  first_form  form_element form_fullwidth '  data-container_class=\"\" data-custom_class=\"\" data-context=\"av_contact_form\" data-token_input=\"av_recaptcha_token\" data-version=\"avia_recaptcha_v2\" data-theme=\"light\" data-size=\"normal\" data-score=\"0.5\" data-text_to_preview=\"\" data-value=\"\"><div class=\"av-google-badge-message hidden\">Ce site est prot\u00e9g\u00e9 par reCAPTCHA et la <a href=\"https:\/\/policies.google.com\/privacy\">politique de confidentialit\u00e9<\/a> de Google et <a href=\"https:\/\/policies.google.com\/terms\">leur conditions d\u2019utilisation<\/a> s\u2019appliquent.<\/div><\/div><p class=\"form_element \"><input type=\"hidden\" value=\"1\" name=\"avia_generated_form1\" \/><input type=\"submit\" value=\"Valider\" class=\"button\"  data-sending-label=\"Envoi\"\/><\/p><\/fieldset><div class=\"avia-disabled-form\">Ce formulaire est d\u00e9sactiv\u00e9 dans la mesure o\u00f9 vous refusez d\u2019accepter le service Google reCAPTCHA n\u00e9cessaire pour valider toute exp\u00e9dition de message depuis celui-ci.<\/div><\/form><div id=\"ajaxresponse_1\" class=\"ajaxresponse ajaxresponse_1 hidden\"><\/div><br \/>\n<div  class='togglecontainer av-8mtfi7-e22a8f72864fb999f69dc7c6594b21a0 av-minimal-toggle  avia-builder-el-5  el_after_av_contact  el_before_av_hr  toggle_close_all' >\n<section class='av_toggle_section av-2aj7qd-ede87be62ee7a42d5d8bf3594dffd9f7'  itemscope=\"itemscope\" itemtype=\"https:\/\/schema.org\/CreativeWork\" ><div role=\"tablist\" class=\"single_toggle\" data-tags=\"{Tout} \"  ><p id='toggle-toggle-id-1' data-fake-id='#toggle-id-1' class='toggler  av-title-above '  itemprop=\"headline\"  role='tab' tabindex='0' aria-controls='toggle-id-1' data-slide-speed=\"200\" data-title=\"PROTECTION DE VOS DONN\u00c9ES PERSONNELLES \" data-title-open=\"\" data-aria_collapsed=\"Cliquez pour \u00e9tendre : PROTECTION DE VOS DONN\u00c9ES PERSONNELLES \" data-aria_expanded=\"Cliquez pour r\u00e9duire : PROTECTION DE VOS DONN\u00c9ES PERSONNELLES \">PROTECTION DE VOS DONN\u00c9ES PERSONNELLES <span class=\"toggle_icon\"><span class=\"vert_icon\"><\/span><span class=\"hor_icon\"><\/span><\/span><\/p><div id='toggle-id-1' aria-labelledby='toggle-toggle-id-1' role='region' class='toggle_wrap  av-title-above'  ><div class='toggle_content invers-color '  itemprop=\"text\" ><p><strong>Les Ateliers Geeks ayant vocation \u00e0 \u00e9duquer aux usages des outils num\u00e9riques, la moindre des choses est de vous informer de mani\u00e8re simple et claire sur la protection de vos donn\u00e9es \ud83d\ude42<\/strong><\/p>\n<p><strong>DES DONN\u00c9ES PROT\u00c9G\u00c9ES<\/strong><br \/>\nConform\u00e9ment aux obligations du r\u00e8glement g\u00e9n\u00e9ral de protection des donn\u00e9es mais aussi \u00e0 nos principes, les donn\u00e9es personnelles que vous nous communiquez ne sont utilis\u00e9es que dans le cadre des services propos\u00e9s par l&rsquo;association Ateliers Geeks. Elles ne sauraient \u00eatre communiqu\u00e9es \u00e0 des tiers.<\/p>\n<p><strong>LIMIT\u00c9ES AU N\u00c9CESSAIRE<\/strong><br \/>\nSachez \u00e9galement que conform\u00e9ment \u00e0 l\u2019article 32 de la loi Informatique et libert\u00e9 n\u00b078-17 du 6 janvier 1978 modifi\u00e9e, les informations que vous communiquez par le biais des formulaires pr\u00e9sents sur ce site sont n\u00e9cessaires pour r\u00e9pondre \u00e0 votre demande.\u00a0 Elles sont destin\u00e9es \u00e0 Nathalie Lafargue, en tant que responsable de leur traitement \u00e0 des fins de gestion administrative des services utilis\u00e9s.<\/p>\n<p><strong>AVEC UN DROIT D&rsquo;ACC\u00c8S SUR SIMPLE DEMANDE<\/strong><br \/>\nVous disposez d\u2019un droit d\u2019acc\u00e8s qui vous permet de faire rectifier, compl\u00e9ter, mettre \u00e0 jour, r\u00e9cup\u00e9rer ou effacer vos donn\u00e9es personnelles : il vous suffit pour cela d&rsquo;adresser \u00e0 Nathalie Lafargue une demande par e-mail ou via le formulaire de contact.<\/p>\n<p><a href=\"http:\/\/www.ateliersgeeks.com\/?page_id=6016\" target=\"_blank\" rel=\"noopener\">En savoir plus<\/a><\/p>\n<\/div><\/div><\/div><\/section>\n<\/div><br \/>\n<div  class='hr av-9s0uzp-56f3bcbedda7eb38f56435484c4af001 hr-default  avia-builder-el-6  el_after_av_toggle_container  el_before_av_icon_box '><span class='hr-inner '><span class=\"hr-inner-style\"><\/span><\/span><\/div><br \/>\n<article  class='iconbox iconbox_top av-7w7swl-3269556108f657d2c1557da7ff140a7e  avia-builder-el-7  el_after_av_hr  el_before_av_hr  main_color'  itemscope=\"itemscope\" itemtype=\"https:\/\/schema.org\/CreativeWork\" ><div class=\"iconbox_content\"><header class=\"entry-content-header\" aria-label=\"Ic\u00f4ne : \"><div class='iconbox_icon heading-color avia-iconfont avia-font-entypo-fontello' data-av_icon='\ue805' data-av_iconfont='entypo-fontello'  ><\/div><\/header><div class='iconbox_content_container '  itemprop=\"text\" ><p>Si vous vous \u00eates d\u00e9sinscrit par erreur ou si vous avez un regret, vous pouvez vous r\u00e9inscrire en <a href=\"http:\/\/www.ateliersgeeks.com\/?page_id=4079\">cliquant ici<\/a> !<\/p>\n<\/div><\/div><footer class=\"entry-footer\"><\/footer><\/article><br \/>\n\n<style type=\"text\/css\" data-created_by=\"avia_inline_auto\" id=\"style-css-av-6j6jit-91dbcab6525eb4eb12a8537cfa8d014f\">\n#top .hr.hr-invisible.av-6j6jit-91dbcab6525eb4eb12a8537cfa8d014f{\nheight:10px;\n}\n<\/style>\n<div  class='hr av-6j6jit-91dbcab6525eb4eb12a8537cfa8d014f hr-invisible  avia-builder-el-8  el_after_av_icon_box  el_before_av_masonry_entries  avia-builder-el-last '><span class='hr-inner '><span class=\"hr-inner-style\"><\/span><\/span><\/div><br \/>\n<div id='av-masonry-1' class='av-masonry av-4i2305-021116da6458eb24078aaa59c465e012 noHover av-fixed-size av-large-gap av-hover-overlay-active av-masonry-animation-active av-masonry-col-3 av-caption-on-hover-hide av-caption-style-overlay av-masonry-entries ' data-post_id=\"4997\"><div class=\"av-masonry-container isotope av-js-disabled\"><div class='av-masonry-entry isotope-item av-masonry-item-no-image '><\/div><a href=\"http:\/\/www.ateliersgeeks.com\/?p=21137\"  id='av-masonry-1-item-21137' data-av-masonry-item='21137' class='av-masonry-entry isotope-item post-21137 post type-post status-publish format-standard has-post-thumbnail hentry category-2026-02-fev category-2026-03-mars category-2026-04-avr category-arts-visuels category-bricolage category-creation-sonore category-jeux category-musique category-programmation category-recyclage category-stages-vacances  av-masonry-item-with-image' title=\"260420-GameJamFutur\"   itemscope=\"itemscope\" itemtype=\"https:\/\/schema.org\/CreativeWork\" ><div class='av-inner-masonry-sizer'><\/div><figure class='av-inner-masonry main_color'><div class=\"av-masonry-outerimage-container\"><div class='av-masonry-image-container' style=\"background-image: url(http:\/\/www.ateliersgeeks.com\/wp-content\/uploads\/2026\/03\/260420-GameJamFutur-705x570.png);\"  title=\"260420-GameJamFutur\" ><\/div><\/div><figcaption class='av-inner-masonry-content site-background'><div class='av-inner-masonry-content-pos'><div class='av-inner-masonry-content-pos-content'><div class='avia-arrow'><\/div><h3 class='av-masonry-entry-title entry-title '  itemprop=\"headline\" >STAGE PRINTEMPS<\/h3><span class='av-masonry-date meta-color updated'>20 mars 2026<\/span><span class=\"av-masonry-text-sep text-sep-author\">\/<\/span><span class='av-masonry-author meta-color author'><span class='fn'>par Nathalie Lafargue<\/span><\/span><\/div><\/div><\/figcaption><\/figure><\/a><!--end av-masonry entry--><a href=\"http:\/\/www.ateliersgeeks.com\/?p=20872\"  id='av-masonry-1-item-20872' data-av-masonry-item='20872' class='av-masonry-entry isotope-item post-20872 post type-post status-publish format-standard has-post-thumbnail hentry category-2026-02-fev category-2026-03-mars category-arts-visuels category-bricolage category-creation-sonore category-electronique-et-robots category-jeux category-musique category-photo-et-video category-programmation category-recyclage category-stages-vacances  av-masonry-item-with-image' title=\"240826-StageGame&#038;SoundDesign\"   itemscope=\"itemscope\" itemtype=\"https:\/\/schema.org\/CreativeWork\" ><div class='av-inner-masonry-sizer'><\/div><figure class='av-inner-masonry main_color'><div class=\"av-masonry-outerimage-container\"><div class='av-masonry-image-container' style=\"background-image: url(http:\/\/www.ateliersgeeks.com\/wp-content\/uploads\/2026\/01\/240826-StageGameSoundDesign-705x570.png);\"  title=\"240826-StageGame&#038;SoundDesign\" ><\/div><\/div><figcaption class='av-inner-masonry-content site-background'><div class='av-inner-masonry-content-pos'><div class='av-inner-masonry-content-pos-content'><div class='avia-arrow'><\/div><h3 class='av-masonry-entry-title entry-title '  itemprop=\"headline\" >Stage Techno Parade<\/h3><span class='av-masonry-date meta-color updated'>18 janvier 2026<\/span><span class=\"av-masonry-text-sep text-sep-author\">\/<\/span><span class='av-masonry-author meta-color author'><span class='fn'>par Nathalie Lafargue<\/span><\/span><\/div><\/div><\/figcaption><\/figure><\/a><!--end av-masonry entry--><a href=\"http:\/\/www.ateliersgeeks.com\/?p=20544\"  id='av-masonry-1-item-20544' data-av-masonry-item='20544' class='av-masonry-entry isotope-item post-20544 post type-post status-publish format-standard has-post-thumbnail hentry category-2025-09-sept category-2025-10-oct category-evenements category-projets-collaboratifs  av-masonry-item-with-image' title=\"250927-MaisonFamillePeleMele\"   itemscope=\"itemscope\" itemtype=\"https:\/\/schema.org\/CreativeWork\" ><div class='av-inner-masonry-sizer'><\/div><figure class='av-inner-masonry main_color'><div class=\"av-masonry-outerimage-container\"><div class='av-masonry-image-container' style=\"background-image: url(http:\/\/www.ateliersgeeks.com\/wp-content\/uploads\/2025\/09\/250927-MaisonFamillePeleMele-705x570.jpg);\"  title=\"250927-MaisonFamillePeleMele\" ><\/div><\/div><figcaption class='av-inner-masonry-content site-background'><div class='av-inner-masonry-content-pos'><div class='av-inner-masonry-content-pos-content'><div class='avia-arrow'><\/div><h3 class='av-masonry-entry-title entry-title '  itemprop=\"headline\" >Maison de famille p\u00eale-m\u00eale<\/h3><span class='av-masonry-date meta-color updated'>18 septembre 2025<\/span><span class=\"av-masonry-text-sep text-sep-author\">\/<\/span><span class='av-masonry-author meta-color author'><span class='fn'>par Nathalie Lafargue<\/span><\/span><\/div><\/div><\/figcaption><\/figure><\/a><!--end av-masonry entry--><a href=\"http:\/\/www.ateliersgeeks.com\/?p=20536\"  id='av-masonry-1-item-20536' data-av-masonry-item='20536' class='av-masonry-entry isotope-item post-20536 post type-post status-publish format-standard has-post-thumbnail hentry category-2025-10-oct category-arts-visuels category-bricolage category-creation-sonore category-fantastique category-magie category-musique category-programmation category-stages-vacances tag-stagesrecents  av-masonry-item-with-image' title=\"251020-Illusions\"   itemscope=\"itemscope\" itemtype=\"https:\/\/schema.org\/CreativeWork\" ><div class='av-inner-masonry-sizer'><\/div><figure class='av-inner-masonry main_color'><div class=\"av-masonry-outerimage-container\"><div class='av-masonry-image-container' style=\"background-image: url(http:\/\/www.ateliersgeeks.com\/wp-content\/uploads\/2025\/09\/251020-Illusions-705x570.png);\"  title=\"251020-Illusions\" ><\/div><\/div><figcaption class='av-inner-masonry-content site-background'><div class='av-inner-masonry-content-pos'><div class='av-inner-masonry-content-pos-content'><div class='avia-arrow'><\/div><h3 class='av-masonry-entry-title entry-title '  itemprop=\"headline\" >Stage Atelier des Illusions<\/h3><span class='av-masonry-date meta-color updated'>16 septembre 2025<\/span><span class=\"av-masonry-text-sep text-sep-author\">\/<\/span><span class='av-masonry-author meta-color author'><span class='fn'>par Nathalie Lafargue<\/span><\/span><\/div><\/div><\/figcaption><\/figure><\/a><!--end av-masonry entry--><a href=\"http:\/\/www.ateliersgeeks.com\/?p=20125\"  id='av-masonry-1-item-20125' data-av-masonry-item='20125' class='av-masonry-entry isotope-item post-20125 post type-post status-publish format-standard has-post-thumbnail hentry category-2025-07-juil category-arts-visuels category-bricolage category-creation-sonore category-creation-textile category-design category-design-graphique category-mode category-musique category-programmation category-recyclage category-stages-vacances tag-stages2425 tag-stagesrecents  av-masonry-item-with-image' title=\"FashionHackers\"   itemscope=\"itemscope\" itemtype=\"https:\/\/schema.org\/CreativeWork\" ><div class='av-inner-masonry-sizer'><\/div><figure class='av-inner-masonry main_color'><div class=\"av-masonry-outerimage-container\"><div class='av-masonry-image-container' style=\"background-image: url(http:\/\/www.ateliersgeeks.com\/wp-content\/uploads\/2025\/06\/FashionHackers-705x570.jpg);\"  title=\"FashionHackers\" ><\/div><\/div><figcaption class='av-inner-masonry-content site-background'><div class='av-inner-masonry-content-pos'><div class='av-inner-masonry-content-pos-content'><div class='avia-arrow'><\/div><h3 class='av-masonry-entry-title entry-title '  itemprop=\"headline\" >Stage Fashion Hackers<\/h3><span class='av-masonry-date meta-color updated'>1 juin 2025<\/span><span class=\"av-masonry-text-sep text-sep-author\">\/<\/span><span class='av-masonry-author meta-color author'><span class='fn'>par Nathalie Lafargue<\/span><\/span><\/div><\/div><\/figcaption><\/figure><\/a><!--end av-masonry entry--><a href=\"http:\/\/www.ateliersgeeks.com\/?p=20113\"  id='av-masonry-1-item-20113' data-av-masonry-item='20113' class='av-masonry-entry isotope-item post-20113 post type-post status-publish format-standard has-post-thumbnail hentry category-2025-06-juin category-heroic-fantasy category-jeux category-narration category-programmation category-stages-vacances tag-stages2425 tag-stagesrecents  av-masonry-item-with-image' title=\"Mythologeek2\"   itemscope=\"itemscope\" itemtype=\"https:\/\/schema.org\/CreativeWork\" ><div class='av-inner-masonry-sizer'><\/div><figure class='av-inner-masonry main_color'><div class=\"av-masonry-outerimage-container\"><div class='av-masonry-image-container' style=\"background-image: url(http:\/\/www.ateliersgeeks.com\/wp-content\/uploads\/2025\/06\/Mythologeek2-705x570.jpg);\"  title=\"Mythologeek2\" ><\/div><\/div><figcaption class='av-inner-masonry-content site-background'><div class='av-inner-masonry-content-pos'><div class='av-inner-masonry-content-pos-content'><div class='avia-arrow'><\/div><h3 class='av-masonry-entry-title entry-title '  itemprop=\"headline\" >Stage Mythologeek<\/h3><span class='av-masonry-date meta-color updated'>1 juin 2025<\/span><span class=\"av-masonry-text-sep text-sep-author\">\/<\/span><span class='av-masonry-author meta-color author'><span class='fn'>par Nathalie Lafargue<\/span><\/span><\/div><\/div><\/figcaption><\/figure><\/a><!--end av-masonry entry--><\/div><\/div><\/p><\/div>\n<style type=\"text\/css\" data-created_by=\"avia_inline_auto\" id=\"style-css-av-2gwjwl-e7f7761b42b87add8944decb388c7c87\">\n.flex_column.av-2gwjwl-e7f7761b42b87add8944decb388c7c87{\nborder-radius:0px 0px 0px 0px;\npadding:0px 0px 0px 0px;\n}\n<\/style>\n<div  class='flex_column av-2gwjwl-e7f7761b42b87add8944decb388c7c87 av_one_fifth  avia-builder-el-10  el_after_av_three_fifth  avia-builder-el-last  flex_column_div av-zero-column-padding  '     ><\/div><\/p>\n","protected":false},"excerpt":{"rendered":"","protected":false},"author":1,"featured_media":0,"parent":4626,"menu_order":2,"comment_status":"closed","ping_status":"closed","template":"","meta":{"footnotes":""},"class_list":["post-4997","page","type-page","status-publish","hentry"],"_links":{"self":[{"href":"http:\/\/www.ateliersgeeks.com\/index.php?rest_route=\/wp\/v2\/pages\/4997","targetHints":{"allow":["GET"]}}],"collection":[{"href":"http:\/\/www.ateliersgeeks.com\/index.php?rest_route=\/wp\/v2\/pages"}],"about":[{"href":"http:\/\/www.ateliersgeeks.com\/index.php?rest_route=\/wp\/v2\/types\/page"}],"author":[{"embeddable":true,"href":"http:\/\/www.ateliersgeeks.com\/index.php?rest_route=\/wp\/v2\/users\/1"}],"replies":[{"embeddable":true,"href":"http:\/\/www.ateliersgeeks.com\/index.php?rest_route=%2Fwp%2Fv2%2Fcomments&post=4997"}],"version-history":[{"count":5,"href":"http:\/\/www.ateliersgeeks.com\/index.php?rest_route=\/wp\/v2\/pages\/4997\/revisions"}],"predecessor-version":[{"id":21195,"href":"http:\/\/www.ateliersgeeks.com\/index.php?rest_route=\/wp\/v2\/pages\/4997\/revisions\/21195"}],"up":[{"embeddable":true,"href":"http:\/\/www.ateliersgeeks.com\/index.php?rest_route=\/wp\/v2\/pages\/4626"}],"wp:attachment":[{"href":"http:\/\/www.ateliersgeeks.com\/index.php?rest_route=%2Fwp%2Fv2%2Fmedia&parent=4997"}],"curies":[{"name":"wp","href":"https:\/\/api.w.org\/{rel}","templated":true}]}}