{"id":4835,"date":"2018-01-12T17:02:54","date_gmt":"2018-01-12T16:02:54","guid":{"rendered":"http:\/\/www.ateliersgeeks.com\/?page_id=4835"},"modified":"2025-10-16T10:02:11","modified_gmt":"2025-10-16T08:02:11","slug":"a-propos","status":"publish","type":"page","link":"http:\/\/www.ateliersgeeks.com\/?page_id=4835","title":{"rendered":"\u00c0 PROPOS"},"content":{"rendered":"\n<style type=\"text\/css\" data-created_by=\"avia_inline_auto\" id=\"style-css-av-kemmr-78f0609165b00f8fee6ae709ae1d27d5\">\n.avia-section.av-kemmr-78f0609165b00f8fee6ae709ae1d27d5{\nbackground-color:#000000;\nbackground-image:url(http:\/\/www.ateliersgeeks.com\/wp-content\/uploads\/2023\/05\/Galaxie.jpg);\nbackground-repeat:no-repeat;\nbackground-position:50% 50%;\nbackground-attachment:fixed;\n}\n.avia-section.av-kemmr-78f0609165b00f8fee6ae709ae1d27d5 .av-section-color-overlay{\nopacity:0.3;\nbackground-color:#000000;\n}\n<\/style>\n<div id='av_section_1'  class='avia-section av-kemmr-78f0609165b00f8fee6ae709ae1d27d5 main_color avia-section-small avia-no-border-styling  avia-builder-el-0  avia-builder-el-no-sibling  avia-full-stretch avia-bg-style-fixed av-section-color-overlay-active av-minimum-height av-minimum-height-custom av-height-custom  container_wrap fullsize'  data-section-bg-repeat='stretch' data-av_minimum_height_px='900'><div class=\"av-section-color-overlay-wrap\"><div class=\"av-section-color-overlay\"><\/div><div class='container av-section-cont-open' style='height:900px'><main  role=\"main\" itemprop=\"mainContentOfPage\"  class='template-page content  av-content-full alpha units'><div class='post-entry post-entry-type-page post-entry-4835'><div class='entry-content-wrapper clearfix'>\n\n<style type=\"text\/css\" data-created_by=\"avia_inline_auto\" id=\"style-css-av-46prsz-1c2487860cbacf47ce4396c938626a8e\">\n.flex_column.av-46prsz-1c2487860cbacf47ce4396c938626a8e{\nborder-radius:0px 0px 0px 0px;\npadding:0px 0px 0px 0px;\n}\n<\/style>\n<div  class='flex_column av-46prsz-1c2487860cbacf47ce4396c938626a8e av_one_fifth  avia-builder-el-1  el_before_av_three_fifth  avia-builder-el-first  first av-break-at-tablet flex_column_div av-hide-on-mobile av-zero-column-padding  '     ><\/div>\n<style type=\"text\/css\" data-created_by=\"avia_inline_auto\" id=\"style-css-av-hi2psz-5d9f33fa67bf5fc65218138ca1082b62\">\n.flex_column.av-hi2psz-5d9f33fa67bf5fc65218138ca1082b62{\nborder-radius:0px 0px 0px 0px;\npadding:0px 0px 0px 0px;\n}\n<\/style>\n<div  class='flex_column av-hi2psz-5d9f33fa67bf5fc65218138ca1082b62 av_three_fifth  avia-builder-el-2  el_after_av_one_fifth  el_before_av_one_fifth  av-break-at-tablet flex_column_div av-zero-column-padding  '     ><p>\n<style type=\"text\/css\" data-created_by=\"avia_inline_auto\" id=\"style-css-av-frux37-b4c21c26c8af005ae5a6c73f0913dabb\">\n.avia-image-container.av-frux37-b4c21c26c8af005ae5a6c73f0913dabb img.avia_image{\nbox-shadow:none;\n}\n.avia-image-container.av-frux37-b4c21c26c8af005ae5a6c73f0913dabb .av-image-caption-overlay-center{\ncolor:#ffffff;\n}\n<\/style>\n<div  class='avia-image-container av-frux37-b4c21c26c8af005ae5a6c73f0913dabb av-styling- av-img-linked avia-align-center  avia-builder-el-3  el_before_av_hr  avia-builder-el-first '   itemprop=\"image\" itemscope=\"itemscope\" itemtype=\"https:\/\/schema.org\/ImageObject\" ><div class=\"avia-image-container-inner\"><div class=\"avia-image-overlay-wrap\"><a href=\"http:\/\/www.ateliersgeeks.com\/\" class='avia_image '  aria-label='AteliersGeeks-LogoLigneBlanc'><img decoding=\"async\" fetchpriority=\"high\" class='wp-image-9655 avia-img-lazy-loading-not-9655 avia_image ' src=\"http:\/\/www.ateliersgeeks.com\/wp-content\/uploads\/2019\/08\/AteliersGeeks-LogoLigneBlanc.png\" alt='' title='AteliersGeeks-LogoLigneBlanc'  height=\"100\" width=\"800\"  itemprop=\"thumbnailUrl\" srcset=\"http:\/\/www.ateliersgeeks.com\/wp-content\/uploads\/2019\/08\/AteliersGeeks-LogoLigneBlanc.png 800w, http:\/\/www.ateliersgeeks.com\/wp-content\/uploads\/2019\/08\/AteliersGeeks-LogoLigneBlanc-300x38.png 300w, http:\/\/www.ateliersgeeks.com\/wp-content\/uploads\/2019\/08\/AteliersGeeks-LogoLigneBlanc-768x96.png 768w, http:\/\/www.ateliersgeeks.com\/wp-content\/uploads\/2019\/08\/AteliersGeeks-LogoLigneBlanc-705x88.png 705w, http:\/\/www.ateliersgeeks.com\/wp-content\/uploads\/2019\/08\/AteliersGeeks-LogoLigneBlanc-450x56.png 450w\" sizes=\"(max-width: 800px) 100vw, 800px\" \/><\/a><\/div><\/div><\/div><br \/>\n\n<style type=\"text\/css\" data-created_by=\"avia_inline_auto\" id=\"style-css-av-dkxwur-2-9651760a1c5f40602a7ea94cc1707cac\">\n#top .hr.hr-invisible.av-dkxwur-2-9651760a1c5f40602a7ea94cc1707cac{\nheight:20px;\n}\n<\/style>\n<div  class='hr av-dkxwur-2-9651760a1c5f40602a7ea94cc1707cac hr-invisible  avia-builder-el-4  el_after_av_image  el_before_av_textblock '><span class='hr-inner '><span class=\"hr-inner-style\"><\/span><\/span><\/div><br \/>\n\n<style type=\"text\/css\" data-created_by=\"avia_inline_auto\" id=\"style-css-av-bt0tcj-dce0bb80e8091cb8152ad29629ae502f\">\n#top .av_textblock_section.av-bt0tcj-dce0bb80e8091cb8152ad29629ae502f .avia_textblock{\nfont-size:18px;\ncolor:#ffffff;\n}\n<\/style>\n<section  class='av_textblock_section av-bt0tcj-dce0bb80e8091cb8152ad29629ae502f '   itemscope=\"itemscope\" itemtype=\"https:\/\/schema.org\/CreativeWork\" ><div class='avia_textblock av_inherit_color'  itemprop=\"text\" ><h1 style=\"text-align: center;\"><span data-offset-key=\"cdtgk-0-0\"><strong>\u2014 \u00c0 PROPOS \u2014<br \/>\n<\/strong><\/span><\/h1>\n<h3><span data-offset-key=\"cdtgk-0-0\"><strong>DES ATELIERS CR\u00c9ATIFS D&rsquo;\u00c9DUCATION AU NUM\u00c9RIQUE ET \u00c0 LA CULTURE MAKER<\/strong><\/span><\/h3>\n<p>Les Ateliers Geeks explorent l&rsquo;intersection entre savoir-faire manuels et technologiques \u00e0 des fins artistiques, dans une d\u00e9marche sensible \u00e0 la pr\u00e9servation de l&rsquo;environnement. Nous initions et participons \u00e0 des projets artistiques et culturels promouvant la culture Maker et une \u00e9ducation r\u00e9fl\u00e9chie aux nouvelles technologies.<\/p>\n<h3><span data-offset-key=\"cdtgk-0-0\"><strong>POUR APPRENDRE PAR LA PRATIQUE<\/strong><\/span><\/h3>\n<p>Dans cet esprit, nous proposons des ateliers favorisant les apprentissages par le jeu et la pratique ainsi que la mise en \u0153uvre de projets collaboratifs afin de :<br \/>\n\u2022 d\u00e9velopper cr\u00e9ativit\u00e9, capacit\u00e9 \u00e0 travailler en groupe et savoir-faire,<br \/>\n\u2022 s\u2019approprier les outils de mani\u00e8re active (programmation),<br \/>\n\u2022 les utiliser \u00e0 des fins cr\u00e9atives (productions plastiques, cr\u00e9ation de jeux, publications, etc.),<br \/>\n\u2022 s\u2019interroger sur les enjeux du num\u00e9rique (environnement, IA, culture de l\u2019image, r\u00e9seaux sociaux, etc.).<\/p>\n<h3><span data-offset-key=\"cdtgk-0-0\"><strong>UNE ASSOCIATION DE PASSIONN\u00c9S<br \/>\n<\/strong><\/span><\/h3>\n<p><span data-offset-key=\"btf64-0-3\">Nous ne circonscrivons pas le terme de Geeks aux usagers des nouvelles technologies mais l\u2019entendons plus largement au sens de passionn\u00e9s, et ce quelque soit le domaine : geeks de sciences comme de tricot. Les Ateliers Geeks, proposent depuis 2017 des ateliers et des stages ainsi que des interventions dans des structures culturelles et socio-\u00e9ducatives. Pour am\u00e9liorer l\u2019organisation de ces ateliers, les p\u00e9renniser et initier d\u2019autres projets culturels, nous avons fond\u00e9 en 2019 une association qui g\u00e8re notamment l&rsquo;organisation des ateliers r\u00e9guliers et des stages durant les vacances scolaires.<br \/>\n<\/span><\/p>\n<h3><span data-offset-key=\"cdtgk-0-0\"><strong>SUR LE VAL D&rsquo;OISE ET AU DEL\u00c0<\/strong><\/span><\/h3>\n<p><span data-offset-key=\"cdtgk-0-0\">Les membres fondateurs vivant dans le Val d\u2019Oise, nous avons \u00e0 c\u0153ur de contribuer \u00e0 enrichir la vie culturelle de ce territoire et plus g\u00e9n\u00e9ralement de la banlieue parisienne. <\/span>Nous sommes notamment sensibles \u00e0 la question de l\u2019\u00e9galit\u00e9 face au num\u00e9rique. L&rsquo;association s&rsquo;appuie sur un noyau dur d&rsquo;artistes, enseignants et \u00e9tudiants en art, makers aux comp\u00e9tences multiples.<\/p>\n<h3><span data-offset-key=\"cdtgk-0-0\"><strong>DES ATELIERS HEBDOMADAIRES ET DES STAGES<br \/>\n<\/strong><\/span><\/h3>\n<p><span data-offset-key=\"btf64-0-5\">L&rsquo;association organise sur Cormeilles-en-Parisis o\u00f9 elle est \u00e9tablie des ateliers hebdomadaires \u00e0 destination des enfants et des adolescents ainsi que des stages durant les vacances scolaires. L&rsquo;association organise \u00e9galement des projets collaboratifs artistiques interg\u00e9n\u00e9rationnels. Des expositions sont organis\u00e9es pour restituer les travaux r\u00e9alis\u00e9s dans le cadre des ateliers.\u00a0 Les projets men\u00e9s sur un temps longs permettent ensuite de cr\u00e9er des formats plus courts qui sont propos\u00e9s sous forme d&rsquo;ateliers d\u00e9couverte ou de propositions \u00e0 destination de structures culturelles ou socio-\u00e9ducatives.\u00a0<\/span><\/p>\n<h3><span data-offset-key=\"cdtgk-0-0\"><strong>DES PROPOSITIONS POUR LES STRUCTURES CULTURELLES ET <\/strong><\/span><strong>SOCIO-\u00c9DUCATIVES<\/strong><\/h3>\n<p><span data-offset-key=\"btf64-0-5\">Nous proposons des formats adapt\u00e9s aux institutions culturelles, associations et collectivit\u00e9s territoriales dans le cadre d\u2019actions culturelles ou \u00e9ducatives. L&rsquo;association peut g\u00e9rer la facturation ou, lorsqu&rsquo;un seul intervenant est impliqu\u00e9 dans le projet, mettre celui-ci en relation directe avec la structure.<br \/>\n<\/span><\/p>\n<p><span data-offset-key=\"btf64-0-5\">Les Ateliers Geeks sont nomades et s\u2019adaptent en fonction des locaux et des contingences mat\u00e9rielles. Nous pouvons mettre \u00e0 disposition du mat\u00e9riel et des supports p\u00e9dagogiques. Dans la mesure du possible, nous utilisons des mat\u00e9riaux de r\u00e9cup\u00e9ration. <\/span><\/p>\n<h3><span data-offset-key=\"cdtgk-0-0\"><strong>UNE OUVERTURE \u00c0 TOUS LES PUBLICS<\/strong> <\/span><\/h3>\n<p><span data-offset-key=\"cdtgk-0-0\">Nous accueillons chacun dans le respect de ses particularit\u00e9s et dans la mesure de nos capacit\u00e9s et de nos contraintes mat\u00e9rielles (lieux, etc.), de ses \u00e9ventuels difficult\u00e9s ou handicaps. <\/span><\/p>\n<p><span data-offset-key=\"cdtgk-0-0\">Nous souhaitons d\u00e9velopper les ateliers familiaux et interg\u00e9n\u00e9rationnels et plus sp\u00e9cifiquement, avons \u00e0 c\u0153ur de contribuer \u00e0 d\u00e9velopper le sentiment de comp\u00e9tence des filles et des femmes face aux outils num\u00e9riques et \u00e0 la programmation afin de les motiver \u00e0 investir plus largement ces champs.<\/span><\/p>\n<h3><span data-offset-key=\"cdtgk-0-0\"><strong>UN USAGE R\u00c9FL\u00c9CHI DES NOUVELLES TECHNOLOGIES<\/strong> <\/span><\/h3>\n<p><span data-offset-key=\"cdtgk-0-0\">La vision des nouvelles technologies port\u00e9e par l\u2019association n\u2019est pas celle d&rsquo;un tech-club : nous consid\u00e9rons les outils num\u00e9riques comme des outils cr\u00e9atifs parmi d&rsquo;autres et favorisons tout autant l&rsquo;utilisation d&rsquo;outils manuels. Nous sommes conscients de l\u2019impact environnemental des nouvelles technologies, tout en consid\u00e9rant qu\u2019un usage r\u00e9fl\u00e9chi du num\u00e9rique peut \u00e9galement faire partie des solutions et qu&rsquo;il est important d&rsquo;\u00e9duquer \u00e0 ces outils qui ont d\u00e9sormais une grande place dans le quotidien de chacun.<\/span><\/p>\n<h3><span data-offset-key=\"cdtgk-0-0\"><strong>LA CULTURE MAKER POUR FAIRE \u00c9MERGER DES SOLUTIONS DURABLES<\/strong> <\/span><\/h3>\n<p><span data-offset-key=\"cdtgk-0-0\">Pour nos r\u00e9alisations nous utilisons en priorit\u00e9 des mat\u00e9riaux de r\u00e9cup\u00e9ration et nous effor\u00e7ons d\u2019\u00e9viter le gaspillage. Nous consid\u00e9rons la culture Maker comme un moyen de :<br \/>\n\u2022 renouer avec ses capacit\u00e9s \u00e0 faire et d\u00e9velopper sa cr\u00e9ativit\u00e9,<br \/>\n\u2022 \u00eatre acteur plut\u00f4t que consommateur,<br \/>\n\u2022 r\u00e9parer, d\u00e9tourner ou trouver de nouveaux usages plut\u00f4t que jeter et remplacer,<br \/>\n\u2022 s\u2019approprier les savoir-faire manuels et technologiques pour gagner en autonomie.<\/span><\/p>\n<p><span data-offset-key=\"cdtgk-0-0\">\u00a0<\/span><\/p>\n<\/div><\/section><br \/>\n<div  class='hr av-2rwur7-2471c9f4990befdf0ca47b1996c52ddc hr-default  avia-builder-el-6  el_after_av_textblock  el_before_av_icon_box '><span class='hr-inner '><span class=\"hr-inner-style\"><\/span><\/span><\/div><br \/>\n\n<style type=\"text\/css\" data-created_by=\"avia_inline_auto\" id=\"style-css-av-8fr8ur-806a775522ea809d7f8d6c3dadd67a85\">\n.iconbox.av-8fr8ur-806a775522ea809d7f8d6c3dadd67a85 .iconbox_icon{\ncolor:#ffffff;\n}\n.iconbox.av-8fr8ur-806a775522ea809d7f8d6c3dadd67a85 .iconbox_icon.avia-svg-icon svg:first-child{\nfill:#ffffff;\nstroke:#ffffff;\n}\n#top #wrap_all .iconbox.av-8fr8ur-806a775522ea809d7f8d6c3dadd67a85 .iconbox_content_title{\ncolor:#ffffff;\n}\n.iconbox.av-8fr8ur-806a775522ea809d7f8d6c3dadd67a85 .iconbox_content_container{\ncolor:#ffffff;\n}\n<\/style>\n<article  class='iconbox iconbox_left av-8fr8ur-806a775522ea809d7f8d6c3dadd67a85 av-icon-style-no-border  avia-builder-el-7  el_after_av_hr  el_before_av_icon_box '  itemscope=\"itemscope\" itemtype=\"https:\/\/schema.org\/CreativeWork\" ><div class=\"iconbox_content\"><header class=\"entry-content-header\" aria-label=\"Ic\u00f4ne : SUIVEZ L\u2019ACTUALIT\u00c9 DES ATELIERS GEEKS SUR FACEBOOK\u2026\"><a href='https:\/\/www.facebook.com\/AteliersGeeks\/' title='SUIVEZ L\u2019ACTUALIT\u00c9 DES ATELIERS GEEKS SUR FACEBOOK\u2026' aria-label='SUIVEZ L\u2019ACTUALIT\u00c9 DES ATELIERS GEEKS SUR FACEBOOK\u2026'  class='iconbox_icon heading-color avia-iconfont avia-font-entypo-fontello' data-av_icon='\ue8f4' data-av_iconfont='entypo-fontello' title=\"SUIVEZ L\u2019ACTUALIT\u00c9 DES ATELIERS GEEKS SUR FACEBOOK\u2026\" desc=\"SUIVEZ L\u2019ACTUALIT\u00c9 DES ATELIERS GEEKS SUR FACEBOOK\u2026\" ><\/a><h3 class='iconbox_content_title '  itemprop=\"headline\" ><a href='https:\/\/www.facebook.com\/AteliersGeeks\/' title='SUIVEZ L\u2019ACTUALIT\u00c9 DES ATELIERS GEEKS SUR FACEBOOK\u2026' >SUIVEZ L\u2019ACTUALIT\u00c9 DES ATELIERS GEEKS SUR FACEBOOK\u2026<\/a><\/h3><\/header><div class='iconbox_content_container av_inherit_color'  itemprop=\"text\" ><\/div><\/div><footer class=\"entry-footer\"><\/footer><\/article><br \/>\n\n<style type=\"text\/css\" data-created_by=\"avia_inline_auto\" id=\"style-css-av-7d1fdv-1992263d947103396103807ef0cc1aaf\">\n.iconbox.av-7d1fdv-1992263d947103396103807ef0cc1aaf .iconbox_icon{\ncolor:#ffffff;\n}\n.iconbox.av-7d1fdv-1992263d947103396103807ef0cc1aaf .iconbox_icon.avia-svg-icon svg:first-child{\nfill:#ffffff;\nstroke:#ffffff;\n}\n#top #wrap_all .iconbox.av-7d1fdv-1992263d947103396103807ef0cc1aaf .iconbox_content_title{\ncolor:#ffffff;\n}\n.iconbox.av-7d1fdv-1992263d947103396103807ef0cc1aaf .iconbox_content_container{\ncolor:#ffffff;\n}\n<\/style>\n<article  class='iconbox iconbox_left av-7d1fdv-1992263d947103396103807ef0cc1aaf  avia-builder-el-8  el_after_av_icon_box  el_before_av_icon_box '  itemscope=\"itemscope\" itemtype=\"https:\/\/schema.org\/CreativeWork\" ><div class=\"iconbox_content\"><header class=\"entry-content-header\" aria-label=\"Ic\u00f4ne : SUR INSTAGRAM\"><a href='https:\/\/www.instagram.com\/ateliersgeeks\/' title='SUR INSTAGRAM' aria-label='SUR INSTAGRAM'  class='iconbox_icon heading-color avia-iconfont avia-font-entypo-fontello' data-av_icon='\ue8f2' data-av_iconfont='entypo-fontello' title=\"SUR INSTAGRAM\" desc=\"SUR INSTAGRAM\" ><\/a><h3 class='iconbox_content_title '  itemprop=\"headline\" ><a href='https:\/\/www.instagram.com\/ateliersgeeks\/' title='SUR INSTAGRAM' >SUR INSTAGRAM<\/a><\/h3><\/header><div class='iconbox_content_container av_inherit_color'  itemprop=\"text\" ><\/div><\/div><footer class=\"entry-footer\"><\/footer><\/article><br \/>\n\n<style type=\"text\/css\" data-created_by=\"avia_inline_auto\" id=\"style-css-av-596swz-83e9bea522d45d682557c845ef825ef1\">\n.iconbox.av-596swz-83e9bea522d45d682557c845ef825ef1 .iconbox_icon{\ncolor:#ffffff;\n}\n.iconbox.av-596swz-83e9bea522d45d682557c845ef825ef1 .iconbox_icon.avia-svg-icon svg:first-child{\nfill:#ffffff;\nstroke:#ffffff;\n}\n#top #wrap_all .iconbox.av-596swz-83e9bea522d45d682557c845ef825ef1 .iconbox_content_title{\ncolor:#ffffff;\n}\n.iconbox.av-596swz-83e9bea522d45d682557c845ef825ef1 .iconbox_content_container{\ncolor:#ffffff;\n}\n<\/style>\n<article  class='iconbox iconbox_left av-596swz-83e9bea522d45d682557c845ef825ef1 av-icon-style-no-border  avia-builder-el-9  el_after_av_icon_box  el_before_av_icon_box '  itemscope=\"itemscope\" itemtype=\"https:\/\/schema.org\/CreativeWork\" ><div class=\"iconbox_content\"><header class=\"entry-content-header\" aria-label=\"Ic\u00f4ne : D\u00c9COUVREZ LES ATELIERS\"><a href='http:\/\/www.ateliersgeeks.com\/?page_id=4802' title='D\u00c9COUVREZ LES ATELIERS' aria-label='D\u00c9COUVREZ LES ATELIERS'  class='iconbox_icon heading-color avia-iconfont avia-font-entypo-fontello' data-av_icon='\ue81f' data-av_iconfont='entypo-fontello' title=\"D\u00c9COUVREZ LES ATELIERS\" desc=\"D\u00c9COUVREZ LES ATELIERS\" ><\/a><h3 class='iconbox_content_title '  itemprop=\"headline\" ><a href='http:\/\/www.ateliersgeeks.com\/?page_id=4802' title='D\u00c9COUVREZ LES ATELIERS' >D\u00c9COUVREZ LES ATELIERS<\/a><\/h3><\/header><div class='iconbox_content_container av_inherit_color'  itemprop=\"text\" ><\/div><\/div><footer class=\"entry-footer\"><\/footer><\/article><br \/>\n\n<style type=\"text\/css\" data-created_by=\"avia_inline_auto\" id=\"style-css-av-4dhoo3-39af83aaf01b8322e36e6db60c8bef9e\">\n.iconbox.av-4dhoo3-39af83aaf01b8322e36e6db60c8bef9e .iconbox_icon{\ncolor:#ffffff;\n}\n.iconbox.av-4dhoo3-39af83aaf01b8322e36e6db60c8bef9e .iconbox_icon.avia-svg-icon svg:first-child{\nfill:#ffffff;\nstroke:#ffffff;\n}\n#top #wrap_all .iconbox.av-4dhoo3-39af83aaf01b8322e36e6db60c8bef9e .iconbox_content_title{\ncolor:#ffffff;\n}\n.iconbox.av-4dhoo3-39af83aaf01b8322e36e6db60c8bef9e .iconbox_content_container{\ncolor:#ffffff;\n}\n<\/style>\n<article  class='iconbox iconbox_left av-4dhoo3-39af83aaf01b8322e36e6db60c8bef9e  avia-builder-el-10  el_after_av_icon_box  avia-builder-el-last '  itemscope=\"itemscope\" itemtype=\"https:\/\/schema.org\/CreativeWork\" ><div class=\"iconbox_content\"><header class=\"entry-content-header\" aria-label=\"Ic\u00f4ne : CONTACT\"><a href=' http:\/\/www.ateliersgeeks.com\/?page_id=4626' title='CONTACT' aria-label='CONTACT'  class='iconbox_icon heading-color avia-iconfont avia-font-entypo-fontello' data-av_icon='\ue805' data-av_iconfont='entypo-fontello' title=\"CONTACT\" desc=\"CONTACT\" ><\/a><h3 class='iconbox_content_title '  itemprop=\"headline\" ><a href=' http:\/\/www.ateliersgeeks.com\/?page_id=4626' title='CONTACT' >CONTACT<\/a><\/h3><\/header><div class='iconbox_content_container av_inherit_color'  itemprop=\"text\" ><\/div><\/div><footer class=\"entry-footer\"><\/footer><\/article><\/p><\/div>\n<style type=\"text\/css\" data-created_by=\"avia_inline_auto\" id=\"style-css-av-2oktrn-0f181016cd82a7a84482b39c906a235b\">\n.flex_column.av-2oktrn-0f181016cd82a7a84482b39c906a235b{\nborder-radius:0px 0px 0px 0px;\npadding:0px 0px 0px 0px;\n}\n<\/style>\n<div  class='flex_column av-2oktrn-0f181016cd82a7a84482b39c906a235b av_one_fifth  avia-builder-el-11  el_after_av_three_fifth  avia-builder-el-last  av-break-at-tablet flex_column_div av-hide-on-mobile av-zero-column-padding  '     ><\/div>\n","protected":false},"excerpt":{"rendered":"","protected":false},"author":1,"featured_media":0,"parent":3538,"menu_order":1,"comment_status":"closed","ping_status":"closed","template":"","meta":{"footnotes":""},"class_list":["post-4835","page","type-page","status-publish","hentry"],"_links":{"self":[{"href":"http:\/\/www.ateliersgeeks.com\/index.php?rest_route=\/wp\/v2\/pages\/4835","targetHints":{"allow":["GET"]}}],"collection":[{"href":"http:\/\/www.ateliersgeeks.com\/index.php?rest_route=\/wp\/v2\/pages"}],"about":[{"href":"http:\/\/www.ateliersgeeks.com\/index.php?rest_route=\/wp\/v2\/types\/page"}],"author":[{"embeddable":true,"href":"http:\/\/www.ateliersgeeks.com\/index.php?rest_route=\/wp\/v2\/users\/1"}],"replies":[{"embeddable":true,"href":"http:\/\/www.ateliersgeeks.com\/index.php?rest_route=%2Fwp%2Fv2%2Fcomments&post=4835"}],"version-history":[{"count":6,"href":"http:\/\/www.ateliersgeeks.com\/index.php?rest_route=\/wp\/v2\/pages\/4835\/revisions"}],"predecessor-version":[{"id":20630,"href":"http:\/\/www.ateliersgeeks.com\/index.php?rest_route=\/wp\/v2\/pages\/4835\/revisions\/20630"}],"up":[{"embeddable":true,"href":"http:\/\/www.ateliersgeeks.com\/index.php?rest_route=\/wp\/v2\/pages\/3538"}],"wp:attachment":[{"href":"http:\/\/www.ateliersgeeks.com\/index.php?rest_route=%2Fwp%2Fv2%2Fmedia&parent=4835"}],"curies":[{"name":"wp","href":"https:\/\/api.w.org\/{rel}","templated":true}]}}