{"id":4079,"date":"2017-06-28T11:48:43","date_gmt":"2017-06-28T09:48:43","guid":{"rendered":"http:\/\/www.ateliersgeeks.com\/?page_id=4079"},"modified":"2025-09-06T02:58:02","modified_gmt":"2025-09-06T00:58:02","slug":"newsletter-inscription","status":"publish","type":"page","link":"http:\/\/www.ateliersgeeks.com\/?page_id=4079","title":{"rendered":"Newsletter \/ Inscription"},"content":{"rendered":"\n<style type=\"text\/css\" data-created_by=\"avia_inline_auto\" id=\"style-css-av-36llnz-6dd700356e7cad8e9e59474538268e0c\">\n#top .av-special-heading.av-36llnz-6dd700356e7cad8e9e59474538268e0c{\npadding-bottom:0;\n}\nbody .av-special-heading.av-36llnz-6dd700356e7cad8e9e59474538268e0c .av-special-heading-tag .heading-char{\nfont-size:25px;\n}\n.av-special-heading.av-36llnz-6dd700356e7cad8e9e59474538268e0c .av-subheading{\nfont-size:20px;\n}\n<\/style>\n<div  class='av-special-heading av-36llnz-6dd700356e7cad8e9e59474538268e0c av-special-heading-h1 blockquote modern-quote modern-centered  avia-builder-el-0  el_before_av_hr  avia-builder-el-first '><h1 class='av-special-heading-tag '  itemprop=\"headline\"  >S\u2019inscrire \u00e0 la newsletter<\/h1><div class=\"special-heading-border\"><div class=\"special-heading-inner-border\"><\/div><\/div><\/div>\n<div  class='hr av-2ef5lr-c71c88667e6eeeb7551b4775ac6f6fe1 hr-default  avia-builder-el-1  el_after_av_heading  el_before_av_one_fifth '><span class='hr-inner '><span class=\"hr-inner-style\"><\/span><\/span><\/div>\n\n<style type=\"text\/css\" data-created_by=\"avia_inline_auto\" id=\"style-css-av-mjgenz-6f4bfc36ef85cc9b29fbe60256844906\">\n.flex_column.av-mjgenz-6f4bfc36ef85cc9b29fbe60256844906{\nborder-radius:0px 0px 0px 0px;\npadding:0px 0px 0px 0px;\n}\n<\/style>\n<div  class='flex_column av-mjgenz-6f4bfc36ef85cc9b29fbe60256844906 av_one_fifth  avia-builder-el-2  el_after_av_hr  el_before_av_three_fifth  first flex_column_div av-zero-column-padding  '     ><\/div>\n\n<style type=\"text\/css\" data-created_by=\"avia_inline_auto\" id=\"style-css-av-kzfqcv-a692b8f883042e7575c13ecf5c8ae102\">\n.flex_column.av-kzfqcv-a692b8f883042e7575c13ecf5c8ae102{\nborder-radius:0px 0px 0px 0px;\npadding:0px 0px 0px 0px;\n}\n<\/style>\n<div  class='flex_column av-kzfqcv-a692b8f883042e7575c13ecf5c8ae102 av_three_fifth  avia-builder-el-3  el_after_av_one_fifth  el_before_av_one_fifth  flex_column_div av-zero-column-padding  '     ><article  class='iconbox iconbox_top av-jl215b-d0a980acde35f6f2162882f80402c6cd  avia-builder-el-4  el_before_av_contact  avia-builder-el-first  main_color'  itemscope=\"itemscope\" itemtype=\"https:\/\/schema.org\/CreativeWork\" ><div class=\"iconbox_content\"><header class=\"entry-content-header\" aria-label=\"Ic\u00f4ne : \"><div class='iconbox_icon heading-color avia-iconfont avia-font-entypo-fontello' data-av_icon='\ue805' data-av_iconfont='entypo-fontello'  ><\/div><\/header><div class='iconbox_content_container '  itemprop=\"text\" ><p style=\"text-align: left;\">Vous ne serez pas bombard\u00e9s d&rsquo;e-mails mais simplement inform\u00e9s ponctuellement des ateliers \u00e0 venir.<br \/>\nIl ne sera fait aucun autre usage de vos donn\u00e9es et vous pouvez vous d\u00e9sinscrire \u00e0 tout moment <a href=\"http:\/\/www.ateliersgeeks.com\/?page_id=4997\">en cliquant ici<\/a>.<\/p>\n<\/div><\/div><footer class=\"entry-footer\"><\/footer><\/article><br \/>\n<form action=\"http:\/\/www.ateliersgeeks.com\/?page_id=4079\" method=\"post\" data-fields-with-error=\"Erreurs trouv\u00e9es dans les champs suivants :\" class=\"avia_ajax_form av-form-labels-visible   avia-builder-el-5  el_after_av_icon_box  el_before_av_toggle_container   \" data-avia-form-id=\"1\" data-avia-redirect='' ><h3 class=''>S\u2019inscrire \u00e0 la Newsletter<\/h3><fieldset><p class='  first_form  form_element form_fullwidth' id='element_avia_1_1'><label for=\"avia_1_1\">Adresse mail <abbr class=\"required\" title=\"requis(e)\">*<\/abbr><\/label> <input name=\"avia_1_1\" class=\"text_input is_email\" type=\"text\" id=\"avia_1_1\" value=\"\" \/><\/p><p class='  first_form  form_element form_fullwidth' id='element_avia_2_1'><label for=\"avia_2_1\">Nom<\/label> <input name=\"avia_2_1\" class=\"text_input \" type=\"text\" id=\"avia_2_1\" value=\"\" \/><\/p><p class='  first_form  form_element form_fullwidth' id='element_avia_3_1'><label for=\"avia_3_1\">Pr\u00e9nom<\/label> <input name=\"avia_3_1\" class=\"text_input \" type=\"text\" id=\"avia_3_1\" value=\"\" \/><\/p><p class='  first_form  form_element form_fullwidth' id='element_avia_4_1'><label for=\"avia_4_1\">\u00c2ge du participant int\u00e9ress\u00e9 par les ateliers<\/label> <input name=\"avia_4_1\" class=\"text_input \" type=\"text\" id=\"avia_4_1\" value=\"\" \/><\/p><p class='  first_form  form_element form_fullwidth' id='element_avia_5_1'><label for=\"avia_5_1\">Ville<\/label> <input name=\"avia_5_1\" class=\"text_input \" type=\"text\" id=\"avia_5_1\" value=\"\" \/><\/p><p class=\"hidden\"><input type=\"text\" name=\"avia_6_1\" class=\"hidden \" id=\"avia_6_1\" value=\"\" \/><\/p><div id='avia_7_1' class='av-recaptcha-area  first_form  form_element form_fullwidth '  data-container_class=\"\" data-custom_class=\"\" data-context=\"av_contact_form\" data-token_input=\"av_recaptcha_token\" data-version=\"avia_recaptcha_v2\" data-theme=\"light\" data-size=\"normal\" data-score=\"0.5\" data-text_to_preview=\"\" data-value=\"\"><div class=\"av-google-badge-message hidden\">Ce site est prot\u00e9g\u00e9 par reCAPTCHA et la <a href=\"https:\/\/policies.google.com\/privacy\">politique de confidentialit\u00e9<\/a> de Google et <a href=\"https:\/\/policies.google.com\/terms\">leur conditions d\u2019utilisation<\/a> s\u2019appliquent.<\/div><\/div><p class=\"form_element \"><input type=\"hidden\" value=\"1\" name=\"avia_generated_form1\" \/><input type=\"submit\" value=\"S\u2019inscrire\" class=\"button\"  data-sending-label=\"Envoi\"\/><\/p><\/fieldset><div class=\"avia-disabled-form\">Ce formulaire est d\u00e9sactiv\u00e9 dans la mesure o\u00f9 vous refusez d\u2019accepter le service Google reCAPTCHA n\u00e9cessaire pour valider toute exp\u00e9dition de message depuis celui-ci.<\/div><\/form><div id=\"ajaxresponse_1\" class=\"ajaxresponse ajaxresponse_1 hidden\"><\/div><br \/>\n<div  class='togglecontainer av-lev6nt82-15fcc664b185884465d36a783a46dd2e av-minimal-toggle  avia-builder-el-6  el_after_av_contact  el_before_av_hr  toggle_close_all' >\n<section class='av_toggle_section av-lev6ns67-f18c22affc219b88a01a2ca90220f429'  itemscope=\"itemscope\" itemtype=\"https:\/\/schema.org\/CreativeWork\" ><div role=\"tablist\" class=\"single_toggle\" data-tags=\"{Tout} \"  ><p id='toggle-toggle-id-1' data-fake-id='#toggle-id-1' class='toggler  av-title-above '  itemprop=\"headline\"  role='tab' tabindex='0' aria-controls='toggle-id-1' data-slide-speed=\"200\" data-title=\"PROTECTION DE VOS DONN\u00c9ES PERSONNELLES \" data-title-open=\"\" data-aria_collapsed=\"Cliquez pour \u00e9tendre : PROTECTION DE VOS DONN\u00c9ES PERSONNELLES \" data-aria_expanded=\"Cliquez pour r\u00e9duire : PROTECTION DE VOS DONN\u00c9ES PERSONNELLES \">PROTECTION DE VOS DONN\u00c9ES PERSONNELLES <span class=\"toggle_icon\"><span class=\"vert_icon\"><\/span><span class=\"hor_icon\"><\/span><\/span><\/p><div id='toggle-id-1' aria-labelledby='toggle-toggle-id-1' role='region' class='toggle_wrap  av-title-above'  ><div class='toggle_content invers-color '  itemprop=\"text\" ><p><strong>Les Ateliers Geeks ayant vocation \u00e0 \u00e9duquer aux usages des outils num\u00e9riques, la moindre des choses est de vous informer de mani\u00e8re simple et claire sur la protection de vos donn\u00e9es \ud83d\ude42<\/strong><\/p>\n<p><strong>DES DONN\u00c9ES PROT\u00c9G\u00c9ES<\/strong><br \/>\nConform\u00e9ment aux obligations du r\u00e8glement g\u00e9n\u00e9ral de protection des donn\u00e9es mais aussi \u00e0 nos principes, les donn\u00e9es personnelles que vous nous communiquez ne sont utilis\u00e9es que dans le cadre des services propos\u00e9s par l&rsquo;association Ateliers Geeks. Elles ne sauraient \u00eatre communiqu\u00e9es \u00e0 des tiers.<\/p>\n<p><strong>LIMIT\u00c9ES AU N\u00c9CESSAIRE<\/strong><br \/>\nSachez \u00e9galement que conform\u00e9ment \u00e0 l\u2019article 32 de la loi Informatique et libert\u00e9 n\u00b078-17 du 6 janvier 1978 modifi\u00e9e, les informations que vous communiquez par le biais des formulaires pr\u00e9sents sur ce site sont n\u00e9cessaires pour r\u00e9pondre \u00e0 votre demande.\u00a0 Elles sont destin\u00e9es \u00e0 Nathalie Lafargue, en tant que responsable de leur traitement \u00e0 des fins de gestion administrative des services utilis\u00e9s.<\/p>\n<p><strong>AVEC UN DROIT D&rsquo;ACC\u00c8S SUR SIMPLE DEMANDE<\/strong><br \/>\nVous disposez d\u2019un droit d\u2019acc\u00e8s qui vous permet de faire rectifier, compl\u00e9ter, mettre \u00e0 jour, r\u00e9cup\u00e9rer ou effacer vos donn\u00e9es personnelles : il vous suffit pour cela d&rsquo;adresser \u00e0 Nathalie Lafargue une demande par e-mail ou via le formulaire de contact.<\/p>\n<p><a href=\"http:\/\/www.ateliersgeeks.com\/?page_id=16994\" target=\"_blank\" rel=\"noopener\">En savoir plus<\/a><\/p>\n<\/div><\/div><\/div><\/section>\n<\/div><br \/>\n<div  class='hr av-6doh6n-54996056d5506a6101664b29bcdad20c hr-default  avia-builder-el-7  el_after_av_toggle_container  el_before_av_masonry_entries  avia-builder-el-last '><span class='hr-inner '><span class=\"hr-inner-style\"><\/span><\/span><\/div><br \/>\n<div id='av-masonry-1' class='av-masonry av-3w0drj-bc1ce7a4b8c94e4db1830f7147435c73 noHover av-fixed-size av-large-gap av-hover-overlay-active av-masonry-animation-active av-masonry-col-3 av-caption-on-hover-hide av-caption-style-overlay av-masonry-entries av-desktop-columns-overwrite av-desktop-columns-3 av-medium-columns-overwrite av-medium-columns-3 av-small-columns-overwrite av-small-columns-3 av-mini-columns-overwrite av-mini-columns-3 ' data-post_id=\"4079\"><div class=\"av-masonry-container isotope av-js-disabled\"><div class='av-masonry-entry isotope-item av-masonry-item-no-image '><\/div><a href=\"http:\/\/www.ateliersgeeks.com\/?p=20307\"  id='av-masonry-1-item-20307' data-av-masonry-item='20307' class='av-masonry-entry isotope-item post-20307 post type-post status-publish format-standard has-post-thumbnail hentry category-2025-2026  av-masonry-item-with-image' title=\"Ateliers2025-2026\"   itemscope=\"itemscope\" itemtype=\"https:\/\/schema.org\/CreativeWork\" ><div class='av-inner-masonry-sizer'><\/div><figure class='av-inner-masonry main_color'><div class=\"av-masonry-outerimage-container\"><div class='av-masonry-image-container' style=\"background-image: url(http:\/\/www.ateliersgeeks.com\/wp-content\/uploads\/2025\/07\/Ateliers2025-2026-705x570.png);\"  title=\"Ateliers2025-2026\" ><\/div><\/div><figcaption class='av-inner-masonry-content site-background'><div class='av-inner-masonry-content-pos'><div class='av-inner-masonry-content-pos-content'><div class='avia-arrow'><\/div><h3 class='av-masonry-entry-title entry-title '  itemprop=\"headline\" >Ateliers R\u00e9guliers 2025-2026<\/h3><span class='av-masonry-date meta-color updated'>19 juillet 2025<\/span><span class=\"av-masonry-text-sep text-sep-author\">\/<\/span><span class='av-masonry-author meta-color author'><span class='fn'>par Nathalie Lafargue<\/span><\/span><\/div><\/div><\/figcaption><\/figure><\/a><!--end av-masonry entry--><a href=\"http:\/\/www.ateliersgeeks.com\/?p=20418\"  id='av-masonry-1-item-20418' data-av-masonry-item='20418' class='av-masonry-entry isotope-item post-20418 post type-post status-publish format-standard has-post-thumbnail hentry category-2025-2026  av-masonry-item-with-image' title=\"LAB\"   itemscope=\"itemscope\" itemtype=\"https:\/\/schema.org\/CreativeWork\" ><div class='av-inner-masonry-sizer'><\/div><figure class='av-inner-masonry main_color'><div class=\"av-masonry-outerimage-container\"><div class='av-masonry-image-container' style=\"background-image: url(http:\/\/www.ateliersgeeks.com\/wp-content\/uploads\/2025\/09\/LAB-705x570.png);\"  title=\"LAB\" ><\/div><\/div><figcaption class='av-inner-masonry-content site-background'><div class='av-inner-masonry-content-pos'><div class='av-inner-masonry-content-pos-content'><div class='avia-arrow'><\/div><h3 class='av-masonry-entry-title entry-title '  itemprop=\"headline\" >Le LAB<\/h3><span class='av-masonry-date meta-color updated'>1 septembre 2025<\/span><span class=\"av-masonry-text-sep text-sep-author\">\/<\/span><span class='av-masonry-author meta-color author'><span class='fn'>par Nathalie Lafargue<\/span><\/span><\/div><\/div><\/figcaption><\/figure><\/a><!--end av-masonry entry--><a href=\"http:\/\/www.ateliersgeeks.com\/?p=21009\"  id='av-masonry-1-item-21009' data-av-masonry-item='21009' class='av-masonry-entry isotope-item post-21009 post type-post status-publish format-standard has-post-thumbnail hentry category-2025-2026  av-masonry-item-with-image' title=\"LabJR2025-2026\"   itemscope=\"itemscope\" itemtype=\"https:\/\/schema.org\/CreativeWork\" ><div class='av-inner-masonry-sizer'><\/div><figure class='av-inner-masonry main_color'><div class=\"av-masonry-outerimage-container\"><div class='av-masonry-image-container' style=\"background-image: url(http:\/\/www.ateliersgeeks.com\/wp-content\/uploads\/2026\/02\/LabJR2025-2026-705x570.png);\"  title=\"LabJR2025-2026\" ><\/div><\/div><figcaption class='av-inner-masonry-content site-background'><div class='av-inner-masonry-content-pos'><div class='av-inner-masonry-content-pos-content'><div class='avia-arrow'><\/div><h3 class='av-masonry-entry-title entry-title '  itemprop=\"headline\" >LAB JUNIOR<\/h3><span class='av-masonry-date meta-color updated'>12 f\u00e9vrier 2026<\/span><span class=\"av-masonry-text-sep text-sep-author\">\/<\/span><span class='av-masonry-author meta-color author'><span class='fn'>par Nathalie Lafargue<\/span><\/span><\/div><\/div><\/figcaption><\/figure><\/a><!--end av-masonry entry--><\/div><\/div><\/p><\/div>\n<style type=\"text\/css\" data-created_by=\"avia_inline_auto\" id=\"style-css-av-2emnnz-7627f6f3ead76c863d2273dd3d196da5\">\n.flex_column.av-2emnnz-7627f6f3ead76c863d2273dd3d196da5{\nborder-radius:0px 0px 0px 0px;\npadding:0px 0px 0px 0px;\n}\n<\/style>\n<div  class='flex_column av-2emnnz-7627f6f3ead76c863d2273dd3d196da5 av_one_fifth  avia-builder-el-9  el_after_av_three_fifth  avia-builder-el-last  flex_column_div av-zero-column-padding  '     ><\/div><\/p>\n","protected":false},"excerpt":{"rendered":"","protected":false},"author":1,"featured_media":0,"parent":4626,"menu_order":1,"comment_status":"closed","ping_status":"closed","template":"","meta":{"footnotes":""},"class_list":["post-4079","page","type-page","status-publish","hentry"],"_links":{"self":[{"href":"http:\/\/www.ateliersgeeks.com\/index.php?rest_route=\/wp\/v2\/pages\/4079","targetHints":{"allow":["GET"]}}],"collection":[{"href":"http:\/\/www.ateliersgeeks.com\/index.php?rest_route=\/wp\/v2\/pages"}],"about":[{"href":"http:\/\/www.ateliersgeeks.com\/index.php?rest_route=\/wp\/v2\/types\/page"}],"author":[{"embeddable":true,"href":"http:\/\/www.ateliersgeeks.com\/index.php?rest_route=\/wp\/v2\/users\/1"}],"replies":[{"embeddable":true,"href":"http:\/\/www.ateliersgeeks.com\/index.php?rest_route=%2Fwp%2Fv2%2Fcomments&post=4079"}],"version-history":[{"count":5,"href":"http:\/\/www.ateliersgeeks.com\/index.php?rest_route=\/wp\/v2\/pages\/4079\/revisions"}],"predecessor-version":[{"id":20462,"href":"http:\/\/www.ateliersgeeks.com\/index.php?rest_route=\/wp\/v2\/pages\/4079\/revisions\/20462"}],"up":[{"embeddable":true,"href":"http:\/\/www.ateliersgeeks.com\/index.php?rest_route=\/wp\/v2\/pages\/4626"}],"wp:attachment":[{"href":"http:\/\/www.ateliersgeeks.com\/index.php?rest_route=%2Fwp%2Fv2%2Fmedia&parent=4079"}],"curies":[{"name":"wp","href":"https:\/\/api.w.org\/{rel}","templated":true}]}}