{"id":15774,"date":"2022-03-06T12:54:17","date_gmt":"2022-03-06T11:54:17","guid":{"rendered":"http:\/\/www.ateliersgeeks.com\/?page_id=15774"},"modified":"2024-03-08T11:22:36","modified_gmt":"2024-03-08T10:22:36","slug":"inscription-decouverte","status":"publish","type":"page","link":"http:\/\/www.ateliersgeeks.com\/?page_id=15774","title":{"rendered":"INSCRIPTION D\u00c9COUVERTE"},"content":{"rendered":"\n<style type=\"text\/css\" data-created_by=\"avia_inline_auto\" id=\"style-css-av-dogl2qm-e2ed759016f7d5fe5b59238d1934ee85\">\n.flex_column.av-dogl2qm-e2ed759016f7d5fe5b59238d1934ee85{\nborder-radius:0px 0px 0px 0px;\npadding:0px 0px 0px 0px;\n}\n<\/style>\n<div  class='flex_column av-dogl2qm-e2ed759016f7d5fe5b59238d1934ee85 av_one_full  avia-builder-el-0  el_before_av_one_fifth  avia-builder-el-first  first flex_column_div av-zero-column-padding  '     ><p>\n<style type=\"text\/css\" data-created_by=\"avia_inline_auto\" id=\"style-css-av-l0f7tpcp-52ad0a84fc0125f4f2fe5f7a7e6ce1c7\">\n#top .av-special-heading.av-l0f7tpcp-52ad0a84fc0125f4f2fe5f7a7e6ce1c7{\npadding-bottom:0;\n}\nbody .av-special-heading.av-l0f7tpcp-52ad0a84fc0125f4f2fe5f7a7e6ce1c7 .av-special-heading-tag .heading-char{\nfont-size:25px;\n}\n.av-special-heading.av-l0f7tpcp-52ad0a84fc0125f4f2fe5f7a7e6ce1c7 .av-subheading{\nfont-size:20px;\n}\n<\/style>\n<div  class='av-special-heading av-l0f7tpcp-52ad0a84fc0125f4f2fe5f7a7e6ce1c7 av-special-heading-h1 blockquote modern-quote modern-centered  avia-builder-el-1  el_before_av_hr  avia-builder-el-first  av-linked-heading'><h1 class='av-special-heading-tag '  itemprop=\"headline\"  ><a class=\"av-heading-link\" href=\"\" >INSCRIPTIONS aux ateliers printemps d\u00e9couverte 2023<\/a><\/h1><div class=\"special-heading-border\"><div class=\"special-heading-inner-border\"><\/div><\/div><\/div><br \/>\n\n<style type=\"text\/css\" data-created_by=\"avia_inline_auto\" id=\"style-css-av-da0l2zi-1354199526cf03c0d30b73d6ff50144a\">\n#top .hr.hr-invisible.av-da0l2zi-1354199526cf03c0d30b73d6ff50144a{\nheight:40px;\n}\n<\/style>\n<div  class='hr av-da0l2zi-1354199526cf03c0d30b73d6ff50144a hr-invisible  avia-builder-el-2  el_after_av_heading  avia-builder-el-last  av-medium-hide av-small-hide av-mini-hide'><span class='hr-inner '><span class=\"hr-inner-style\"><\/span><\/span><\/div><\/p><\/div>\n\n<style type=\"text\/css\" data-created_by=\"avia_inline_auto\" id=\"style-css-av-ck5puny-7c6909c89974406a0c558400bea3fd63\">\n.flex_column.av-ck5puny-7c6909c89974406a0c558400bea3fd63{\nborder-radius:0px 0px 0px 0px;\npadding:0px 0px 0px 0px;\n}\n<\/style>\n<div  class='flex_column av-ck5puny-7c6909c89974406a0c558400bea3fd63 av_one_fifth  avia-builder-el-3  el_after_av_one_full  el_before_av_three_fifth  first av-break-at-tablet flex_column_div av-hide-on-mobile av-zero-column-padding  column-top-margin'     ><\/div>\n\n<style type=\"text\/css\" data-created_by=\"avia_inline_auto\" id=\"style-css-av-ca72bum-eaf6ecd228b7a115acbfaafe55291579\">\n.flex_column.av-ca72bum-eaf6ecd228b7a115acbfaafe55291579{\nborder-radius:0px 0px 0px 0px;\npadding:0px 0px 0px 0px;\n}\n<\/style>\n<div  class='flex_column av-ca72bum-eaf6ecd228b7a115acbfaafe55291579 av_three_fifth  avia-builder-el-4  el_after_av_one_fifth  el_before_av_one_fifth  av-break-at-tablet flex_column_div av-zero-column-padding  column-top-margin'     ><section  class='av_textblock_section av-bx6swke-23320d3de0aaad79d07ca6edb8fd0877 '   itemscope=\"itemscope\" itemtype=\"https:\/\/schema.org\/CreativeWork\" ><div class='avia_textblock'  itemprop=\"text\" ><h2>INSCRIPTION PAR CB<\/h2>\n<p style=\"text-align: left;\">L&rsquo;inscription s&rsquo;effectue par CB via le site s\u00e9curis\u00e9 <a href=\"https:\/\/www.helloasso.com\/associations\/ateliers-geeks\/evenements\/ateliers-reguliers-2021-2022\">Helloasso.<\/a> Attention, cet organisme sollicite une contribution de fonctionnement qui n&rsquo;est pas obligatoire et que vous pouvez facilement modifier ou d\u00e9sactiver.<\/p>\n<\/div><\/section><br \/>\n<div  class='avia-button-wrap avia-button-center  avia-builder-el-6  el_after_av_textblock  el_before_av_hr '>\n<style type=\"text\/css\" data-created_by=\"avia_inline_auto\" id=\"style-css-av-b6xpevy-44412fa77d879da8032997c32d8cd88f\">\n#top #wrap_all .avia-button.av-b6xpevy-44412fa77d879da8032997c32d8cd88f:hover{\ncolor:white;\ntransition:all 0.4s ease-in-out;\n}\n#top #wrap_all .avia-button.av-b6xpevy-44412fa77d879da8032997c32d8cd88f:hover .avia-svg-icon svg:first-child{\nfill:white;\nstroke:white;\n}\n<\/style>\n<a href='https:\/\/www.helloasso.com\/associations\/ateliers-geeks\/evenements\/printemps-decouverte-2023' class='avia-color-theme-color avia-font-color-theme-color avia-button avia-button-fullwidth av-b6xpevy-44412fa77d879da8032997c32d8cd88f avia-icon_select-no avia-color-theme-color'   aria-label=\"INSCRIPTION SUR HELLOASSO ATELIERS D\u00c9COUVERTE\"><span class='avia_iconbox_title' >INSCRIPTION SUR HELLOASSO ATELIERS D\u00c9COUVERTE<\/span><span class='avia_button_background avia-button avia-button-fullwidth avia-color-theme-color-highlight'><\/span><\/a><\/div><br \/>\n\n<style type=\"text\/css\" data-created_by=\"avia_inline_auto\" id=\"style-css-av-1352xku-4fdec019a6511461e22ce6d0b8780e58\">\n#top .hr.hr-invisible.av-1352xku-4fdec019a6511461e22ce6d0b8780e58{\nheight:40px;\n}\n<\/style>\n<div  class='hr av-1352xku-4fdec019a6511461e22ce6d0b8780e58 hr-invisible  avia-builder-el-7  el_after_av_button_big  el_before_av_textblock  avia-builder-el-first '><span class='hr-inner '><span class=\"hr-inner-style\"><\/span><\/span><\/div><br \/>\n<section  class='av_textblock_section av-112s1a6-ccba6e4a38613dea4f5584c08f1a2381 '   itemscope=\"itemscope\" itemtype=\"https:\/\/schema.org\/CreativeWork\" ><div class='avia_textblock'  itemprop=\"text\" ><h2>PR\u00c9-INSCRIPTION ET R\u00c8GLEMENT PAR CH\u00c8QUE<\/h2>\n<p>Si vous ne r\u00e9glez pas en ligne, vous pouvez vous pr\u00e9-inscrire en remplissant le formulaire ci-dessous. Nous vous enverrons les documents \u00e0 compl\u00e9ter pour finaliser l&rsquo;inscription qui ne sera effective qu&rsquo;apr\u00e8s r\u00e8glement.<\/p>\n<p>Sans r\u00e9ponse de notre part sous 48h, v\u00e9rifiez votre dossier de courrier ind\u00e9sirable ou \u00e9crivez-nous via le <a href=\"http:\/\/www.ateliersgeeks.com\/?page_id=4626\">formulaire de contact<\/a> ou les r\u00e9seaux sociaux.<\/p>\n<p>Le r\u00e8glement s&rsquo;effectuera par ch\u00e8que \u00e0 l&rsquo;ordre de Ateliers Geeks.<\/p>\n<\/div><\/section><br \/>\n<form action=\"http:\/\/www.ateliersgeeks.com\/?page_id=15774\" method=\"post\" data-fields-with-error=\"Erreurs trouv\u00e9es dans les champs suivants :\" class=\"avia_ajax_form av-form-labels-visible   avia-builder-el-9  el_after_av_textblock  el_before_av_hr   \" data-avia-form-id=\"1\" data-avia-redirect='' ><h3 class=''> <\/h3><fieldset><p class='  first_form  form_element form_fullwidth' id='element_avia_1_1'><label for=\"avia_1_1\">Adresse mail <abbr class=\"required\" title=\"requis(e)\">*<\/abbr><\/label> <input name=\"avia_1_1\" class=\"text_input is_email\" type=\"text\" id=\"avia_1_1\" value=\"\" \/><\/p><div id='avia_2_1' class='av-form-text'><p>\n<strong>V\u00e9rifiez bien votre adresse mail avant d\u2019envoyer le formulaire !<\/strong><\/p>\n<\/div><p class='  first_form  form_element form_element_half' id='element_avia_3_1'><label for=\"avia_3_1\">Nom du responsable <abbr class=\"required\" title=\"requis(e)\">*<\/abbr><\/label> <input name=\"avia_3_1\" class=\"text_input is_empty\" type=\"text\" id=\"avia_3_1\" value=\"\" \/><\/p><p class='  form_element form_element_half' id='element_avia_4_1'><label for=\"avia_4_1\">Pr\u00e9nom du responsable <abbr class=\"required\" title=\"requis(e)\">*<\/abbr><\/label> <input name=\"avia_4_1\" class=\"text_input is_empty\" type=\"text\" id=\"avia_4_1\" value=\"\" \/><\/p><p class='  first_form  form_element form_element_half' id='element_avia_5_1'><label for=\"avia_5_1\">Nom du participant <abbr class=\"required\" title=\"requis(e)\">*<\/abbr><\/label> <input name=\"avia_5_1\" class=\"text_input is_empty\" type=\"text\" id=\"avia_5_1\" value=\"\" \/><\/p><p class='  form_element form_element_half' id='element_avia_6_1'><label for=\"avia_6_1\">Pr\u00e9nom du participant <abbr class=\"required\" title=\"requis(e)\">*<\/abbr><\/label> <input name=\"avia_6_1\" class=\"text_input is_empty\" type=\"text\" id=\"avia_6_1\" value=\"\" \/><\/p><p class='  first_form  form_element form_element_half' id='element_avia_7_1'><label for=\"avia_7_1\">Date de naissance du participant <abbr class=\"required\" title=\"requis(e)\">*<\/abbr><\/label> <input name=\"avia_7_1\" class=\"text_input is_empty\" type=\"text\" id=\"avia_7_1\" value=\"\" \/><\/p><p class='  form_element form_element_half' id='element_avia_8_1'><label for=\"avia_8_1\">Code postal du domicile <abbr class=\"required\" title=\"requis(e)\">*<\/abbr><\/label> <input name=\"avia_8_1\" class=\"text_input is_number\" type=\"text\" id=\"avia_8_1\" value=\"\" \/><\/p><p class='  first_form  form_element form_fullwidth' id='element_avia_9_1'><input  name=\"avia_9_1\" class=\"input_checkbox \" type=\"checkbox\" id=\"avia_9_1\" value=\"true\"\/><label class=\"input_checkbox_label\" for=\"avia_9_1\">D\u00e9couverte de l\u2019intelligence artificielle (8-12 ans) - sam 18\/03 13h30-15h<\/label><\/p><p class='  first_form  form_element form_fullwidth' id='element_avia_10_1'><input  name=\"avia_10_1\" class=\"input_checkbox \" type=\"checkbox\" id=\"avia_10_1\" value=\"true\"\/><label class=\"input_checkbox_label\" for=\"avia_10_1\">D\u00e9couverte de la 3D (8-12 ans) - sam 25\/03 13h30-15h<\/label><\/p><p class='  first_form  form_element form_fullwidth' id='element_avia_11_1'><input  name=\"avia_11_1\" class=\"input_checkbox \" type=\"checkbox\" id=\"avia_11_1\" value=\"true\"\/><label class=\"input_checkbox_label\" for=\"avia_11_1\">Robots zinzins farceurs (6-10 ans) - sam 01\/04 13h30-15h<\/label><\/p><p class='  first_form  form_element form_fullwidth' id='element_avia_12_1'><input  name=\"avia_12_1\" class=\"input_checkbox \" type=\"checkbox\" id=\"avia_12_1\" value=\"true\"\/><label class=\"input_checkbox_label\" for=\"avia_12_1\">Programmation d\u2018un jeu d\u2019arcade (8-12 ans) - sam 08\/04 13h30-15h<\/label><\/p><p class='  first_form  form_element form_fullwidth' id='element_avia_13_1'><input  name=\"avia_13_1\" class=\"input_checkbox \" type=\"checkbox\" id=\"avia_13_1\" value=\"true\"\/><label class=\"input_checkbox_label\" for=\"avia_13_1\">Robot Cubetto (4-8 ans) - sam 15\/04 13h30-15h<\/label><\/p><p class='  first_form  form_element form_fullwidth' id='element_avia_14_1'><input  name=\"avia_14_1\" class=\"input_checkbox \" type=\"checkbox\" id=\"avia_14_1\" value=\"true\"\/><label class=\"input_checkbox_label\" for=\"avia_14_1\">Portrait en r\u00e9alit\u00e9 augment\u00e9e (6-10 ans) - sam 22\/04 13h30-15h<\/label><\/p><div id='avia_15_1' class='av-form-text'><\/p>\n<hr \/>\n<h3>DES PR\u00c9CISIONS ? UN NUM\u00c9RO O\u00d9 VOUS JOINDRE ?<\/h3>\n<p>\n<\/div><div id='avia_16_1' class='av-form-text'><p>\nVous pouvez nous laisser un num\u00e9ro de t\u00e9l\u00e9phone pour que nous puissions vous contacter. Si vous souhaitez inscrire une fratrie ou plusieurs membres d&rsquo;une m\u00eame famille, merci de le pr\u00e9ciser ci-dessous et d&rsquo;indiquer les pr\u00e9noms et dates de naissance des participants ainsi que les activit\u00e9s auxquels ils souhaitent s&rsquo;inscrire. Pour toute autre pr\u00e9cision ou question, utilisez \u00e9galement le champ ci-dessous.<\/p>\n<\/div><p class='  first_form  form_element form_fullwidth' id='element_avia_17_1'><label for=\"avia_17_1\" class=\"textare_label hidden textare_label_avia_17_1\"><\/label><textarea  name=\"avia_17_1\" class=\"text_area \" cols=\"40\" rows=\"7\" id=\"avia_17_1\" ><\/textarea><\/p><p class=\"hidden\"><input type=\"text\" name=\"avia_18_1\" class=\"hidden \" id=\"avia_18_1\" value=\"\" \/><\/p><div id='avia_19_1' class='av-recaptcha-area  first_form  form_element form_fullwidth '  data-container_class=\"\" data-custom_class=\"\" data-context=\"av_contact_form\" data-token_input=\"av_recaptcha_token\" data-version=\"avia_recaptcha_v2\" data-theme=\"light\" data-size=\"normal\" data-score=\"0.5\" data-text_to_preview=\"\" data-value=\"\"><div class=\"av-google-badge-message hidden\">Ce site est prot\u00e9g\u00e9 par reCAPTCHA et la <a href=\"https:\/\/policies.google.com\/privacy\">politique de confidentialit\u00e9<\/a> de Google et <a href=\"https:\/\/policies.google.com\/terms\">leur conditions d\u2019utilisation<\/a> s\u2019appliquent.<\/div><\/div><p class=\"form_element \"><input type=\"hidden\" value=\"1\" name=\"avia_generated_form1\" \/><input type=\"submit\" value=\"Valider\" class=\"button\"  data-sending-label=\"Envoi\"\/><\/p><\/fieldset><div class=\"avia-disabled-form\">Ce formulaire est d\u00e9sactiv\u00e9 dans la mesure o\u00f9 vous refusez d\u2019accepter le service Google reCAPTCHA n\u00e9cessaire pour valider toute exp\u00e9dition de message depuis celui-ci.<\/div><\/form><div id=\"ajaxresponse_1\" class=\"ajaxresponse ajaxresponse_1 hidden\"><\/div><br \/>\n\n<style type=\"text\/css\" data-created_by=\"avia_inline_auto\" id=\"style-css-av-34ir8ou-41e2f93428fcb4dcc8db83f8a069d705\">\n#top .hr.hr-invisible.av-34ir8ou-41e2f93428fcb4dcc8db83f8a069d705{\nheight:20px;\n}\n<\/style>\n<div  class='hr av-34ir8ou-41e2f93428fcb4dcc8db83f8a069d705 hr-invisible  avia-builder-el-10  el_after_av_contact  el_before_av_toggle_container '><span class='hr-inner '><span class=\"hr-inner-style\"><\/span><\/span><\/div><br \/>\n<div  class='togglecontainer av-lev6h5ko-d2831979cf4fb38d3af51446cda22c17 av-minimal-toggle  avia-builder-el-11  el_after_av_hr  avia-builder-el-last  toggle_close_all' >\n<section class='av_toggle_section av-lev6h4gj-88b6ffa3c09191ee46d7699d7d0b5757'  itemscope=\"itemscope\" itemtype=\"https:\/\/schema.org\/CreativeWork\" ><div role=\"tablist\" class=\"single_toggle\" data-tags=\"{Tout} \"  ><p id='toggle-toggle-id-1' data-fake-id='#toggle-id-1' class='toggler  av-title-above '  itemprop=\"headline\"  role='tab' tabindex='0' aria-controls='toggle-id-1' data-slide-speed=\"200\" data-title=\"PROTECTION DE VOS DONN\u00c9ES PERSONNELLES \" data-title-open=\"\" data-aria_collapsed=\"Cliquez pour \u00e9tendre : PROTECTION DE VOS DONN\u00c9ES PERSONNELLES \" data-aria_expanded=\"Cliquez pour r\u00e9duire : PROTECTION DE VOS DONN\u00c9ES PERSONNELLES \">PROTECTION DE VOS DONN\u00c9ES PERSONNELLES <span class=\"toggle_icon\"><span class=\"vert_icon\"><\/span><span class=\"hor_icon\"><\/span><\/span><\/p><div id='toggle-id-1' aria-labelledby='toggle-toggle-id-1' role='region' class='toggle_wrap  av-title-above'  ><div class='toggle_content invers-color '  itemprop=\"text\" ><p><strong>Les Ateliers Geeks ayant vocation \u00e0 \u00e9duquer aux usages des outils num\u00e9riques, la moindre des choses est de vous informer de mani\u00e8re simple et claire sur la protection de vos donn\u00e9es \ud83d\ude42<\/strong><\/p>\n<p><strong>DES DONN\u00c9ES PROT\u00c9G\u00c9ES<\/strong><br \/>\nConform\u00e9ment aux obligations du r\u00e8glement g\u00e9n\u00e9ral de protection des donn\u00e9es mais aussi \u00e0 nos principes, les donn\u00e9es personnelles que vous nous communiquez ne sont utilis\u00e9es que dans le cadre des services propos\u00e9s par l&rsquo;association Ateliers Geeks. Elles ne sauraient \u00eatre communiqu\u00e9es \u00e0 des tiers.<\/p>\n<p><strong>LIMIT\u00c9ES AU N\u00c9CESSAIRE<\/strong><br \/>\nSachez \u00e9galement que conform\u00e9ment \u00e0 l\u2019article 32 de la loi Informatique et libert\u00e9 n\u00b078-17 du 6 janvier 1978 modifi\u00e9e, les informations que vous communiquez par le biais des formulaires pr\u00e9sents sur ce site sont n\u00e9cessaires pour r\u00e9pondre \u00e0 votre demande.\u00a0 Elles sont destin\u00e9es \u00e0 Nathalie Lafargue, en tant que responsable de leur traitement \u00e0 des fins de gestion administrative des services utilis\u00e9s.<\/p>\n<p><strong>AVEC UN DROIT D&rsquo;ACC\u00c8S SUR SIMPLE DEMANDE<\/strong><br \/>\nVous disposez d\u2019un droit d\u2019acc\u00e8s qui vous permet de faire rectifier, compl\u00e9ter, mettre \u00e0 jour, r\u00e9cup\u00e9rer ou effacer vos donn\u00e9es personnelles : il vous suffit pour cela d&rsquo;adresser \u00e0 Nathalie Lafargue une demande par e-mail ou via le formulaire de contact.<\/p>\n<p><a href=\"http:\/\/www.ateliersgeeks.com\/?page_id=16994\" target=\"_blank\" rel=\"noopener\">En savoir plus<\/a><\/p>\n<\/div><\/div><\/div><\/section>\n<\/div><\/p><\/div>\n<style type=\"text\/css\" data-created_by=\"avia_inline_auto\" id=\"style-css-av-1rp5hr2-5cd06ef67ad41e823d4f5c5550767c12\">\n.flex_column.av-1rp5hr2-5cd06ef67ad41e823d4f5c5550767c12{\nborder-radius:0px 0px 0px 0px;\npadding:0px 0px 0px 0px;\n}\n<\/style>\n<div  class='flex_column av-1rp5hr2-5cd06ef67ad41e823d4f5c5550767c12 av_one_fifth  avia-builder-el-12  el_after_av_three_fifth  el_before_av_hr  av-break-at-tablet flex_column_div av-hide-on-mobile av-zero-column-padding  column-top-margin'     ><\/div><\/p>\n\n<style type=\"text\/css\" data-created_by=\"avia_inline_auto\" id=\"style-css-av-171piny-a40e03f7127f43b7a8e19b879208d804\">\n#top .hr.hr-invisible.av-171piny-a40e03f7127f43b7a8e19b879208d804{\nheight:10px;\n}\n<\/style>\n<div  class='hr av-171piny-a40e03f7127f43b7a8e19b879208d804 hr-invisible  avia-builder-el-13  el_after_av_one_fifth  el_before_av_masonry_entries  avia-builder-el-last '><span class='hr-inner '><span class=\"hr-inner-style\"><\/span><\/span><\/div>\n<div id='av-masonry-1' class='av-masonry av-ls8i72-add64a2e4802b48c5963d1a6334d763d noHover av-fixed-size av-no-gap av-hover-overlay- av-masonry-animation-active av-masonry-col-5 av-caption-on-hover av-caption-style- av-masonry-entries av-desktop-hide av-medium-columns-overwrite av-medium-columns-3 av-small-columns-overwrite av-small-columns-3 av-mini-columns-overwrite av-mini-columns-3 ' data-post_id=\"15774\"><div class=\"av-masonry-container isotope av-js-disabled\"><div class='av-masonry-entry isotope-item av-masonry-item-no-image '><\/div><a href=\"http:\/\/www.ateliersgeeks.com\/?p=14824\"  id='av-masonry-1-item-14824' data-av-masonry-item='14824' class='av-masonry-entry isotope-item post-14824 post type-post status-publish format-standard has-post-thumbnail hentry category-2021-2022 category-ateliers-reguliers category-familles tag-derniereplace tag-inscription  av-masonry-item-with-image' title=\"4-MakersCodeurs+\"   itemscope=\"itemscope\" itemtype=\"https:\/\/schema.org\/CreativeWork\" ><div class='av-inner-masonry-sizer'><\/div><figure class='av-inner-masonry main_color'><div class=\"av-masonry-outerimage-container\"><div class='av-masonry-image-container' style=\"background-image: url(http:\/\/www.ateliersgeeks.com\/wp-content\/uploads\/2021\/08\/4-MakersCodeurs-705x570.png);\"  title=\"4-MakersCodeurs+\" ><\/div><\/div><figcaption class='av-inner-masonry-content site-background'><div class='av-inner-masonry-content-pos'><div class='av-inner-masonry-content-pos-content'><div class='avia-arrow'><\/div><h3 class='av-masonry-entry-title entry-title '  itemprop=\"headline\" >MAKERS CODEURS+ 2021\/2022<\/h3><span class='av-masonry-date meta-color updated'>25 ao\u00fbt 2021<\/span><span class=\"av-masonry-text-sep text-sep-author\">\/<\/span><span class='av-masonry-author meta-color author'><span class='fn'>par Nathalie Lafargue<\/span><\/span><\/div><\/div><\/figcaption><\/figure><\/a><!--end av-masonry entry--><a href=\"http:\/\/www.ateliersgeeks.com\/?p=14865\"  id='av-masonry-1-item-14865' data-av-masonry-item='14865' class='av-masonry-entry isotope-item post-14865 post type-post status-publish format-standard has-post-thumbnail hentry category-2021-2022 category-ateliers-reguliers category-familles tag-inscription  av-masonry-item-with-image' title=\"2022-5C-GamersCodeurs+\"   itemscope=\"itemscope\" itemtype=\"https:\/\/schema.org\/CreativeWork\" ><div class='av-inner-masonry-sizer'><\/div><figure class='av-inner-masonry main_color'><div class=\"av-masonry-outerimage-container\"><div class='av-masonry-image-container' style=\"background-image: url(http:\/\/www.ateliersgeeks.com\/wp-content\/uploads\/2021\/08\/2022-5C-GamersCodeurs-705x570.png);\"  title=\"2022-5C-GamersCodeurs+\" ><\/div><\/div><figcaption class='av-inner-masonry-content site-background'><div class='av-inner-masonry-content-pos'><div class='av-inner-masonry-content-pos-content'><div class='avia-arrow'><\/div><h3 class='av-masonry-entry-title entry-title '  itemprop=\"headline\" >GAMERS CODEURS+ 2021\/2022<\/h3><span class='av-masonry-date meta-color updated'>25 ao\u00fbt 2021<\/span><span class=\"av-masonry-text-sep text-sep-author\">\/<\/span><span class='av-masonry-author meta-color author'><span class='fn'>par Nathalie Lafargue<\/span><\/span><\/div><\/div><\/figcaption><\/figure><\/a><!--end av-masonry entry--><a href=\"http:\/\/www.ateliersgeeks.com\/?p=15229\"  id='av-masonry-1-item-15229' data-av-masonry-item='15229' class='av-masonry-entry isotope-item post-15229 post type-post status-publish format-standard has-post-thumbnail hentry category-2021-2022 category-ateliers-reguliers category-familles tag-derniereplace tag-inscription  av-masonry-item-with-image' title=\"7-SamediCodeurs\"   itemscope=\"itemscope\" itemtype=\"https:\/\/schema.org\/CreativeWork\" ><div class='av-inner-masonry-sizer'><\/div><figure class='av-inner-masonry main_color'><div class=\"av-masonry-outerimage-container\"><div class='av-masonry-image-container' style=\"background-image: url(http:\/\/www.ateliersgeeks.com\/wp-content\/uploads\/2021\/11\/7-SamediCodeurs-705x570.png);\"  title=\"7-SamediCodeurs\" ><\/div><\/div><figcaption class='av-inner-masonry-content site-background'><div class='av-inner-masonry-content-pos'><div class='av-inner-masonry-content-pos-content'><div class='avia-arrow'><\/div><h3 class='av-masonry-entry-title entry-title '  itemprop=\"headline\" >SAMEDI CODEURS 2021\/2022<\/h3><span class='av-masonry-date meta-color updated'>24 octobre 2021<\/span><span class=\"av-masonry-text-sep text-sep-author\">\/<\/span><span class='av-masonry-author meta-color author'><span class='fn'>par Nathalie Lafargue<\/span><\/span><\/div><\/div><\/figcaption><\/figure><\/a><!--end av-masonry entry--><\/div><\/div>\n","protected":false},"excerpt":{"rendered":"","protected":false},"author":1,"featured_media":0,"parent":4802,"menu_order":4,"comment_status":"closed","ping_status":"closed","template":"","meta":{"footnotes":""},"class_list":["post-15774","page","type-page","status-publish","hentry"],"_links":{"self":[{"href":"http:\/\/www.ateliersgeeks.com\/index.php?rest_route=\/wp\/v2\/pages\/15774","targetHints":{"allow":["GET"]}}],"collection":[{"href":"http:\/\/www.ateliersgeeks.com\/index.php?rest_route=\/wp\/v2\/pages"}],"about":[{"href":"http:\/\/www.ateliersgeeks.com\/index.php?rest_route=\/wp\/v2\/types\/page"}],"author":[{"embeddable":true,"href":"http:\/\/www.ateliersgeeks.com\/index.php?rest_route=\/wp\/v2\/users\/1"}],"replies":[{"embeddable":true,"href":"http:\/\/www.ateliersgeeks.com\/index.php?rest_route=%2Fwp%2Fv2%2Fcomments&post=15774"}],"version-history":[{"count":6,"href":"http:\/\/www.ateliersgeeks.com\/index.php?rest_route=\/wp\/v2\/pages\/15774\/revisions"}],"predecessor-version":[{"id":17600,"href":"http:\/\/www.ateliersgeeks.com\/index.php?rest_route=\/wp\/v2\/pages\/15774\/revisions\/17600"}],"up":[{"embeddable":true,"href":"http:\/\/www.ateliersgeeks.com\/index.php?rest_route=\/wp\/v2\/pages\/4802"}],"wp:attachment":[{"href":"http:\/\/www.ateliersgeeks.com\/index.php?rest_route=%2Fwp%2Fv2%2Fmedia&parent=15774"}],"curies":[{"name":"wp","href":"https:\/\/api.w.org\/{rel}","templated":true}]}}