{"id":14306,"date":"2021-06-11T11:08:09","date_gmt":"2021-06-11T09:08:09","guid":{"rendered":"http:\/\/www.ateliersgeeks.com\/?page_id=14306"},"modified":"2024-02-10T09:38:51","modified_gmt":"2024-02-10T08:38:51","slug":"plan-dacces","status":"publish","type":"page","link":"http:\/\/www.ateliersgeeks.com\/?page_id=14306","title":{"rendered":"PLAN D&rsquo;ACC\u00c8S"},"content":{"rendered":"\n<style type=\"text\/css\" data-created_by=\"avia_inline_auto\" id=\"style-css-av-499iphe-aee2a960d84f6c29bde34a95f3b050e3\">\n.flex_column.av-499iphe-aee2a960d84f6c29bde34a95f3b050e3{\nborder-radius:0px 0px 0px 0px;\npadding:0px 0px 0px 0px;\n}\n<\/style>\n<div  class='flex_column av-499iphe-aee2a960d84f6c29bde34a95f3b050e3 av_one_fifth  avia-builder-el-0  el_before_av_three_fifth  avia-builder-el-first  first flex_column_div av-zero-column-padding  '     ><\/div>\n\n<style type=\"text\/css\" data-created_by=\"avia_inline_auto\" id=\"style-css-av-3zdwhuq-de9299997c3669786d960ea7bd0107b8\">\n.flex_column.av-3zdwhuq-de9299997c3669786d960ea7bd0107b8{\nborder-radius:0px 0px 0px 0px;\npadding:0px 0px 0px 0px;\n}\n<\/style>\n<div  class='flex_column av-3zdwhuq-de9299997c3669786d960ea7bd0107b8 av_three_fifth  avia-builder-el-1  el_after_av_one_fifth  el_before_av_one_fifth  flex_column_div av-zero-column-padding  '     ><p>\n<style type=\"text\/css\" data-created_by=\"avia_inline_auto\" id=\"style-css-av-3as82ci-e9af97ebb3631e3b1f3d917912f17450\">\n#top .hr.hr-invisible.av-3as82ci-e9af97ebb3631e3b1f3d917912f17450{\nheight:10px;\n}\n<\/style>\n<div  class='hr av-3as82ci-e9af97ebb3631e3b1f3d917912f17450 hr-invisible  avia-builder-el-2  el_before_av_icon_box  avia-builder-el-first '><span class='hr-inner '><span class=\"hr-inner-style\"><\/span><\/span><\/div><br \/>\n<article  class='iconbox iconbox_top av-lsftpb6s-66db4a1585c4c72150955674a31cd1f5  avia-builder-el-3  el_after_av_hr  el_before_av_google_map  avia-builder-el-last  main_color'  itemscope=\"itemscope\" itemtype=\"https:\/\/schema.org\/CreativeWork\" ><div class=\"iconbox_content\"><header class=\"entry-content-header\" aria-label=\"Ic\u00f4ne : ATELIERS GEEKS\"><div class='iconbox_icon heading-color avia-iconfont avia-font-entypo-fontello' data-av_icon='\ue842' data-av_iconfont='entypo-fontello'  ><\/div><h3 class='iconbox_content_title '  itemprop=\"headline\" >ATELIERS GEEKS<\/h3><\/header><div class='iconbox_content_container '  itemprop=\"text\" ><p style=\"text-align: center;\">Ancien Cyber-Espace<br \/>\n3 rue des Pr\u00e9bendes<br \/>\n(pr\u00e8s de la salle \u00c9my-les-Pr\u00e9s)<br \/>\n95240 Cormeilles-en-Parisis<\/p>\n<\/div><\/div><footer class=\"entry-footer\"><\/footer><\/article><br \/>\n<div  class='av_gmaps_sc_main_wrap av_gmaps_main_wrap '><div id='av_gmap_0' class='avia-google-map-container avia-google-map-sc av_gmaps_show_unconditionally av-no-fallback-img ' data-mapid='av_gmap_0'  style='height: 500px;'><a class=\"av_gmaps_browser_disabled av_text_confirm_link av_text_confirm_link_visible\" href=\"https:\/\/www.google.com\/maps\/search\/?api=1&#038;query=Ateliers%20Geeks%2095240%20CORMEILLES-EN-PARISIS%20%20France\" target=\"_blank\">Les cartes ont \u00e9t\u00e9 d\u00e9sactiv\u00e9es par le visiteur sur ce site. Cliquer pour ouvrir la carte dans une nouvelle fen\u00eatre.<\/a><\/div><\/div><br \/>\n\n<style type=\"text\/css\" data-created_by=\"avia_inline_auto\" id=\"style-css-av-2imjfs2-839a2326210b99f06cd3852e4d7c534a\">\n#top .hr.hr-invisible.av-2imjfs2-839a2326210b99f06cd3852e4d7c534a{\nheight:40px;\n}\n<\/style>\n<div  class='hr av-2imjfs2-839a2326210b99f06cd3852e4d7c534a hr-invisible  avia-builder-el-5  el_after_av_google_map  el_before_av_icon_box  avia-builder-el-first '><span class='hr-inner '><span class=\"hr-inner-style\"><\/span><\/span><\/div><br \/>\n<article  class='iconbox iconbox_top av-2yi1fcy-44b9c904039e9e113949631bbc1abc06  avia-builder-el-6  el_after_av_hr  el_before_av_google_map  avia-builder-el-last  main_color'  itemscope=\"itemscope\" itemtype=\"https:\/\/schema.org\/CreativeWork\" ><div class=\"iconbox_content\"><header class=\"entry-content-header\" aria-label=\"Ic\u00f4ne : STUDIOS 240\"><div class='iconbox_icon heading-color avia-iconfont avia-font-entypo-fontello' data-av_icon='\ue842' data-av_iconfont='entypo-fontello'  ><\/div><h3 class='iconbox_content_title '  itemprop=\"headline\" >STUDIOS 240<\/h3><\/header><div class='iconbox_content_container '  itemprop=\"text\" ><p>94 rue de Saint Germain<br \/>\n95240 Cormeilles-en-Parisis<small><br \/>\n<\/small><\/p>\n<\/div><\/div><footer class=\"entry-footer\"><\/footer><\/article><br \/>\n<div  class='av_gmaps_sc_main_wrap av_gmaps_main_wrap '><div id='av_gmap_1' class='avia-google-map-container avia-google-map-sc av_gmaps_show_unconditionally av-no-fallback-img ' data-mapid='av_gmap_1'  style='height: 500px;'><a class=\"av_gmaps_browser_disabled av_text_confirm_link av_text_confirm_link_visible\" href=\"https:\/\/www.google.com\/maps\/search\/?api=1&#038;query=94%20rue%20de%20Saint-Germain%2095240%20Cormeilles-en-Parisis%20%20France\" target=\"_blank\">Les cartes ont \u00e9t\u00e9 d\u00e9sactiv\u00e9es par le visiteur sur ce site. Cliquer pour ouvrir la carte dans une nouvelle fen\u00eatre.<\/a><\/div><\/div><br \/>\n\n<style type=\"text\/css\" data-created_by=\"avia_inline_auto\" id=\"style-css-av-1p5iuma-cab9699567c7e9e060baaee1d62d58da\">\n#top .hr.hr-invisible.av-1p5iuma-cab9699567c7e9e060baaee1d62d58da{\nheight:40px;\n}\n<\/style>\n<div  class='hr av-1p5iuma-cab9699567c7e9e060baaee1d62d58da hr-invisible  avia-builder-el-8  el_after_av_google_map  el_before_av_icon_box  avia-builder-el-first '><span class='hr-inner '><span class=\"hr-inner-style\"><\/span><\/span><\/div><br \/>\n<article  class='iconbox iconbox_top av-kpti5vwy-311172278756c6762e84513f0cead439  avia-builder-el-9  el_after_av_hr  el_before_av_google_map  avia-builder-el-last  main_color'  itemscope=\"itemscope\" itemtype=\"https:\/\/schema.org\/CreativeWork\" ><div class=\"iconbox_content\"><header class=\"entry-content-header\" aria-label=\"Ic\u00f4ne : PARC SCHLUMBERGER\"><div class='iconbox_icon heading-color avia-iconfont avia-font-entypo-fontello' data-av_icon='\ue842' data-av_iconfont='entypo-fontello'  ><\/div><h3 class='iconbox_content_title '  itemprop=\"headline\" >PARC SCHLUMBERGER<\/h3><\/header><div class='iconbox_content_container '  itemprop=\"text\" ><p>Rue Guy Patin<br \/>\n95240 Cormeilles-en-Parisis<\/p>\n<p style=\"text-align: left;\">C&rsquo;est dans l&rsquo;entr\u00e9e basse du parc que nous vous donnons g\u00e9n\u00e9ralement rendez-vous pour les ateliers en plein air.<\/p>\n<\/div><\/div><footer class=\"entry-footer\"><\/footer><\/article><br \/>\n<div  class='av_gmaps_sc_main_wrap av_gmaps_main_wrap '><div id='av_gmap_2' class='avia-google-map-container avia-google-map-sc av_gmaps_show_unconditionally av-no-fallback-img ' data-mapid='av_gmap_2'  style='height: 500px;'><a class=\"av_gmaps_browser_disabled av_text_confirm_link av_text_confirm_link_visible\" href=\"https:\/\/www.google.com\/maps\/search\/?api=1&#038;query=Parc%20Schlumberger,%20rue%20Guy%20Patin%2095240%20Cormeilles-en-Parisis%20%20France\" target=\"_blank\">Les cartes ont \u00e9t\u00e9 d\u00e9sactiv\u00e9es par le visiteur sur ce site. Cliquer pour ouvrir la carte dans une nouvelle fen\u00eatre.<\/a><\/div><\/div><\/p><\/div>\n<style type=\"text\/css\" data-created_by=\"avia_inline_auto\" id=\"style-css-av-jkxjaa-910ab1fcc492c1d301b1d9b58628ecd4\">\n.flex_column.av-jkxjaa-910ab1fcc492c1d301b1d9b58628ecd4{\nborder-radius:0px 0px 0px 0px;\npadding:0px 0px 0px 0px;\n}\n<\/style>\n<div  class='flex_column av-jkxjaa-910ab1fcc492c1d301b1d9b58628ecd4 av_one_fifth  avia-builder-el-11  el_after_av_three_fifth  avia-builder-el-last  flex_column_div av-zero-column-padding  '     ><\/div><\/p>\n","protected":false},"excerpt":{"rendered":"","protected":false},"author":1,"featured_media":0,"parent":3538,"menu_order":0,"comment_status":"closed","ping_status":"closed","template":"","meta":{"footnotes":""},"class_list":["post-14306","page","type-page","status-publish","hentry"],"_links":{"self":[{"href":"http:\/\/www.ateliersgeeks.com\/index.php?rest_route=\/wp\/v2\/pages\/14306","targetHints":{"allow":["GET"]}}],"collection":[{"href":"http:\/\/www.ateliersgeeks.com\/index.php?rest_route=\/wp\/v2\/pages"}],"about":[{"href":"http:\/\/www.ateliersgeeks.com\/index.php?rest_route=\/wp\/v2\/types\/page"}],"author":[{"embeddable":true,"href":"http:\/\/www.ateliersgeeks.com\/index.php?rest_route=\/wp\/v2\/users\/1"}],"replies":[{"embeddable":true,"href":"http:\/\/www.ateliersgeeks.com\/index.php?rest_route=%2Fwp%2Fv2%2Fcomments&post=14306"}],"version-history":[{"count":6,"href":"http:\/\/www.ateliersgeeks.com\/index.php?rest_route=\/wp\/v2\/pages\/14306\/revisions"}],"predecessor-version":[{"id":14308,"href":"http:\/\/www.ateliersgeeks.com\/index.php?rest_route=\/wp\/v2\/pages\/14306\/revisions\/14308"}],"up":[{"embeddable":true,"href":"http:\/\/www.ateliersgeeks.com\/index.php?rest_route=\/wp\/v2\/pages\/3538"}],"wp:attachment":[{"href":"http:\/\/www.ateliersgeeks.com\/index.php?rest_route=%2Fwp%2Fv2%2Fmedia&parent=14306"}],"curies":[{"name":"wp","href":"https:\/\/api.w.org\/{rel}","templated":true}]}}